{"id":8019,"date":"2021-09-23T23:11:56","date_gmt":"2021-09-23T23:11:56","guid":{"rendered":"https:\/\/www.spanish-cheese.com\/?page_id=8019"},"modified":"2026-04-07T09:16:31","modified_gmt":"2026-04-07T09:16:31","slug":"catalogos","status":"publish","type":"page","link":"https:\/\/spanish-cheese.com\/fr\/catalogos\/","title":{"rendered":"CATALOGUES"},"content":{"rendered":"<div data-elementor-type=\"wp-page\" data-elementor-id=\"8019\" class=\"elementor elementor-8019\" data-elementor-post-type=\"page\">\n\t\t\t\t\t\t<section class=\"elementor-section elementor-top-section elementor-element elementor-element-db6072a elementor-section-stretched elementor-section-height-min-height elementor-section-boxed elementor-section-height-default elementor-section-items-middle\" data-id=\"db6072a\" data-element_type=\"section\" data-e-type=\"section\" data-settings=\"{&quot;stretch_section&quot;:&quot;section-stretched&quot;,&quot;background_background&quot;:&quot;classic&quot;}\">\n\t\t\t\t\t\t<div class=\"elementor-container elementor-column-gap-wider\">\n\t\t\t\t\t<div class=\"elementor-column elementor-col-100 elementor-top-column elementor-element elementor-element-c22401a\" data-id=\"c22401a\" data-element_type=\"column\" data-e-type=\"column\">\n\t\t\t<div class=\"elementor-widget-wrap elementor-element-populated\">\n\t\t\t\t\t\t<div class=\"elementor-element elementor-element-eef93f6 elementor-widget elementor-widget-spacer\" data-id=\"eef93f6\" data-element_type=\"widget\" data-e-type=\"widget\" data-widget_type=\"spacer.default\">\n\t\t\t\t<div class=\"elementor-widget-container\">\n\t\t\t\t\t\t\t<div class=\"elementor-spacer\">\n\t\t\t<div class=\"elementor-spacer-inner\"><\/div>\n\t\t<\/div>\n\t\t\t\t\t\t<\/div>\n\t\t\t\t<\/div>\n\t\t\t\t<section class=\"elementor-section elementor-inner-section elementor-element elementor-element-5ade201 elementor-section-full_width elementor-section-height-default elementor-section-height-default\" data-id=\"5ade201\" data-element_type=\"section\" data-e-type=\"section\">\n\t\t\t\t\t\t<div class=\"elementor-container elementor-column-gap-default\">\n\t\t\t\t\t<div class=\"elementor-column elementor-col-100 elementor-inner-column elementor-element elementor-element-b9b231c\" data-id=\"b9b231c\" data-element_type=\"column\" data-e-type=\"column\">\n\t\t\t<div class=\"elementor-widget-wrap elementor-element-populated\">\n\t\t\t\t\t\t<div class=\"elementor-element elementor-element-a6beefc elementor-widget elementor-widget-image\" data-id=\"a6beefc\" data-element_type=\"widget\" data-e-type=\"widget\" data-widget_type=\"image.default\">\n\t\t\t\t<div class=\"elementor-widget-container\">\n\t\t\t\t\t\t\t\t\t\t\t\t\t\t\t\t<a href=\"https:\/\/spanish-cheese.com\/fr\/catalogo-quesos-2025\/\">\n\t\t\t\t\t\t\t<img fetchpriority=\"high\" decoding=\"async\" width=\"1024\" height=\"730\" src=\"https:\/\/spanish-cheese.com\/wp-content\/uploads\/2026\/04\/PORTADA-CATALOGO-SC-LF-2026-1024x730.jpg\" class=\"attachment-large size-large wp-image-10485\" alt=\"\" srcset=\"https:\/\/spanish-cheese.com\/wp-content\/uploads\/2026\/04\/PORTADA-CATALOGO-SC-LF-2026-1024x730.jpg 1024w, https:\/\/spanish-cheese.com\/wp-content\/uploads\/2026\/04\/PORTADA-CATALOGO-SC-LF-2026-300x214.jpg 300w, https:\/\/spanish-cheese.com\/wp-content\/uploads\/2026\/04\/PORTADA-CATALOGO-SC-LF-2026-768x548.jpg 768w, https:\/\/spanish-cheese.com\/wp-content\/uploads\/2026\/04\/PORTADA-CATALOGO-SC-LF-2026-1536x1096.jpg 1536w, https:\/\/spanish-cheese.com\/wp-content\/uploads\/2026\/04\/PORTADA-CATALOGO-SC-LF-2026-18x12.jpg 18w, https:\/\/spanish-cheese.com\/wp-content\/uploads\/2026\/04\/PORTADA-CATALOGO-SC-LF-2026-700x499.jpg 700w, https:\/\/spanish-cheese.com\/wp-content\/uploads\/2026\/04\/PORTADA-CATALOGO-SC-LF-2026.jpg 1789w\" sizes=\"(max-width: 1024px) 100vw, 1024px\" \/>\t\t\t\t\t\t\t\t<\/a>\n\t\t\t\t\t\t\t\t\t\t\t\t\t\t\t<\/div>\n\t\t\t\t<\/div>\n\t\t\t\t<div class=\"elementor-element elementor-element-fdae2a8 elementor-widget elementor-widget-heading\" data-id=\"fdae2a8\" data-element_type=\"widget\" data-e-type=\"widget\" data-widget_type=\"heading.default\">\n\t\t\t\t<div class=\"elementor-widget-container\">\n\t\t\t\t\t<h2 class=\"elementor-heading-title elementor-size-default\">CAT\u00c1LOGO QUESOS 2026<\/h2>\t\t\t\t<\/div>\n\t\t\t\t<\/div>\n\t\t\t\t\t<\/div>\n\t\t<\/div>\n\t\t\t\t\t<\/div>\n\t\t<\/section>\n\t\t\t\t<section class=\"elementor-section elementor-inner-section elementor-element elementor-element-ffafef6 elementor-section-full_width elementor-section-height-default elementor-section-height-default\" data-id=\"ffafef6\" data-element_type=\"section\" data-e-type=\"section\">\n\t\t\t\t\t\t<div class=\"elementor-container elementor-column-gap-default\">\n\t\t\t\t\t<div class=\"elementor-column elementor-col-50 elementor-inner-column elementor-element elementor-element-12664e9\" data-id=\"12664e9\" data-element_type=\"column\" data-e-type=\"column\">\n\t\t\t<div class=\"elementor-widget-wrap elementor-element-populated\">\n\t\t\t\t\t\t<div class=\"elementor-element elementor-element-c8053a4 elementor-widget elementor-widget-image\" data-id=\"c8053a4\" data-element_type=\"widget\" data-e-type=\"widget\" data-widget_type=\"image.default\">\n\t\t\t\t<div class=\"elementor-widget-container\">\n\t\t\t\t\t\t\t\t\t\t\t\t\t\t\t\t<a href=\"https:\/\/spanish-cheese.com\/fr\/catalogo-embutidos-2023\/\">\n\t\t\t\t\t\t\t<img decoding=\"async\" width=\"749\" height=\"1024\" src=\"https:\/\/spanish-cheese.com\/wp-content\/uploads\/2021\/09\/CATALOGO-EMBUTIDO-2021-749x1024.jpg\" class=\"attachment-large size-large wp-image-8026\" alt=\"\" srcset=\"https:\/\/spanish-cheese.com\/wp-content\/uploads\/2021\/09\/CATALOGO-EMBUTIDO-2021-749x1024.jpg 749w, https:\/\/spanish-cheese.com\/wp-content\/uploads\/2021\/09\/CATALOGO-EMBUTIDO-2021-219x300.jpg 219w, https:\/\/spanish-cheese.com\/wp-content\/uploads\/2021\/09\/CATALOGO-EMBUTIDO-2021-768x1050.jpg 768w, https:\/\/spanish-cheese.com\/wp-content\/uploads\/2021\/09\/CATALOGO-EMBUTIDO-2021-1123x1536.jpg 1123w, https:\/\/spanish-cheese.com\/wp-content\/uploads\/2021\/09\/CATALOGO-EMBUTIDO-2021-9x12.jpg 9w, https:\/\/spanish-cheese.com\/wp-content\/uploads\/2021\/09\/CATALOGO-EMBUTIDO-2021-700x957.jpg 700w, https:\/\/spanish-cheese.com\/wp-content\/uploads\/2021\/09\/CATALOGO-EMBUTIDO-2021.jpg 1142w\" sizes=\"(max-width: 749px) 100vw, 749px\" \/>\t\t\t\t\t\t\t\t<\/a>\n\t\t\t\t\t\t\t\t\t\t\t\t\t\t\t<\/div>\n\t\t\t\t<\/div>\n\t\t\t\t<div class=\"elementor-element elementor-element-a7d56cf elementor-widget elementor-widget-heading\" data-id=\"a7d56cf\" data-element_type=\"widget\" data-e-type=\"widget\" data-widget_type=\"heading.default\">\n\t\t\t\t<div class=\"elementor-widget-container\">\n\t\t\t\t\t<h2 class=\"elementor-heading-title elementor-size-default\">CAT\u00c1LOGO EMBUTIDOS 2026<\/h2>\t\t\t\t<\/div>\n\t\t\t\t<\/div>\n\t\t\t\t\t<\/div>\n\t\t<\/div>\n\t\t\t\t<div class=\"elementor-column elementor-col-50 elementor-inner-column elementor-element elementor-element-008e08d\" data-id=\"008e08d\" data-element_type=\"column\" data-e-type=\"column\">\n\t\t\t<div class=\"elementor-widget-wrap elementor-element-populated\">\n\t\t\t\t\t\t<div class=\"elementor-element elementor-element-a56a480 elementor-widget elementor-widget-image\" data-id=\"a56a480\" data-element_type=\"widget\" data-e-type=\"widget\" data-widget_type=\"image.default\">\n\t\t\t\t<div class=\"elementor-widget-container\">\n\t\t\t\t\t\t\t\t\t\t\t\t\t\t\t\t<a href=\"https:\/\/spanish-cheese.com\/fr\/https:\/\/spanish-cheese.com\/catalogo-navidad-2025\/\">\n\t\t\t\t\t\t\t<img decoding=\"async\" width=\"730\" height=\"1024\" src=\"https:\/\/spanish-cheese.com\/wp-content\/uploads\/2025\/04\/PORTADA-NAVIDAD-2025-730x1024.jpg\" class=\"attachment-large size-large wp-image-10013\" alt=\"\" srcset=\"https:\/\/spanish-cheese.com\/wp-content\/uploads\/2025\/04\/PORTADA-NAVIDAD-2025-730x1024.jpg 730w, https:\/\/spanish-cheese.com\/wp-content\/uploads\/2025\/04\/PORTADA-NAVIDAD-2025-214x300.jpg 214w, https:\/\/spanish-cheese.com\/wp-content\/uploads\/2025\/04\/PORTADA-NAVIDAD-2025-768x1078.jpg 768w, https:\/\/spanish-cheese.com\/wp-content\/uploads\/2025\/04\/PORTADA-NAVIDAD-2025-9x12.jpg 9w, https:\/\/spanish-cheese.com\/wp-content\/uploads\/2025\/04\/PORTADA-NAVIDAD-2025-700x982.jpg 700w, https:\/\/spanish-cheese.com\/wp-content\/uploads\/2025\/04\/PORTADA-NAVIDAD-2025.jpg 850w\" sizes=\"(max-width: 730px) 100vw, 730px\" \/>\t\t\t\t\t\t\t\t<\/a>\n\t\t\t\t\t\t\t\t\t\t\t\t\t\t\t<\/div>\n\t\t\t\t<\/div>\n\t\t\t\t<div class=\"elementor-element elementor-element-05104d4 elementor-widget elementor-widget-heading\" data-id=\"05104d4\" data-element_type=\"widget\" data-e-type=\"widget\" data-widget_type=\"heading.default\">\n\t\t\t\t<div class=\"elementor-widget-container\">\n\t\t\t\t\t<h2 class=\"elementor-heading-title elementor-size-default\">CAT\u00c1LOGO NAVIDAD 2025<\/h2>\t\t\t\t<\/div>\n\t\t\t\t<\/div>\n\t\t\t\t\t<\/div>\n\t\t<\/div>\n\t\t\t\t\t<\/div>\n\t\t<\/section>\n\t\t\t\t<div class=\"elementor-element elementor-element-89109be elementor-widget-divider--view-line elementor-widget elementor-widget-divider\" data-id=\"89109be\" data-element_type=\"widget\" data-e-type=\"widget\" data-widget_type=\"divider.default\">\n\t\t\t\t<div class=\"elementor-widget-container\">\n\t\t\t\t\t\t\t<div class=\"elementor-divider\">\n\t\t\t<span class=\"elementor-divider-separator\">\n\t\t\t\t\t\t<\/span>\n\t\t<\/div>\n\t\t\t\t\t\t<\/div>\n\t\t\t\t<\/div>\n\t\t\t\t<div class=\"elementor-element elementor-element-a663aed elementor-widget elementor-widget-heading\" data-id=\"a663aed\" data-element_type=\"widget\" data-e-type=\"widget\" data-widget_type=\"heading.default\">\n\t\t\t\t<div class=\"elementor-widget-container\">\n\t\t\t\t\t<h2 class=\"elementor-heading-title elementor-size-default\">VERSION COURTE DE LA VID\u00c9O CORPORATIVE<\/h2>\t\t\t\t<\/div>\n\t\t\t\t<\/div>\n\t\t\t\t<div class=\"elementor-element elementor-element-c85890d elementor-widget elementor-widget-image\" data-id=\"c85890d\" data-element_type=\"widget\" data-e-type=\"widget\" data-widget_type=\"image.default\">\n\t\t\t\t<div class=\"elementor-widget-container\">\n\t\t\t\t\t\t\t\t\t\t\t\t\t\t\t\t<a href=\"https:\/\/spanish-cheese.com\/wp-content\/uploads\/SC_LARGO.mp4\" target=\"_blank\">\n\t\t\t\t\t\t\t<img loading=\"lazy\" decoding=\"async\" width=\"1800\" height=\"477\" src=\"https:\/\/spanish-cheese.com\/wp-content\/uploads\/2021\/11\/banner-video-corporativo.jpg\" class=\"attachment-full size-full wp-image-8321\" alt=\"\" srcset=\"https:\/\/spanish-cheese.com\/wp-content\/uploads\/2021\/11\/banner-video-corporativo.jpg 1800w, https:\/\/spanish-cheese.com\/wp-content\/uploads\/2021\/11\/banner-video-corporativo-300x80.jpg 300w, https:\/\/spanish-cheese.com\/wp-content\/uploads\/2021\/11\/banner-video-corporativo-1024x271.jpg 1024w, https:\/\/spanish-cheese.com\/wp-content\/uploads\/2021\/11\/banner-video-corporativo-768x204.jpg 768w, https:\/\/spanish-cheese.com\/wp-content\/uploads\/2021\/11\/banner-video-corporativo-1536x407.jpg 1536w, https:\/\/spanish-cheese.com\/wp-content\/uploads\/2021\/11\/banner-video-corporativo-18x5.jpg 18w, https:\/\/spanish-cheese.com\/wp-content\/uploads\/2021\/11\/banner-video-corporativo-700x186.jpg 700w, https:\/\/spanish-cheese.com\/wp-content\/uploads\/2021\/11\/banner-video-corporativo-20x5.jpg 20w\" sizes=\"(max-width: 1800px) 100vw, 1800px\" \/>\t\t\t\t\t\t\t\t<\/a>\n\t\t\t\t\t\t\t\t\t\t\t\t\t\t\t<\/div>\n\t\t\t\t<\/div>\n\t\t\t\t<div class=\"elementor-element elementor-element-e99db42 elementor-widget elementor-widget-spacer\" data-id=\"e99db42\" data-element_type=\"widget\" data-e-type=\"widget\" data-widget_type=\"spacer.default\">\n\t\t\t\t<div class=\"elementor-widget-container\">\n\t\t\t\t\t\t\t<div class=\"elementor-spacer\">\n\t\t\t<div class=\"elementor-spacer-inner\"><\/div>\n\t\t<\/div>\n\t\t\t\t\t\t<\/div>\n\t\t\t\t<\/div>\n\t\t\t\t\t<\/div>\n\t\t<\/div>\n\t\t\t\t\t<\/div>\n\t\t<\/section>\n\t\t\t\t<\/div>","protected":false},"excerpt":{"rendered":"<p>CAT\u00c1LOGO QUESOS 2026 CAT\u00c1LOGO EMBUTIDOS 2026 CAT\u00c1LOGO NAVIDAD 2025 VIDEO CORPORATIVO VERSI\u00d3N CORTA<\/p>","protected":false},"author":1,"featured_media":0,"parent":0,"menu_order":0,"comment_status":"closed","ping_status":"closed","template":"","meta":{"footnotes":""},"class_list":["post-8019","page","type-page","status-publish","hentry"],"_links":{"self":[{"href":"https:\/\/spanish-cheese.com\/fr\/wp-json\/wp\/v2\/pages\/8019","targetHints":{"allow":["GET"]}}],"collection":[{"href":"https:\/\/spanish-cheese.com\/fr\/wp-json\/wp\/v2\/pages"}],"about":[{"href":"https:\/\/spanish-cheese.com\/fr\/wp-json\/wp\/v2\/types\/page"}],"author":[{"embeddable":true,"href":"https:\/\/spanish-cheese.com\/fr\/wp-json\/wp\/v2\/users\/1"}],"replies":[{"embeddable":true,"href":"https:\/\/spanish-cheese.com\/fr\/wp-json\/wp\/v2\/comments?post=8019"}],"version-history":[{"count":24,"href":"https:\/\/spanish-cheese.com\/fr\/wp-json\/wp\/v2\/pages\/8019\/revisions"}],"predecessor-version":[{"id":10488,"href":"https:\/\/spanish-cheese.com\/fr\/wp-json\/wp\/v2\/pages\/8019\/revisions\/10488"}],"wp:attachment":[{"href":"https:\/\/spanish-cheese.com\/fr\/wp-json\/wp\/v2\/media?parent=8019"}],"curies":[{"name":"wp","href":"https:\/\/api.w.org\/{rel}","templated":true}]}}