{"id":6106,"date":"2021-08-17T07:54:46","date_gmt":"2021-08-17T07:54:46","guid":{"rendered":"https:\/\/www.spanish-cheese.com\/?page_id=6106"},"modified":"2021-09-15T22:12:16","modified_gmt":"2021-09-15T22:12:16","slug":"queso-iberico-tierno","status":"publish","type":"page","link":"https:\/\/spanish-cheese.com\/fr\/queso-iberico-tierno\/","title":{"rendered":"FROMAGE IBERICO TENDRE"},"content":{"rendered":"\t\t<div data-elementor-type=\"wp-page\" data-elementor-id=\"6106\" class=\"elementor elementor-6106\" data-elementor-post-type=\"page\">\n\t\t\t\t\t\t<section class=\"elementor-section elementor-top-section elementor-element elementor-element-285ace09 elementor-section-full_width elementor-section-height-min-height elementor-section-stretched elementor-section-height-default elementor-section-items-middle\" data-id=\"285ace09\" data-element_type=\"section\" data-e-type=\"section\" data-settings=\"{&quot;background_background&quot;:&quot;slideshow&quot;,&quot;background_slideshow_gallery&quot;:[{&quot;id&quot;:4830,&quot;url&quot;:&quot;https:\\\/\\\/spanish-cheese.com\\\/wp-content\\\/uploads\\\/2021\\\/08\\\/FONDO-SPANISH-CHEESE-scaled.jpg&quot;}],&quot;stretch_section&quot;:&quot;section-stretched&quot;,&quot;background_slideshow_loop&quot;:&quot;yes&quot;,&quot;background_slideshow_slide_duration&quot;:5000,&quot;background_slideshow_slide_transition&quot;:&quot;fade&quot;,&quot;background_slideshow_transition_duration&quot;:500}\">\n\t\t\t\t\t\t<div class=\"elementor-container elementor-column-gap-default\">\n\t\t\t\t\t<div class=\"elementor-column elementor-col-100 elementor-top-column elementor-element elementor-element-2ebc5b18\" data-id=\"2ebc5b18\" data-element_type=\"column\" data-e-type=\"column\">\n\t\t\t<div class=\"elementor-widget-wrap elementor-element-populated\">\n\t\t\t\t\t\t<div class=\"elementor-element elementor-element-2a081f34 elementor--h-position-center elementor--v-position-middle elementor-arrows-position-inside elementor-pagination-position-inside elementor-widget elementor-widget-slides\" data-id=\"2a081f34\" data-element_type=\"widget\" data-e-type=\"widget\" data-settings=\"{&quot;navigation&quot;:&quot;both&quot;,&quot;autoplay&quot;:&quot;yes&quot;,&quot;pause_on_hover&quot;:&quot;yes&quot;,&quot;pause_on_interaction&quot;:&quot;yes&quot;,&quot;autoplay_speed&quot;:5000,&quot;infinite&quot;:&quot;yes&quot;,&quot;transition&quot;:&quot;slide&quot;,&quot;transition_speed&quot;:500}\" data-widget_type=\"slides.default\">\n\t\t\t\t<div class=\"elementor-widget-container\">\n\t\t\t\t\t\t\t\t\t<div class=\"elementor-swiper\">\r\n\t\t\t\t\t<div class=\"elementor-slides-wrapper elementor-main-swiper swiper\" role=\"region\" aria-roledescription=\"carousel\" aria-label=\"Slides\" dir=\"ltr\" data-animation=\"fadeInUp\">\r\n\t\t\t\t<div class=\"swiper-wrapper elementor-slides\">\r\n\t\t\t\t\t\t\t\t\t\t<div class=\"elementor-repeater-item-ad74deb swiper-slide\" role=\"group\" aria-roledescription=\"slide\"><div class=\"swiper-slide-bg\" role=\"img\"><\/div><div class=\"elementor-background-overlay\"><\/div><div class=\"swiper-slide-inner\" ><div class=\"swiper-slide-contents\"><div class=\"elementor-slide-heading\">QUESO IB\u00c9RICO TIERNO<\/div><\/div><\/div><\/div>\t\t\t\t<\/div>\r\n\t\t\t\t\t\t\t<\/div>\r\n\t\t\t\t<\/div>\r\n\t\t\t\t\t\t\t\t<\/div>\n\t\t\t\t<\/div>\n\t\t\t\t\t<\/div>\n\t\t<\/div>\n\t\t\t\t\t<\/div>\n\t\t<\/section>\n\t\t\t\t<section class=\"elementor-section elementor-top-section elementor-element elementor-element-194438d elementor-section-height-min-height elementor-section-stretched elementor-section-items-top elementor-section-boxed elementor-section-height-default\" data-id=\"194438d\" data-element_type=\"section\" data-e-type=\"section\" data-settings=\"{&quot;background_background&quot;:&quot;slideshow&quot;,&quot;background_slideshow_gallery&quot;:[{&quot;id&quot;:4830,&quot;url&quot;:&quot;https:\\\/\\\/spanish-cheese.com\\\/wp-content\\\/uploads\\\/2021\\\/08\\\/FONDO-SPANISH-CHEESE-scaled.jpg&quot;}],&quot;stretch_section&quot;:&quot;section-stretched&quot;,&quot;background_slideshow_loop&quot;:&quot;yes&quot;,&quot;background_slideshow_slide_duration&quot;:5000,&quot;background_slideshow_slide_transition&quot;:&quot;fade&quot;,&quot;background_slideshow_transition_duration&quot;:500}\">\n\t\t\t\t\t\t<div class=\"elementor-container elementor-column-gap-default\">\n\t\t\t\t\t<div class=\"elementor-column elementor-col-50 elementor-top-column elementor-element elementor-element-50ccee83\" data-id=\"50ccee83\" data-element_type=\"column\" data-e-type=\"column\">\n\t\t\t<div class=\"elementor-widget-wrap elementor-element-populated\">\n\t\t\t\t\t\t<div class=\"elementor-element elementor-element-28511c17 elementor-nav-menu--dropdown-tablet elementor-nav-menu__text-align-aside elementor-invisible elementor-widget elementor-widget-nav-menu\" data-id=\"28511c17\" data-element_type=\"widget\" data-e-type=\"widget\" data-settings=\"{&quot;layout&quot;:&quot;vertical&quot;,&quot;_animation&quot;:&quot;fadeIn&quot;,&quot;submenu_icon&quot;:{&quot;value&quot;:&quot;&lt;i class=\\&quot;fas fa-chevron-down\\&quot;&gt;&lt;\\\/i&gt;&quot;,&quot;library&quot;:&quot;fa-solid&quot;}}\" data-widget_type=\"nav-menu.default\">\n\t\t\t\t<div class=\"elementor-widget-container\">\n\t\t\t\t\t\t\t\t<nav aria-label=\"Menu\" class=\"elementor-nav-menu--main elementor-nav-menu__container elementor-nav-menu--layout-vertical e--pointer-text e--animation-float\">\r\n\t\t\t\t<ul id=\"menu-1-28511c17\" class=\"elementor-nav-menu sm-vertical\"><li class=\"menu-item menu-item-type-post_type menu-item-object-page menu-item-5428\"><a href=\"https:\/\/spanish-cheese.com\/fr\/queso-manchego-d-o-p\/\" class=\"elementor-item\">QUESO MANCHEGO D.O.P.<\/a><\/li>\n<li class=\"menu-item menu-item-type-post_type menu-item-object-page menu-item-8613\"><a href=\"https:\/\/spanish-cheese.com\/fr\/queso-brie-con-trufa\/\" class=\"elementor-item\">QUESO BRIE CON TRUFA<\/a><\/li>\n<li class=\"menu-item menu-item-type-post_type menu-item-object-page menu-item-5462\"><a href=\"https:\/\/spanish-cheese.com\/fr\/quesos-de-oveja-2\/\" class=\"elementor-item\">QUESOS DE OVEJA<\/a><\/li>\n<li class=\"menu-item menu-item-type-post_type menu-item-object-page menu-item-5495\"><a href=\"https:\/\/spanish-cheese.com\/fr\/quesos-de-cabra-2\/\" class=\"elementor-item\">QUESOS DE CABRA<\/a><\/li>\n<li class=\"menu-item menu-item-type-post_type menu-item-object-page menu-item-5494\"><a href=\"https:\/\/spanish-cheese.com\/fr\/queso-iberico-2\/\" class=\"elementor-item\">QUESO IB\u00c9RICO<\/a><\/li>\n<li class=\"menu-item menu-item-type-post_type menu-item-object-page menu-item-5582\"><a href=\"https:\/\/spanish-cheese.com\/fr\/tapas-2\/\" class=\"elementor-item\">TAPAS<\/a><\/li>\n<li class=\"menu-item menu-item-type-post_type menu-item-object-page menu-item-5578\"><a href=\"https:\/\/spanish-cheese.com\/fr\/cremas\/\" class=\"elementor-item\">CREMAS DE QUESO UNTABLE<\/a><\/li>\n<li class=\"menu-item menu-item-type-post_type menu-item-object-page menu-item-5581\"><a href=\"https:\/\/spanish-cheese.com\/fr\/bandejas-2\/\" class=\"elementor-item\">BANDEJAS<\/a><\/li>\n<li class=\"menu-item menu-item-type-post_type menu-item-object-page menu-item-10075\"><a href=\"https:\/\/spanish-cheese.com\/fr\/estuches-premium\/\" class=\"elementor-item\">ESTUCHES PREMIUM<\/a><\/li>\n<li class=\"menu-item menu-item-type-post_type menu-item-object-page menu-item-10127\"><a href=\"https:\/\/spanish-cheese.com\/fr\/piramides\/\" class=\"elementor-item\">PIRAMIDES<\/a><\/li>\n<li class=\"menu-item menu-item-type-post_type menu-item-object-page menu-item-5579\"><a href=\"https:\/\/spanish-cheese.com\/fr\/d-o-p-espanolas\/\" class=\"elementor-item\">ESPECIALIDADES ESPA\u00d1OLAS<\/a><\/li>\n<li class=\"menu-item menu-item-type-post_type menu-item-object-page menu-item-5577\"><a href=\"https:\/\/spanish-cheese.com\/fr\/acompanamientos-2\/\" class=\"elementor-item\">ACOMPA\u00d1AMIENTOS<\/a><\/li>\n<li class=\"menu-item menu-item-type-post_type menu-item-object-page menu-item-5576\"><a href=\"https:\/\/spanish-cheese.com\/fr\/otros-productos-2\/\" class=\"elementor-item\">OTROS PRODUCTOS<\/a><\/li>\n<\/ul>\t\t\t<\/nav>\r\n\t\t\t\t\t\t<nav class=\"elementor-nav-menu--dropdown elementor-nav-menu__container\" aria-hidden=\"true\">\r\n\t\t\t\t<ul id=\"menu-2-28511c17\" class=\"elementor-nav-menu sm-vertical\"><li class=\"menu-item menu-item-type-post_type menu-item-object-page menu-item-5428\"><a href=\"https:\/\/spanish-cheese.com\/fr\/queso-manchego-d-o-p\/\" class=\"elementor-item\" tabindex=\"-1\">QUESO MANCHEGO D.O.P.<\/a><\/li>\n<li class=\"menu-item menu-item-type-post_type menu-item-object-page menu-item-8613\"><a href=\"https:\/\/spanish-cheese.com\/fr\/queso-brie-con-trufa\/\" class=\"elementor-item\" tabindex=\"-1\">QUESO BRIE CON TRUFA<\/a><\/li>\n<li class=\"menu-item menu-item-type-post_type menu-item-object-page menu-item-5462\"><a href=\"https:\/\/spanish-cheese.com\/fr\/quesos-de-oveja-2\/\" class=\"elementor-item\" tabindex=\"-1\">QUESOS DE OVEJA<\/a><\/li>\n<li class=\"menu-item menu-item-type-post_type menu-item-object-page menu-item-5495\"><a href=\"https:\/\/spanish-cheese.com\/fr\/quesos-de-cabra-2\/\" class=\"elementor-item\" tabindex=\"-1\">QUESOS DE CABRA<\/a><\/li>\n<li class=\"menu-item menu-item-type-post_type menu-item-object-page menu-item-5494\"><a href=\"https:\/\/spanish-cheese.com\/fr\/queso-iberico-2\/\" class=\"elementor-item\" tabindex=\"-1\">QUESO IB\u00c9RICO<\/a><\/li>\n<li class=\"menu-item menu-item-type-post_type menu-item-object-page menu-item-5582\"><a href=\"https:\/\/spanish-cheese.com\/fr\/tapas-2\/\" class=\"elementor-item\" tabindex=\"-1\">TAPAS<\/a><\/li>\n<li class=\"menu-item menu-item-type-post_type menu-item-object-page menu-item-5578\"><a href=\"https:\/\/spanish-cheese.com\/fr\/cremas\/\" class=\"elementor-item\" tabindex=\"-1\">CREMAS DE QUESO UNTABLE<\/a><\/li>\n<li class=\"menu-item menu-item-type-post_type menu-item-object-page menu-item-5581\"><a href=\"https:\/\/spanish-cheese.com\/fr\/bandejas-2\/\" class=\"elementor-item\" tabindex=\"-1\">BANDEJAS<\/a><\/li>\n<li class=\"menu-item menu-item-type-post_type menu-item-object-page menu-item-10075\"><a href=\"https:\/\/spanish-cheese.com\/fr\/estuches-premium\/\" class=\"elementor-item\" tabindex=\"-1\">ESTUCHES PREMIUM<\/a><\/li>\n<li class=\"menu-item menu-item-type-post_type menu-item-object-page menu-item-10127\"><a href=\"https:\/\/spanish-cheese.com\/fr\/piramides\/\" class=\"elementor-item\" tabindex=\"-1\">PIRAMIDES<\/a><\/li>\n<li class=\"menu-item menu-item-type-post_type menu-item-object-page menu-item-5579\"><a href=\"https:\/\/spanish-cheese.com\/fr\/d-o-p-espanolas\/\" class=\"elementor-item\" tabindex=\"-1\">ESPECIALIDADES ESPA\u00d1OLAS<\/a><\/li>\n<li class=\"menu-item menu-item-type-post_type menu-item-object-page menu-item-5577\"><a href=\"https:\/\/spanish-cheese.com\/fr\/acompanamientos-2\/\" class=\"elementor-item\" tabindex=\"-1\">ACOMPA\u00d1AMIENTOS<\/a><\/li>\n<li class=\"menu-item menu-item-type-post_type menu-item-object-page menu-item-5576\"><a href=\"https:\/\/spanish-cheese.com\/fr\/otros-productos-2\/\" class=\"elementor-item\" tabindex=\"-1\">OTROS PRODUCTOS<\/a><\/li>\n<\/ul>\t\t\t<\/nav>\r\n\t\t\t\t\t\t<\/div>\n\t\t\t\t<\/div>\n\t\t\t\t\t<\/div>\n\t\t<\/div>\n\t\t\t\t<div class=\"elementor-column elementor-col-50 elementor-top-column elementor-element elementor-element-644eabb\" data-id=\"644eabb\" data-element_type=\"column\" data-e-type=\"column\">\n\t\t\t<div class=\"elementor-widget-wrap elementor-element-populated\">\n\t\t\t\t\t\t<div class=\"elementor-element elementor-element-59a1e7c5 elementor-widget elementor-widget-text-editor\" data-id=\"59a1e7c5\" data-element_type=\"widget\" data-e-type=\"widget\" data-widget_type=\"text-editor.default\">\n\t\t\t\t<div class=\"elementor-widget-container\">\n\t\t\t\t\t\t\t\t\t<p>Queso elaborado con leche pasteurizada de vaca, oveja y cabra con una curaci\u00f3n de un mes. Pasta dura, prensada y compacta pese a su baja curaci\u00f3n. Color interior blanco, corteza blanca y sabor suave.<\/p>\t\t\t\t\t\t\t\t<\/div>\n\t\t\t\t<\/div>\n\t\t\t\t<section class=\"elementor-section elementor-inner-section elementor-element elementor-element-40602446 elementor-section-boxed elementor-section-height-default elementor-section-height-default\" data-id=\"40602446\" data-element_type=\"section\" data-e-type=\"section\">\n\t\t\t\t\t\t<div class=\"elementor-container elementor-column-gap-default\">\n\t\t\t\t\t<div class=\"elementor-column elementor-col-33 elementor-inner-column elementor-element elementor-element-4321b379\" data-id=\"4321b379\" data-element_type=\"column\" data-e-type=\"column\">\n\t\t\t<div class=\"elementor-widget-wrap elementor-element-populated\">\n\t\t\t\t\t\t<div class=\"elementor-element elementor-element-51306f2b elementor-widget elementor-widget-image\" data-id=\"51306f2b\" data-element_type=\"widget\" data-e-type=\"widget\" data-widget_type=\"image.default\">\n\t\t\t\t<div class=\"elementor-widget-container\">\n\t\t\t\t\t\t\t\t\t\t\t\t\t\t\t\t<a href=\"https:\/\/spanish-cheese.com\/wp-content\/uploads\/2021\/08\/IBERICO-LA-LEYENDA-1-MES-3-KG.png\" data-elementor-open-lightbox=\"yes\" data-elementor-lightbox-title=\"IBERICO LA LEYENDA 1 MES 3 KG\" data-e-action-hash=\"#elementor-action%3Aaction%3Dlightbox%26settings%3DeyJpZCI6NDU5NSwidXJsIjoiaHR0cHM6XC9cL3NwYW5pc2gtY2hlZXNlLmNvbVwvd3AtY29udGVudFwvdXBsb2Fkc1wvMjAyMVwvMDhcL0lCRVJJQ08tTEEtTEVZRU5EQS0xLU1FUy0zLUtHLnBuZyJ9\">\n\t\t\t\t\t\t\t<img fetchpriority=\"high\" decoding=\"async\" width=\"1000\" height=\"1000\" src=\"https:\/\/spanish-cheese.com\/wp-content\/uploads\/2021\/08\/IBERICO-LA-LEYENDA-1-MES-3-KG.png\" class=\"attachment-large size-large wp-image-4595\" alt=\"\" srcset=\"https:\/\/spanish-cheese.com\/wp-content\/uploads\/2021\/08\/IBERICO-LA-LEYENDA-1-MES-3-KG.png 1000w, https:\/\/spanish-cheese.com\/wp-content\/uploads\/2021\/08\/IBERICO-LA-LEYENDA-1-MES-3-KG-300x300.png 300w, https:\/\/spanish-cheese.com\/wp-content\/uploads\/2021\/08\/IBERICO-LA-LEYENDA-1-MES-3-KG-150x150.png 150w, https:\/\/spanish-cheese.com\/wp-content\/uploads\/2021\/08\/IBERICO-LA-LEYENDA-1-MES-3-KG-768x768.png 768w, https:\/\/spanish-cheese.com\/wp-content\/uploads\/2021\/08\/IBERICO-LA-LEYENDA-1-MES-3-KG-570x570.png 570w, https:\/\/spanish-cheese.com\/wp-content\/uploads\/2021\/08\/IBERICO-LA-LEYENDA-1-MES-3-KG-500x500.png 500w, https:\/\/spanish-cheese.com\/wp-content\/uploads\/2021\/08\/IBERICO-LA-LEYENDA-1-MES-3-KG-700x700.png 700w, https:\/\/spanish-cheese.com\/wp-content\/uploads\/2021\/08\/IBERICO-LA-LEYENDA-1-MES-3-KG-600x600.png 600w, https:\/\/spanish-cheese.com\/wp-content\/uploads\/2021\/08\/IBERICO-LA-LEYENDA-1-MES-3-KG-100x100.png 100w, https:\/\/spanish-cheese.com\/wp-content\/uploads\/2021\/08\/IBERICO-LA-LEYENDA-1-MES-3-KG-64x64.png 64w\" sizes=\"(max-width: 1000px) 100vw, 1000px\" \/>\t\t\t\t\t\t\t\t<\/a>\n\t\t\t\t\t\t\t\t\t\t\t\t\t\t\t<\/div>\n\t\t\t\t<\/div>\n\t\t\t\t<div class=\"elementor-element elementor-element-16b797ec elementor-widget elementor-widget-text-editor\" data-id=\"16b797ec\" data-element_type=\"widget\" data-e-type=\"widget\" data-widget_type=\"text-editor.default\">\n\t\t\t\t<div class=\"elementor-widget-container\">\n\t\t\t\t\t\t\t\t\t<p style=\"font-size:17px;text-align: center;\"><strong>3 kg<\/strong><\/p>\t\t\t\t\t\t\t\t<\/div>\n\t\t\t\t<\/div>\n\t\t\t\t\t<\/div>\n\t\t<\/div>\n\t\t\t\t<div class=\"elementor-column elementor-col-33 elementor-inner-column elementor-element elementor-element-266eb53\" data-id=\"266eb53\" data-element_type=\"column\" data-e-type=\"column\">\n\t\t\t<div class=\"elementor-widget-wrap elementor-element-populated\">\n\t\t\t\t\t\t<div class=\"elementor-element elementor-element-e6c59d8 elementor-widget elementor-widget-image\" data-id=\"e6c59d8\" data-element_type=\"widget\" data-e-type=\"widget\" data-widget_type=\"image.default\">\n\t\t\t\t<div class=\"elementor-widget-container\">\n\t\t\t\t\t\t\t\t\t\t\t\t\t\t\t\t<a href=\"https:\/\/spanish-cheese.com\/wp-content\/uploads\/2021\/08\/IBERICO-LA-LEYENDA-1-MES-3-KG.png\" data-elementor-open-lightbox=\"yes\" data-elementor-lightbox-title=\"IBERICO LA LEYENDA 1 MES 3 KG\" data-e-action-hash=\"#elementor-action%3Aaction%3Dlightbox%26settings%3DeyJpZCI6NDU5NSwidXJsIjoiaHR0cHM6XC9cL3NwYW5pc2gtY2hlZXNlLmNvbVwvd3AtY29udGVudFwvdXBsb2Fkc1wvMjAyMVwvMDhcL0lCRVJJQ08tTEEtTEVZRU5EQS0xLU1FUy0zLUtHLnBuZyJ9\">\n\t\t\t\t\t\t\t<img fetchpriority=\"high\" decoding=\"async\" width=\"1000\" height=\"1000\" src=\"https:\/\/spanish-cheese.com\/wp-content\/uploads\/2021\/08\/IBERICO-LA-LEYENDA-1-MES-3-KG.png\" class=\"attachment-large size-large wp-image-4595\" alt=\"\" srcset=\"https:\/\/spanish-cheese.com\/wp-content\/uploads\/2021\/08\/IBERICO-LA-LEYENDA-1-MES-3-KG.png 1000w, https:\/\/spanish-cheese.com\/wp-content\/uploads\/2021\/08\/IBERICO-LA-LEYENDA-1-MES-3-KG-300x300.png 300w, https:\/\/spanish-cheese.com\/wp-content\/uploads\/2021\/08\/IBERICO-LA-LEYENDA-1-MES-3-KG-150x150.png 150w, https:\/\/spanish-cheese.com\/wp-content\/uploads\/2021\/08\/IBERICO-LA-LEYENDA-1-MES-3-KG-768x768.png 768w, https:\/\/spanish-cheese.com\/wp-content\/uploads\/2021\/08\/IBERICO-LA-LEYENDA-1-MES-3-KG-570x570.png 570w, https:\/\/spanish-cheese.com\/wp-content\/uploads\/2021\/08\/IBERICO-LA-LEYENDA-1-MES-3-KG-500x500.png 500w, https:\/\/spanish-cheese.com\/wp-content\/uploads\/2021\/08\/IBERICO-LA-LEYENDA-1-MES-3-KG-700x700.png 700w, https:\/\/spanish-cheese.com\/wp-content\/uploads\/2021\/08\/IBERICO-LA-LEYENDA-1-MES-3-KG-600x600.png 600w, https:\/\/spanish-cheese.com\/wp-content\/uploads\/2021\/08\/IBERICO-LA-LEYENDA-1-MES-3-KG-100x100.png 100w, https:\/\/spanish-cheese.com\/wp-content\/uploads\/2021\/08\/IBERICO-LA-LEYENDA-1-MES-3-KG-64x64.png 64w\" sizes=\"(max-width: 1000px) 100vw, 1000px\" \/>\t\t\t\t\t\t\t\t<\/a>\n\t\t\t\t\t\t\t\t\t\t\t\t\t\t\t<\/div>\n\t\t\t\t<\/div>\n\t\t\t\t<div class=\"elementor-element elementor-element-80452c8 elementor-widget elementor-widget-text-editor\" data-id=\"80452c8\" data-element_type=\"widget\" data-e-type=\"widget\" data-widget_type=\"text-editor.default\">\n\t\t\t\t<div class=\"elementor-widget-container\">\n\t\t\t\t\t\t\t\t\t<p style=\"font-size: 17px; text-align: center;\"><strong>1 kg<\/strong><\/p>\t\t\t\t\t\t\t\t<\/div>\n\t\t\t\t<\/div>\n\t\t\t\t\t<\/div>\n\t\t<\/div>\n\t\t\t\t<div class=\"elementor-column elementor-col-33 elementor-inner-column elementor-element elementor-element-6a226c2b\" data-id=\"6a226c2b\" data-element_type=\"column\" data-e-type=\"column\">\n\t\t\t<div class=\"elementor-widget-wrap elementor-element-populated\">\n\t\t\t\t\t\t<div class=\"elementor-element elementor-element-398b636f elementor-widget elementor-widget-image\" data-id=\"398b636f\" data-element_type=\"widget\" data-e-type=\"widget\" data-widget_type=\"image.default\">\n\t\t\t\t<div class=\"elementor-widget-container\">\n\t\t\t\t\t\t\t\t\t\t\t\t\t\t\t\t<a href=\"https:\/\/spanish-cheese.com\/wp-content\/uploads\/2021\/08\/IBERICO-LA-LEYENDA-1-MES-CUN\u0303A.png\" data-elementor-open-lightbox=\"yes\" data-elementor-lightbox-title=\"IBERICO LA LEYENDA 1 MES CUN\u0303A\" data-e-action-hash=\"#elementor-action%3Aaction%3Dlightbox%26settings%3DeyJpZCI6NjExNSwidXJsIjoiaHR0cHM6XC9cL3NwYW5pc2gtY2hlZXNlLmNvbVwvd3AtY29udGVudFwvdXBsb2Fkc1wvMjAyMVwvMDhcL0lCRVJJQ08tTEEtTEVZRU5EQS0xLU1FUy1DVU5cdTAzMDNBLnBuZyJ9\">\n\t\t\t\t\t\t\t<img decoding=\"async\" src=\"https:\/\/spanish-cheese.com\/wp-content\/uploads\/elementor\/thumbs\/IBERICO-LA-LEYENDA-1-MES-CUN\u0303A-r82tz9p0dlu0dg0an679a7dx4rhsx6vnyr5nzo22t4.png\" title=\"IBERICO LA LEYENDA 1 MES CUN\u0303A\" alt=\"IBERICO LA LEYENDA 1 MES CUN\u0303A\" loading=\"lazy\" \/>\t\t\t\t\t\t\t\t<\/a>\n\t\t\t\t\t\t\t\t\t\t\t\t\t\t\t<\/div>\n\t\t\t\t<\/div>\n\t\t\t\t<div class=\"elementor-element elementor-element-6fd93168 elementor-widget elementor-widget-text-editor\" data-id=\"6fd93168\" data-element_type=\"widget\" data-e-type=\"widget\" data-widget_type=\"text-editor.default\">\n\t\t\t\t<div class=\"elementor-widget-container\">\n\t\t\t\t\t\t\t\t\t<p style=\"font-size:17px;text-align: center;\"><strong>Cu\u00f1a<\/strong><\/p>\t\t\t\t\t\t\t\t<\/div>\n\t\t\t\t<\/div>\n\t\t\t\t\t<\/div>\n\t\t<\/div>\n\t\t\t\t\t<\/div>\n\t\t<\/section>\n\t\t\t\t<div class=\"elementor-element elementor-element-473bf48b elementor-widget elementor-widget-spacer\" data-id=\"473bf48b\" data-element_type=\"widget\" data-e-type=\"widget\" data-widget_type=\"spacer.default\">\n\t\t\t\t<div class=\"elementor-widget-container\">\n\t\t\t\t\t\t\t<div class=\"elementor-spacer\">\n\t\t\t<div class=\"elementor-spacer-inner\"><\/div>\n\t\t<\/div>\n\t\t\t\t\t\t<\/div>\n\t\t\t\t<\/div>\n\t\t\t\t\t<\/div>\n\t\t<\/div>\n\t\t\t\t\t<\/div>\n\t\t<\/section>\n\t\t\t\t<\/div>\n\t\t","protected":false},"excerpt":{"rendered":"<p>QUESO IB\u00c9RICO TIERNO Queso elaborado con leche pasteurizada de vaca, oveja y cabra con una curaci\u00f3n de un mes. Pasta dura, prensada y compacta pese a su baja curaci\u00f3n. Color interior blanco, corteza blanca y sabor suave. 3 kg 1 kg Cu\u00f1a<\/p>","protected":false},"author":1,"featured_media":0,"parent":0,"menu_order":0,"comment_status":"closed","ping_status":"closed","template":"","meta":{"footnotes":""},"class_list":["post-6106","page","type-page","status-publish","hentry"],"_links":{"self":[{"href":"https:\/\/spanish-cheese.com\/fr\/wp-json\/wp\/v2\/pages\/6106","targetHints":{"allow":["GET"]}}],"collection":[{"href":"https:\/\/spanish-cheese.com\/fr\/wp-json\/wp\/v2\/pages"}],"about":[{"href":"https:\/\/spanish-cheese.com\/fr\/wp-json\/wp\/v2\/types\/page"}],"author":[{"embeddable":true,"href":"https:\/\/spanish-cheese.com\/fr\/wp-json\/wp\/v2\/users\/1"}],"replies":[{"embeddable":true,"href":"https:\/\/spanish-cheese.com\/fr\/wp-json\/wp\/v2\/comments?post=6106"}],"version-history":[{"count":0,"href":"https:\/\/spanish-cheese.com\/fr\/wp-json\/wp\/v2\/pages\/6106\/revisions"}],"wp:attachment":[{"href":"https:\/\/spanish-cheese.com\/fr\/wp-json\/wp\/v2\/media?parent=6106"}],"curies":[{"name":"wp","href":"https:\/\/api.w.org\/{rel}","templated":true}]}}