{"id":5853,"date":"2021-08-16T19:36:22","date_gmt":"2021-08-16T19:36:22","guid":{"rendered":"https:\/\/www.spanish-cheese.com\/?page_id=5853"},"modified":"2023-09-28T10:56:32","modified_gmt":"2023-09-28T10:56:32","slug":"manchego-d-o-p-12-meses","status":"publish","type":"page","link":"https:\/\/spanish-cheese.com\/fr\/manchego-d-o-p-12-meses\/","title":{"rendered":"MANCHEGO D.O.P. A\u00d1EJO 12 MESES"},"content":{"rendered":"\t\t<div data-elementor-type=\"wp-page\" data-elementor-id=\"5853\" class=\"elementor elementor-5853\" data-elementor-post-type=\"page\">\n\t\t\t\t\t\t<section class=\"elementor-section elementor-top-section elementor-element elementor-element-5d745522 elementor-section-boxed elementor-section-height-default elementor-section-height-default\" data-id=\"5d745522\" data-element_type=\"section\" data-e-type=\"section\">\n\t\t\t\t\t\t<div class=\"elementor-container elementor-column-gap-default\">\n\t\t\t\t\t<div class=\"elementor-column elementor-col-100 elementor-top-column elementor-element elementor-element-40e497a8\" data-id=\"40e497a8\" data-element_type=\"column\" data-e-type=\"column\">\n\t\t\t<div class=\"elementor-widget-wrap elementor-element-populated\">\n\t\t\t\t\t\t<div class=\"elementor-element elementor-element-6d9f5687 elementor-widget elementor-widget-text-editor\" data-id=\"6d9f5687\" data-element_type=\"widget\" data-e-type=\"widget\" data-widget_type=\"text-editor.default\">\n\t\t\t\t<div class=\"elementor-widget-container\">\n\t\t\t\t\t\t\t\t\t\n<h2 class=\"wp-block-heading\"><\/h2>\n\t\t\t\t\t\t\t\t<\/div>\n\t\t\t\t<\/div>\n\t\t\t\t\t<\/div>\n\t\t<\/div>\n\t\t\t\t\t<\/div>\n\t\t<\/section>\n\t\t\t\t<section class=\"elementor-section elementor-top-section elementor-element elementor-element-181c711d elementor-section-full_width elementor-section-height-min-height elementor-section-stretched elementor-section-height-default elementor-section-items-middle\" data-id=\"181c711d\" data-element_type=\"section\" data-e-type=\"section\" data-settings=\"{&quot;background_background&quot;:&quot;slideshow&quot;,&quot;background_slideshow_gallery&quot;:[{&quot;id&quot;:4830,&quot;url&quot;:&quot;https:\\\/\\\/spanish-cheese.com\\\/wp-content\\\/uploads\\\/2021\\\/08\\\/FONDO-SPANISH-CHEESE-scaled.jpg&quot;}],&quot;stretch_section&quot;:&quot;section-stretched&quot;,&quot;background_slideshow_loop&quot;:&quot;yes&quot;,&quot;background_slideshow_slide_duration&quot;:5000,&quot;background_slideshow_slide_transition&quot;:&quot;fade&quot;,&quot;background_slideshow_transition_duration&quot;:500}\">\n\t\t\t\t\t\t<div class=\"elementor-container elementor-column-gap-default\">\n\t\t\t\t\t<div class=\"elementor-column elementor-col-100 elementor-top-column elementor-element elementor-element-234d2cea\" data-id=\"234d2cea\" data-element_type=\"column\" data-e-type=\"column\">\n\t\t\t<div class=\"elementor-widget-wrap elementor-element-populated\">\n\t\t\t\t\t\t<div class=\"elementor-element elementor-element-392f8889 elementor--h-position-center elementor--v-position-middle elementor-arrows-position-inside elementor-pagination-position-inside elementor-widget elementor-widget-slides\" data-id=\"392f8889\" data-element_type=\"widget\" data-e-type=\"widget\" data-settings=\"{&quot;navigation&quot;:&quot;both&quot;,&quot;autoplay&quot;:&quot;yes&quot;,&quot;pause_on_hover&quot;:&quot;yes&quot;,&quot;pause_on_interaction&quot;:&quot;yes&quot;,&quot;autoplay_speed&quot;:5000,&quot;infinite&quot;:&quot;yes&quot;,&quot;transition&quot;:&quot;slide&quot;,&quot;transition_speed&quot;:500}\" data-widget_type=\"slides.default\">\n\t\t\t\t<div class=\"elementor-widget-container\">\n\t\t\t\t\t\t\t\t\t<div class=\"elementor-swiper\">\r\n\t\t\t\t\t<div class=\"elementor-slides-wrapper elementor-main-swiper swiper\" role=\"region\" aria-roledescription=\"carousel\" aria-label=\"Diapositivas\" dir=\"ltr\" data-animation=\"fadeInUp\">\r\n\t\t\t\t<div class=\"swiper-wrapper elementor-slides\">\r\n\t\t\t\t\t\t\t\t\t\t<div class=\"elementor-repeater-item-ad74deb swiper-slide\" role=\"group\" aria-roledescription=\"slide\"><div class=\"swiper-slide-bg\" role=\"img\"><\/div><div class=\"elementor-background-overlay\"><\/div><div class=\"swiper-slide-inner\" ><div class=\"swiper-slide-contents\"><div class=\"elementor-slide-heading\">MANCHEGO D.O.P. <\/div><div class=\"elementor-slide-description\"> 12 MESES<\/div><\/div><\/div><\/div>\t\t\t\t<\/div>\r\n\t\t\t\t\t\t\t<\/div>\r\n\t\t\t\t<\/div>\r\n\t\t\t\t\t\t\t\t<\/div>\n\t\t\t\t<\/div>\n\t\t\t\t\t<\/div>\n\t\t<\/div>\n\t\t\t\t\t<\/div>\n\t\t<\/section>\n\t\t\t\t<section class=\"elementor-section elementor-top-section elementor-element elementor-element-15ca73fd elementor-section-height-min-height elementor-section-stretched elementor-section-items-top elementor-section-boxed elementor-section-height-default\" data-id=\"15ca73fd\" data-element_type=\"section\" data-e-type=\"section\" data-settings=\"{&quot;background_background&quot;:&quot;slideshow&quot;,&quot;background_slideshow_gallery&quot;:[{&quot;id&quot;:4830,&quot;url&quot;:&quot;https:\\\/\\\/spanish-cheese.com\\\/wp-content\\\/uploads\\\/2021\\\/08\\\/FONDO-SPANISH-CHEESE-scaled.jpg&quot;}],&quot;stretch_section&quot;:&quot;section-stretched&quot;,&quot;background_slideshow_loop&quot;:&quot;yes&quot;,&quot;background_slideshow_slide_duration&quot;:5000,&quot;background_slideshow_slide_transition&quot;:&quot;fade&quot;,&quot;background_slideshow_transition_duration&quot;:500}\">\n\t\t\t\t\t\t<div class=\"elementor-container elementor-column-gap-default\">\n\t\t\t\t\t<div class=\"elementor-column elementor-col-50 elementor-top-column elementor-element elementor-element-2e9b9f96\" data-id=\"2e9b9f96\" data-element_type=\"column\" data-e-type=\"column\">\n\t\t\t<div class=\"elementor-widget-wrap elementor-element-populated\">\n\t\t\t\t\t\t<div class=\"elementor-element elementor-element-65cd88e1 elementor-nav-menu--dropdown-tablet elementor-nav-menu__text-align-aside elementor-invisible elementor-widget elementor-widget-nav-menu\" data-id=\"65cd88e1\" data-element_type=\"widget\" data-e-type=\"widget\" data-settings=\"{&quot;layout&quot;:&quot;vertical&quot;,&quot;_animation&quot;:&quot;fadeIn&quot;,&quot;submenu_icon&quot;:{&quot;value&quot;:&quot;&lt;i class=\\&quot;fas fa-chevron-down\\&quot;&gt;&lt;\\\/i&gt;&quot;,&quot;library&quot;:&quot;fa-solid&quot;}}\" data-widget_type=\"nav-menu.default\">\n\t\t\t\t<div class=\"elementor-widget-container\">\n\t\t\t\t\t\t\t\t<nav aria-label=\"Menu\" class=\"elementor-nav-menu--main elementor-nav-menu__container elementor-nav-menu--layout-vertical e--pointer-text e--animation-float\">\r\n\t\t\t\t<ul id=\"menu-1-65cd88e1\" class=\"elementor-nav-menu sm-vertical\"><li class=\"menu-item menu-item-type-post_type menu-item-object-page menu-item-5428\"><a href=\"https:\/\/spanish-cheese.com\/fr\/queso-manchego-d-o-p\/\" class=\"elementor-item\">QUESO MANCHEGO D.O.P.<\/a><\/li>\n<li class=\"menu-item menu-item-type-post_type menu-item-object-page menu-item-8613\"><a href=\"https:\/\/spanish-cheese.com\/fr\/queso-brie-con-trufa\/\" class=\"elementor-item\">QUESO BRIE CON TRUFA<\/a><\/li>\n<li class=\"menu-item menu-item-type-post_type menu-item-object-page menu-item-5462\"><a href=\"https:\/\/spanish-cheese.com\/fr\/quesos-de-oveja-2\/\" class=\"elementor-item\">QUESOS DE OVEJA<\/a><\/li>\n<li class=\"menu-item menu-item-type-post_type menu-item-object-page menu-item-5495\"><a href=\"https:\/\/spanish-cheese.com\/fr\/quesos-de-cabra-2\/\" class=\"elementor-item\">QUESOS DE CABRA<\/a><\/li>\n<li class=\"menu-item menu-item-type-post_type menu-item-object-page menu-item-5494\"><a href=\"https:\/\/spanish-cheese.com\/fr\/queso-iberico-2\/\" class=\"elementor-item\">QUESO IB\u00c9RICO<\/a><\/li>\n<li class=\"menu-item menu-item-type-post_type menu-item-object-page menu-item-5582\"><a href=\"https:\/\/spanish-cheese.com\/fr\/tapas-2\/\" class=\"elementor-item\">TAPAS<\/a><\/li>\n<li class=\"menu-item menu-item-type-post_type menu-item-object-page menu-item-5578\"><a href=\"https:\/\/spanish-cheese.com\/fr\/cremas\/\" class=\"elementor-item\">CREMAS DE QUESO UNTABLE<\/a><\/li>\n<li class=\"menu-item menu-item-type-post_type menu-item-object-page menu-item-5581\"><a href=\"https:\/\/spanish-cheese.com\/fr\/bandejas-2\/\" class=\"elementor-item\">BANDEJAS<\/a><\/li>\n<li class=\"menu-item menu-item-type-post_type menu-item-object-page menu-item-10075\"><a href=\"https:\/\/spanish-cheese.com\/fr\/estuches-premium\/\" class=\"elementor-item\">ESTUCHES PREMIUM<\/a><\/li>\n<li class=\"menu-item menu-item-type-post_type menu-item-object-page menu-item-10127\"><a href=\"https:\/\/spanish-cheese.com\/fr\/piramides\/\" class=\"elementor-item\">PIRAMIDES<\/a><\/li>\n<li class=\"menu-item menu-item-type-post_type menu-item-object-page menu-item-5579\"><a href=\"https:\/\/spanish-cheese.com\/fr\/d-o-p-espanolas\/\" class=\"elementor-item\">ESPECIALIDADES ESPA\u00d1OLAS<\/a><\/li>\n<li class=\"menu-item menu-item-type-post_type menu-item-object-page menu-item-5577\"><a href=\"https:\/\/spanish-cheese.com\/fr\/acompanamientos-2\/\" class=\"elementor-item\">ACOMPA\u00d1AMIENTOS<\/a><\/li>\n<li class=\"menu-item menu-item-type-post_type menu-item-object-page menu-item-5576\"><a href=\"https:\/\/spanish-cheese.com\/fr\/otros-productos-2\/\" class=\"elementor-item\">OTROS PRODUCTOS<\/a><\/li>\n<\/ul>\t\t\t<\/nav>\r\n\t\t\t\t\t\t<nav class=\"elementor-nav-menu--dropdown elementor-nav-menu__container\" aria-hidden=\"true\">\r\n\t\t\t\t<ul id=\"menu-2-65cd88e1\" class=\"elementor-nav-menu sm-vertical\"><li class=\"menu-item menu-item-type-post_type menu-item-object-page menu-item-5428\"><a href=\"https:\/\/spanish-cheese.com\/fr\/queso-manchego-d-o-p\/\" class=\"elementor-item\" tabindex=\"-1\">QUESO MANCHEGO D.O.P.<\/a><\/li>\n<li class=\"menu-item menu-item-type-post_type menu-item-object-page menu-item-8613\"><a href=\"https:\/\/spanish-cheese.com\/fr\/queso-brie-con-trufa\/\" class=\"elementor-item\" tabindex=\"-1\">QUESO BRIE CON TRUFA<\/a><\/li>\n<li class=\"menu-item menu-item-type-post_type menu-item-object-page menu-item-5462\"><a href=\"https:\/\/spanish-cheese.com\/fr\/quesos-de-oveja-2\/\" class=\"elementor-item\" tabindex=\"-1\">QUESOS DE OVEJA<\/a><\/li>\n<li class=\"menu-item menu-item-type-post_type menu-item-object-page menu-item-5495\"><a href=\"https:\/\/spanish-cheese.com\/fr\/quesos-de-cabra-2\/\" class=\"elementor-item\" tabindex=\"-1\">QUESOS DE CABRA<\/a><\/li>\n<li class=\"menu-item menu-item-type-post_type menu-item-object-page menu-item-5494\"><a href=\"https:\/\/spanish-cheese.com\/fr\/queso-iberico-2\/\" class=\"elementor-item\" tabindex=\"-1\">QUESO IB\u00c9RICO<\/a><\/li>\n<li class=\"menu-item menu-item-type-post_type menu-item-object-page menu-item-5582\"><a href=\"https:\/\/spanish-cheese.com\/fr\/tapas-2\/\" class=\"elementor-item\" tabindex=\"-1\">TAPAS<\/a><\/li>\n<li class=\"menu-item menu-item-type-post_type menu-item-object-page menu-item-5578\"><a href=\"https:\/\/spanish-cheese.com\/fr\/cremas\/\" class=\"elementor-item\" tabindex=\"-1\">CREMAS DE QUESO UNTABLE<\/a><\/li>\n<li class=\"menu-item menu-item-type-post_type menu-item-object-page menu-item-5581\"><a href=\"https:\/\/spanish-cheese.com\/fr\/bandejas-2\/\" class=\"elementor-item\" tabindex=\"-1\">BANDEJAS<\/a><\/li>\n<li class=\"menu-item menu-item-type-post_type menu-item-object-page menu-item-10075\"><a href=\"https:\/\/spanish-cheese.com\/fr\/estuches-premium\/\" class=\"elementor-item\" tabindex=\"-1\">ESTUCHES PREMIUM<\/a><\/li>\n<li class=\"menu-item menu-item-type-post_type menu-item-object-page menu-item-10127\"><a href=\"https:\/\/spanish-cheese.com\/fr\/piramides\/\" class=\"elementor-item\" tabindex=\"-1\">PIRAMIDES<\/a><\/li>\n<li class=\"menu-item menu-item-type-post_type menu-item-object-page menu-item-5579\"><a href=\"https:\/\/spanish-cheese.com\/fr\/d-o-p-espanolas\/\" class=\"elementor-item\" tabindex=\"-1\">ESPECIALIDADES ESPA\u00d1OLAS<\/a><\/li>\n<li class=\"menu-item menu-item-type-post_type menu-item-object-page menu-item-5577\"><a href=\"https:\/\/spanish-cheese.com\/fr\/acompanamientos-2\/\" class=\"elementor-item\" tabindex=\"-1\">ACOMPA\u00d1AMIENTOS<\/a><\/li>\n<li class=\"menu-item menu-item-type-post_type menu-item-object-page menu-item-5576\"><a href=\"https:\/\/spanish-cheese.com\/fr\/otros-productos-2\/\" class=\"elementor-item\" tabindex=\"-1\">OTROS PRODUCTOS<\/a><\/li>\n<\/ul>\t\t\t<\/nav>\r\n\t\t\t\t\t\t<\/div>\n\t\t\t\t<\/div>\n\t\t\t\t\t<\/div>\n\t\t<\/div>\n\t\t\t\t<div class=\"elementor-column elementor-col-50 elementor-top-column elementor-element elementor-element-7c63df85\" data-id=\"7c63df85\" data-element_type=\"column\" data-e-type=\"column\">\n\t\t\t<div class=\"elementor-widget-wrap elementor-element-populated\">\n\t\t\t\t\t\t<div class=\"elementor-element elementor-element-2461a024 elementor-widget elementor-widget-text-editor\" data-id=\"2461a024\" data-element_type=\"widget\" data-e-type=\"widget\" data-widget_type=\"text-editor.default\">\n\t\t\t\t<div class=\"elementor-widget-container\">\n\t\t\t\t\t\t\t\t\t<p>Sin duda, uno de los quesos espa\u00f1oles m\u00e1s apreciados en todo el mundo. Tras 12 meses de cuidada maduraci\u00f3n su color es amarillento. Con un olor l\u00e1ctico intenso presenta un sabor fuerte que nos trae matices de frutos secos. Su textura es compacta pero cremosa y puede ser levemente granulosa por su gran curaci\u00f3n.<\/p>\n<p>Nos sentimos orgullosos de que nuestro queso de referencia haya sido premiado por el <strong>INTERNATIONAL TASTE INSTITUTE<\/strong>\u00a0con su m\u00e1ximo galard\u00f3n, el <strong>SUPERIOR TASTE AWARD<\/strong> de tres estrellas.<\/p>\t\t\t\t\t\t\t\t<\/div>\n\t\t\t\t<\/div>\n\t\t\t\t<section class=\"elementor-section elementor-inner-section elementor-element elementor-element-35f8fd9d elementor-section-boxed elementor-section-height-default elementor-section-height-default\" data-id=\"35f8fd9d\" data-element_type=\"section\" data-e-type=\"section\">\n\t\t\t\t\t\t<div class=\"elementor-container elementor-column-gap-default\">\n\t\t\t\t\t<div class=\"elementor-column elementor-col-33 elementor-inner-column elementor-element elementor-element-4089aaa2\" data-id=\"4089aaa2\" data-element_type=\"column\" data-e-type=\"column\">\n\t\t\t<div class=\"elementor-widget-wrap elementor-element-populated\">\n\t\t\t\t\t\t<div class=\"elementor-element elementor-element-34c20ab1 elementor-widget elementor-widget-image\" data-id=\"34c20ab1\" data-element_type=\"widget\" data-e-type=\"widget\" data-widget_type=\"image.default\">\n\t\t\t\t<div class=\"elementor-widget-container\">\n\t\t\t\t\t\t\t\t\t\t\t\t\t\t\t\t<a href=\"https:\/\/spanish-cheese.com\/wp-content\/uploads\/2023\/09\/MANCHEGO-CUEVA-DEL-ABUELO-12-MESES-3-KG.png\" data-elementor-open-lightbox=\"yes\" data-elementor-lightbox-title=\"MANCHEGO-CUEVA-DEL-ABUELO-12-MESES-3-KG\" data-e-action-hash=\"#elementor-action%3Aaction%3Dlightbox%26settings%3DeyJpZCI6OTM0NSwidXJsIjoiaHR0cHM6XC9cL3NwYW5pc2gtY2hlZXNlLmNvbVwvd3AtY29udGVudFwvdXBsb2Fkc1wvMjAyM1wvMDlcL01BTkNIRUdPLUNVRVZBLURFTC1BQlVFTE8tMTItTUVTRVMtMy1LRy5wbmcifQ%3D%3D\">\n\t\t\t\t\t\t\t<img fetchpriority=\"high\" decoding=\"async\" width=\"800\" height=\"779\" src=\"https:\/\/spanish-cheese.com\/wp-content\/uploads\/2023\/09\/MANCHEGO-CUEVA-DEL-ABUELO-12-MESES-3-KG.png\" class=\"attachment-large size-large wp-image-9345\" alt=\"\" srcset=\"https:\/\/spanish-cheese.com\/wp-content\/uploads\/2023\/09\/MANCHEGO-CUEVA-DEL-ABUELO-12-MESES-3-KG.png 800w, https:\/\/spanish-cheese.com\/wp-content\/uploads\/2023\/09\/MANCHEGO-CUEVA-DEL-ABUELO-12-MESES-3-KG-300x292.png 300w, https:\/\/spanish-cheese.com\/wp-content\/uploads\/2023\/09\/MANCHEGO-CUEVA-DEL-ABUELO-12-MESES-3-KG-768x748.png 768w, https:\/\/spanish-cheese.com\/wp-content\/uploads\/2023\/09\/MANCHEGO-CUEVA-DEL-ABUELO-12-MESES-3-KG-12x12.png 12w, https:\/\/spanish-cheese.com\/wp-content\/uploads\/2023\/09\/MANCHEGO-CUEVA-DEL-ABUELO-12-MESES-3-KG-700x682.png 700w\" sizes=\"(max-width: 800px) 100vw, 800px\" \/>\t\t\t\t\t\t\t\t<\/a>\n\t\t\t\t\t\t\t\t\t\t\t\t\t\t\t<\/div>\n\t\t\t\t<\/div>\n\t\t\t\t<div class=\"elementor-element elementor-element-b463aa5 elementor-widget elementor-widget-text-editor\" data-id=\"b463aa5\" data-element_type=\"widget\" data-e-type=\"widget\" data-widget_type=\"text-editor.default\">\n\t\t\t\t<div class=\"elementor-widget-container\">\n\t\t\t\t\t\t\t\t\t<p style=\"font-size:17px;text-align: center;\"><strong>3 kg<\/strong><\/p>\t\t\t\t\t\t\t\t<\/div>\n\t\t\t\t<\/div>\n\t\t\t\t\t<\/div>\n\t\t<\/div>\n\t\t\t\t<div class=\"elementor-column elementor-col-33 elementor-inner-column elementor-element elementor-element-3b3482c0\" data-id=\"3b3482c0\" data-element_type=\"column\" data-e-type=\"column\">\n\t\t\t<div class=\"elementor-widget-wrap elementor-element-populated\">\n\t\t\t\t\t\t<div class=\"elementor-element elementor-element-bdbe55e elementor-widget elementor-widget-image\" data-id=\"bdbe55e\" data-element_type=\"widget\" data-e-type=\"widget\" data-widget_type=\"image.default\">\n\t\t\t\t<div class=\"elementor-widget-container\">\n\t\t\t\t\t\t\t\t\t\t\t\t\t\t\t\t<a href=\"https:\/\/spanish-cheese.com\/wp-content\/uploads\/2021\/09\/cun\u0303a_12meses_la_cueva_del_abuelo.png\" data-elementor-open-lightbox=\"yes\" data-elementor-lightbox-title=\"cun\u0303a_12meses_la_cueva_del_abuelo\" data-e-action-hash=\"#elementor-action%3Aaction%3Dlightbox%26settings%3DeyJpZCI6Nzc1MywidXJsIjoiaHR0cHM6XC9cL3NwYW5pc2gtY2hlZXNlLmNvbVwvd3AtY29udGVudFwvdXBsb2Fkc1wvMjAyMVwvMDlcL2N1blx1MDMwM2FfMTJtZXNlc19sYV9jdWV2YV9kZWxfYWJ1ZWxvLnBuZyJ9\">\n\t\t\t\t\t\t\t<img decoding=\"async\" src=\"https:\/\/spanish-cheese.com\/wp-content\/uploads\/elementor\/thumbs\/cun\u0303a_12meses_la_cueva_del_abuelo-r82u9lx2y2lca0wr26nxnk19uofc9gbig17cyjhkck.png\" title=\"cun\u0303a_12meses_la_cueva_del_abuelo\" alt=\"cun\u0303a_12meses_la_cueva_del_abuelo\" loading=\"lazy\" \/>\t\t\t\t\t\t\t\t<\/a>\n\t\t\t\t\t\t\t\t\t\t\t\t\t\t\t<\/div>\n\t\t\t\t<\/div>\n\t\t\t\t<div class=\"elementor-element elementor-element-5ddb0359 elementor-widget elementor-widget-text-editor\" data-id=\"5ddb0359\" data-element_type=\"widget\" data-e-type=\"widget\" data-widget_type=\"text-editor.default\">\n\t\t\t\t<div class=\"elementor-widget-container\">\n\t\t\t\t\t\t\t\t\t<p style=\"font-size:17px;text-align: center;\"><strong>Cu\u00f1a<\/strong><\/p>\t\t\t\t\t\t\t\t<\/div>\n\t\t\t\t<\/div>\n\t\t\t\t\t<\/div>\n\t\t<\/div>\n\t\t\t\t<div class=\"elementor-column elementor-col-33 elementor-inner-column elementor-element elementor-element-35782a1\" data-id=\"35782a1\" data-element_type=\"column\" data-e-type=\"column\">\n\t\t\t<div class=\"elementor-widget-wrap elementor-element-populated\">\n\t\t\t\t\t\t<div class=\"elementor-element elementor-element-29f4f64d elementor-widget elementor-widget-image\" data-id=\"29f4f64d\" data-element_type=\"widget\" data-e-type=\"widget\" data-widget_type=\"image.default\">\n\t\t\t\t<div class=\"elementor-widget-container\">\n\t\t\t\t\t\t\t\t\t\t\t\t\t\t\t\t<a href=\"https:\/\/spanish-cheese.com\/wp-content\/uploads\/2021\/09\/cuarto_queso_cueva_del_abuelo_12_meses_envasado.png\" data-elementor-open-lightbox=\"yes\" data-elementor-lightbox-title=\"cuarto_queso_cueva_del_abuelo_12_meses_envasado\" data-e-action-hash=\"#elementor-action%3Aaction%3Dlightbox%26settings%3DeyJpZCI6Nzc1NCwidXJsIjoiaHR0cHM6XC9cL3NwYW5pc2gtY2hlZXNlLmNvbVwvd3AtY29udGVudFwvdXBsb2Fkc1wvMjAyMVwvMDlcL2N1YXJ0b19xdWVzb19jdWV2YV9kZWxfYWJ1ZWxvXzEyX21lc2VzX2VudmFzYWRvLnBuZyJ9\">\n\t\t\t\t\t\t\t<img decoding=\"async\" src=\"https:\/\/spanish-cheese.com\/wp-content\/uploads\/elementor\/thumbs\/cuarto_queso_cueva_del_abuelo_12_meses_envasado-r82u9tfruthf1wiymthd5gps33agn5ji764nq1xsy8.png\" title=\"cuarto_queso_cueva_del_abuelo_12_meses_envasado\" alt=\"cuarto_queso_cueva_del_abuelo_12_meses_envasado\" loading=\"lazy\" \/>\t\t\t\t\t\t\t\t<\/a>\n\t\t\t\t\t\t\t\t\t\t\t\t\t\t\t<\/div>\n\t\t\t\t<\/div>\n\t\t\t\t<div class=\"elementor-element elementor-element-4338fc3c elementor-widget elementor-widget-text-editor\" data-id=\"4338fc3c\" data-element_type=\"widget\" data-e-type=\"widget\" data-widget_type=\"text-editor.default\">\n\t\t\t\t<div class=\"elementor-widget-container\">\n\t\t\t\t\t\t\t\t\t<p style=\"font-size: 17px; text-align: center;\"><strong>Cuarto<\/strong><\/p>\t\t\t\t\t\t\t\t<\/div>\n\t\t\t\t<\/div>\n\t\t\t\t\t<\/div>\n\t\t<\/div>\n\t\t\t\t\t<\/div>\n\t\t<\/section>\n\t\t\t\t<div class=\"elementor-element elementor-element-3ac6c13d elementor-widget elementor-widget-spacer\" data-id=\"3ac6c13d\" data-element_type=\"widget\" data-e-type=\"widget\" data-widget_type=\"spacer.default\">\n\t\t\t\t<div class=\"elementor-widget-container\">\n\t\t\t\t\t\t\t<div class=\"elementor-spacer\">\n\t\t\t<div class=\"elementor-spacer-inner\"><\/div>\n\t\t<\/div>\n\t\t\t\t\t\t<\/div>\n\t\t\t\t<\/div>\n\t\t\t\t\t<\/div>\n\t\t<\/div>\n\t\t\t\t\t<\/div>\n\t\t<\/section>\n\t\t\t\t<\/div>\n\t\t","protected":false},"excerpt":{"rendered":"<p>MANCHEGO D.O.P. 12 MESES Sin duda, uno de los quesos espa\u00f1oles m\u00e1s apreciados en todo el mundo. Tras 12 meses de cuidada maduraci\u00f3n su color es amarillento. Con un olor l\u00e1ctico intenso presenta un sabor fuerte que nos trae matices de frutos secos. Su textura&#8230;<\/p>","protected":false},"author":1,"featured_media":0,"parent":0,"menu_order":0,"comment_status":"closed","ping_status":"closed","template":"","meta":{"footnotes":""},"class_list":["post-5853","page","type-page","status-publish","hentry"],"_links":{"self":[{"href":"https:\/\/spanish-cheese.com\/fr\/wp-json\/wp\/v2\/pages\/5853","targetHints":{"allow":["GET"]}}],"collection":[{"href":"https:\/\/spanish-cheese.com\/fr\/wp-json\/wp\/v2\/pages"}],"about":[{"href":"https:\/\/spanish-cheese.com\/fr\/wp-json\/wp\/v2\/types\/page"}],"author":[{"embeddable":true,"href":"https:\/\/spanish-cheese.com\/fr\/wp-json\/wp\/v2\/users\/1"}],"replies":[{"embeddable":true,"href":"https:\/\/spanish-cheese.com\/fr\/wp-json\/wp\/v2\/comments?post=5853"}],"version-history":[{"count":0,"href":"https:\/\/spanish-cheese.com\/fr\/wp-json\/wp\/v2\/pages\/5853\/revisions"}],"wp:attachment":[{"href":"https:\/\/spanish-cheese.com\/fr\/wp-json\/wp\/v2\/media?parent=5853"}],"curies":[{"name":"wp","href":"https:\/\/api.w.org\/{rel}","templated":true}]}}