{"id":3171,"date":"2021-06-01T23:36:23","date_gmt":"2021-06-01T23:36:23","guid":{"rendered":"https:\/\/www.spanish-cheese.com\/?page_id=3171"},"modified":"2025-01-29T13:53:42","modified_gmt":"2025-01-29T13:53:42","slug":"tradicion-e-historia","status":"publish","type":"page","link":"https:\/\/spanish-cheese.com\/fr\/tradicion-e-historia\/","title":{"rendered":"Tradition et histoire"},"content":{"rendered":"<div data-elementor-type=\"wp-page\" data-elementor-id=\"3171\" class=\"elementor elementor-3171\" data-elementor-post-type=\"page\">\n\t\t\t\t\t\t<section class=\"elementor-section elementor-top-section elementor-element elementor-element-72f43c2d elementor-section-full_width elementor-section-stretched elementor-section-height-default elementor-section-height-default\" data-id=\"72f43c2d\" data-element_type=\"section\" data-e-type=\"section\" data-settings=\"{&quot;stretch_section&quot;:&quot;section-stretched&quot;}\">\n\t\t\t\t\t\t<div class=\"elementor-container elementor-column-gap-no\">\n\t\t\t\t\t<div class=\"elementor-column elementor-col-100 elementor-top-column elementor-element elementor-element-e15a3c4\" data-id=\"e15a3c4\" data-element_type=\"column\" data-e-type=\"column\">\n\t\t\t<div class=\"elementor-widget-wrap elementor-element-populated\">\n\t\t\t\t\t\t<div class=\"elementor-element elementor-element-e4d4a2a elementor-widget__width-inherit elementor--h-position-center elementor--v-position-middle elementor-widget elementor-widget-slides\" data-id=\"e4d4a2a\" data-element_type=\"widget\" data-e-type=\"widget\" data-settings=\"{&quot;navigation&quot;:&quot;none&quot;,&quot;autoplay_speed&quot;:8000,&quot;transition_speed&quot;:1500,&quot;autoplay&quot;:&quot;yes&quot;,&quot;pause_on_hover&quot;:&quot;yes&quot;,&quot;pause_on_interaction&quot;:&quot;yes&quot;,&quot;infinite&quot;:&quot;yes&quot;,&quot;transition&quot;:&quot;slide&quot;}\" data-widget_type=\"slides.default\">\n\t\t\t\t<div class=\"elementor-widget-container\">\n\t\t\t\t\t\t\t\t\t<div class=\"elementor-swiper\">\r\n\t\t\t\t\t<div class=\"elementor-slides-wrapper elementor-main-swiper swiper\" role=\"region\" aria-roledescription=\"carousel\" aria-label=\"Diapositivas\" dir=\"ltr\" data-animation=\"fadeInUp\">\r\n\t\t\t\t<div class=\"swiper-wrapper elementor-slides\">\r\n\t\t\t\t\t\t\t\t\t\t<div class=\"elementor-repeater-item-a48e5d6 swiper-slide\" role=\"group\" aria-roledescription=\"slide\"><div class=\"swiper-slide-bg elementor-ken-burns elementor-ken-burns--out\" role=\"img\"><\/div><div class=\"swiper-slide-inner\" ><div class=\"swiper-slide-contents\"><div class=\"elementor-slide-heading\">Tradition et histoire<\/div><div class=\"elementor-slide-description\">L\u2019origine du fromage Manchego DOP<\/div><\/div><\/div><\/div>\t\t\t\t<\/div>\r\n\t\t\t\t\t\t\t<\/div>\r\n\t\t\t\t<\/div>\r\n\t\t\t\t\t\t\t\t<\/div>\n\t\t\t\t<\/div>\n\t\t\t\t\t<\/div>\n\t\t<\/div>\n\t\t\t\t\t<\/div>\n\t\t<\/section>\n\t\t\t\t<section class=\"elementor-section elementor-top-section elementor-element elementor-element-7f55da9e elementor-section-height-min-height elementor-section-items-stretch elementor-section-stretched elementor-section-boxed elementor-section-height-default\" data-id=\"7f55da9e\" data-element_type=\"section\" data-e-type=\"section\" data-settings=\"{&quot;background_background&quot;:&quot;classic&quot;,&quot;stretch_section&quot;:&quot;section-stretched&quot;}\">\n\t\t\t\t\t\t<div class=\"elementor-container elementor-column-gap-default\">\n\t\t\t\t\t<div class=\"elementor-column elementor-col-100 elementor-top-column elementor-element elementor-element-0e24c68\" data-id=\"0e24c68\" data-element_type=\"column\" data-e-type=\"column\">\n\t\t\t<div class=\"elementor-widget-wrap elementor-element-populated\">\n\t\t\t\t\t\t<div class=\"elementor-element elementor-element-31af394 elementor-widget elementor-widget-spacer\" data-id=\"31af394\" data-element_type=\"widget\" data-e-type=\"widget\" data-widget_type=\"spacer.default\">\n\t\t\t\t<div class=\"elementor-widget-container\">\n\t\t\t\t\t\t\t<div class=\"elementor-spacer\">\n\t\t\t<div class=\"elementor-spacer-inner\"><\/div>\n\t\t<\/div>\n\t\t\t\t\t\t<\/div>\n\t\t\t\t<\/div>\n\t\t\t\t<div class=\"elementor-element elementor-element-e92f752 elementor-headline--style-highlight elementor-widget elementor-widget-animated-headline\" data-id=\"e92f752\" data-element_type=\"widget\" data-e-type=\"widget\" data-settings=\"{&quot;marker&quot;:&quot;underline&quot;,&quot;highlighted_text&quot;:&quot;Origen&quot;,&quot;headline_style&quot;:&quot;highlight&quot;,&quot;highlight_animation_duration&quot;:1200}\" data-widget_type=\"animated-headline.default\">\n\t\t\t\t<div class=\"elementor-widget-container\">\n\t\t\t\t\t\t\t<h3 class=\"elementor-headline\">\r\n\t\t\t\t\t<span class=\"elementor-headline-plain-text elementor-headline-text-wrapper\">Notre<\/span>\r\n\t\t\t\t<span class=\"elementor-headline-dynamic-wrapper elementor-headline-text-wrapper\">\r\n\t\t\t\t\t<span class=\"elementor-headline-dynamic-text elementor-headline-text-active\">Origine<\/span>\r\n\t\t\t\t<\/span>\r\n\t\t\t\t<\/h3>\r\n\t\t\t\t\t\t<\/div>\n\t\t\t\t<\/div>\n\t\t\t\t<div class=\"elementor-element elementor-element-d573ee2 elementor-widget elementor-widget-text-editor\" data-id=\"d573ee2\" data-element_type=\"widget\" data-e-type=\"widget\" data-widget_type=\"text-editor.default\">\n\t\t\t\t<div class=\"elementor-widget-container\">\n\t\t\t\t\t\t\t\t\t<div style=\"display: none;\">Si se ha auto-restringido su participaci\u00f3n en los juegos de casino de Estonia y desea eliminarla, el proceso depende del programa espec\u00edfico de auto-restricci\u00f3n que haya utilizado. Si se ha registrado en el sistema oficial de autorrestricci\u00f3n de Estonia, tendr\u00e1 que esperar a que finalice el periodo de autorrestricci\u00f3n, ya que no se permite la eliminaci\u00f3n anticipada de las restricciones. Sin embargo, si ha establecido una autorrestricci\u00f3n directamente con un operador de juego y desea saber <a href=\"https:\/\/zarubezhnye-kazino.com\/zapret-na-azartnye-igry\/snyat-zapret-na-kazino\/\">\u043a\u0430\u043a \u0441\u043d\u044f\u0442\u044c \u0441\u0430\u043c\u043e\u043e\u0433\u0440\u0430\u043d\u0438\u0447\u0435\u043d\u0438\u0435 \u0432 \u043a\u0430\u0437\u0438\u043d\u043e<\/a>, lo primero que debe hacer es ponerse en contacto con su equipo de asistencia para informarse sobre el proceso de eliminaci\u00f3n de restricciones. Y mientras disfruta de sus juegos de casino favoritos -de forma responsable, por supuesto-, los quesos gourmet espa\u00f1oles pueden mejorar la experiencia a\u00f1adiendo un toque de sofisticaci\u00f3n culinaria. Tanto si es usted un experto en quesos como un aficionado ocasional, Spanish Cheese S.L. le garantiza productos de alta calidad que combinan a la perfecci\u00f3n con vinos selectos y comida gourmet para complementar su velada de casino en l\u00ednea.<\/div>\n\nEl proyecto<strong> SPANISH CHEESE, S.L.<\/strong> tal y como lo conocemos hoy ha pasado por distintas etapas que han dado como resultado una empresa especializada en el procesado y afinado de queso, que exporta sus productos a cerca de 50 pa\u00edses de los cinco continentes.\n\nNacemos en La Mancha con el esp\u00edritu de llevar al resto del mundo lo mejor de la alimentaci\u00f3n de nuestra tierra y de todo el territorio espa\u00f1ol.\n\nTodo comenz\u00f3 en el a\u00f1o 1996 cuando se funda el consorcio de empresas <strong>ALBATRADE, S.L.<\/strong>a \u00e9t\u00e9 fond\u00e9 \u00e0 Albacete, une ville de la r\u00e9gion de Castille La Manche. Dans ce consortium, et avec l'aide <strong>UNI\u00d3N QUESERA MANCHEGA, S.A.<\/strong> d'abord et <strong>MANTEQUER\u00cdAS ARIAS, S.A. (grupo BONGRAIN)<\/strong> plus tard, nous avons \u00e9t\u00e9 form\u00e9s dans le monde du fromage. Apr\u00e8s presque 10 ans  de travail en commun, en 2002, SPANISH CHEESE, S.L. vois le jour apr\u00e8s atteindre un accord avec la multinationale qui a \u00e9t\u00e9 notre mentor et nous a apport\u00e9 l'exp\u00e9rience, le savoir-faire et le fonds de commerce cr\u00e9e ensemble durant toutes ces ann\u00e9es de partenariat.\t\t\t\t\t\t\t\t<\/div>\n\t\t\t\t<\/div>\n\t\t\t\t<div class=\"elementor-element elementor-element-bd03c9c elementor-widget elementor-widget-image\" data-id=\"bd03c9c\" data-element_type=\"widget\" data-e-type=\"widget\" data-widget_type=\"image.default\">\n\t\t\t\t<div class=\"elementor-widget-container\">\n\t\t\t\t\t\t\t\t\t\t\t\t\t\t\t<img fetchpriority=\"high\" decoding=\"async\" width=\"1024\" height=\"260\" src=\"https:\/\/spanish-cheese.com\/wp-content\/uploads\/2021\/08\/FACHADA-SC-1024x260.png\" class=\"attachment-large size-large wp-image-4939\" alt=\"\" srcset=\"https:\/\/spanish-cheese.com\/wp-content\/uploads\/2021\/08\/FACHADA-SC-1024x260.png 1024w, https:\/\/spanish-cheese.com\/wp-content\/uploads\/2021\/08\/FACHADA-SC-300x76.png 300w, https:\/\/spanish-cheese.com\/wp-content\/uploads\/2021\/08\/FACHADA-SC-768x195.png 768w, https:\/\/spanish-cheese.com\/wp-content\/uploads\/2021\/08\/FACHADA-SC-700x178.png 700w, https:\/\/spanish-cheese.com\/wp-content\/uploads\/2021\/08\/FACHADA-SC-600x153.png 600w, https:\/\/spanish-cheese.com\/wp-content\/uploads\/2021\/08\/FACHADA-SC-64x16.png 64w, https:\/\/spanish-cheese.com\/wp-content\/uploads\/2021\/08\/FACHADA-SC.png 1200w\" sizes=\"(max-width: 1024px) 100vw, 1024px\" \/>\t\t\t\t\t\t\t\t\t\t\t\t\t\t\t<\/div>\n\t\t\t\t<\/div>\n\t\t\t\t<section class=\"elementor-section elementor-inner-section elementor-element elementor-element-7f29a30 elementor-section-boxed elementor-section-height-default elementor-section-height-default\" data-id=\"7f29a30\" data-element_type=\"section\" data-e-type=\"section\">\n\t\t\t\t\t\t<div class=\"elementor-container elementor-column-gap-default\">\n\t\t\t\t\t<div class=\"elementor-column elementor-col-50 elementor-inner-column elementor-element elementor-element-3780afd\" data-id=\"3780afd\" data-element_type=\"column\" data-e-type=\"column\">\n\t\t\t<div class=\"elementor-widget-wrap elementor-element-populated\">\n\t\t\t\t\t\t<div class=\"elementor-element elementor-element-d0616c6 elementor-headline--style-rotate elementor-widget elementor-widget-animated-headline\" data-id=\"d0616c6\" data-element_type=\"widget\" data-e-type=\"widget\" data-settings=\"{&quot;headline_style&quot;:&quot;rotate&quot;,&quot;animation_type&quot;:&quot;swirl&quot;,&quot;loop&quot;:&quot;yes&quot;,&quot;rotate_iteration_delay&quot;:2500}\" data-widget_type=\"animated-headline.default\">\n\t\t\t\t<div class=\"elementor-widget-container\">\n\t\t\t\t\t\t\t<h3 class=\"elementor-headline elementor-headline-animation-type-swirl elementor-headline-letters\">\r\n\t\t\t\t\t<span class=\"elementor-headline-plain-text elementor-headline-text-wrapper\">Nos traditions\u2026<\/span>\r\n\t\t\t\t<span class=\"elementor-headline-dynamic-wrapper elementor-headline-text-wrapper\">\r\n\t\t\t\t<\/span>\r\n\t\t\t\t<\/h3>\r\n\t\t\t\t\t\t<\/div>\n\t\t\t\t<\/div>\n\t\t\t\t<div class=\"elementor-element elementor-element-9ed49aa elementor-widget elementor-widget-text-editor\" data-id=\"9ed49aa\" data-element_type=\"widget\" data-e-type=\"widget\" data-widget_type=\"text-editor.default\">\n\t\t\t\t<div class=\"elementor-widget-container\">\n\t\t\t\t\t\t\t\t\t<p><strong>SPANISH CHEESE, S.L.<\/strong> est une industrie fromag\u00e8re situ\u00e9e \u00e0 Albacete, localit\u00e9 faisant partie de la zone de production autoris\u00e9e par l'Appellation d'Origine Prot\u00e9g\u00e9e du fromage Manchego. Les brebis de la race Manchega paissent dans nos p\u00e2turages depuis des si\u00e8cles et leur lait a donn\u00e9 naissance \u00e0 un des aliments les plus pr\u00e9cieux de notre r\u00e9gion et de notre pays : le fromage Manchego DOP.<\/p><p>Le fromage Manchego DOP est sans doute la raison d'\u00eatre de <strong>SPANISH CHEESE, S.L.,<\/strong> mais d\u2019autres fromages traditionnels de brebis et de ch\u00e8vre \u00e9labor\u00e9s par les bergers locaux depuis l'Antiquit\u00e9 de mani\u00e8re totalement artisanale sortent aussi chaque semaine de nos installations.<\/p><p>\u00a0<\/p>\t\t\t\t\t\t\t\t<\/div>\n\t\t\t\t<\/div>\n\t\t\t\t\t<\/div>\n\t\t<\/div>\n\t\t\t\t<div class=\"elementor-column elementor-col-50 elementor-inner-column elementor-element elementor-element-eddf974\" data-id=\"eddf974\" data-element_type=\"column\" data-e-type=\"column\">\n\t\t\t<div class=\"elementor-widget-wrap elementor-element-populated\">\n\t\t\t\t\t\t<div class=\"elementor-element elementor-element-81f29dd elementor-widget elementor-widget-image\" data-id=\"81f29dd\" data-element_type=\"widget\" data-e-type=\"widget\" data-widget_type=\"image.default\">\n\t\t\t\t<div class=\"elementor-widget-container\">\n\t\t\t\t\t\t\t\t\t\t\t\t\t\t\t<img decoding=\"async\" width=\"1024\" height=\"683\" src=\"https:\/\/spanish-cheese.com\/wp-content\/uploads\/2021\/08\/tradicion1-1024x683.png\" class=\"attachment-large size-large wp-image-4943\" alt=\"\" srcset=\"https:\/\/spanish-cheese.com\/wp-content\/uploads\/2021\/08\/tradicion1-1024x683.png 1024w, https:\/\/spanish-cheese.com\/wp-content\/uploads\/2021\/08\/tradicion1-300x200.png 300w, https:\/\/spanish-cheese.com\/wp-content\/uploads\/2021\/08\/tradicion1-768x512.png 768w, https:\/\/spanish-cheese.com\/wp-content\/uploads\/2021\/08\/tradicion1-700x467.png 700w, https:\/\/spanish-cheese.com\/wp-content\/uploads\/2021\/08\/tradicion1-600x400.png 600w, https:\/\/spanish-cheese.com\/wp-content\/uploads\/2021\/08\/tradicion1-64x43.png 64w, https:\/\/spanish-cheese.com\/wp-content\/uploads\/2021\/08\/tradicion1.png 1200w\" sizes=\"(max-width: 1024px) 100vw, 1024px\" \/>\t\t\t\t\t\t\t\t\t\t\t\t\t\t\t<\/div>\n\t\t\t\t<\/div>\n\t\t\t\t\t<\/div>\n\t\t<\/div>\n\t\t\t\t\t<\/div>\n\t\t<\/section>\n\t\t\t\t\t<\/div>\n\t\t<\/div>\n\t\t\t\t\t<\/div>\n\t\t<\/section>\n\t\t\t\t<section class=\"elementor-section elementor-top-section elementor-element elementor-element-54feb59 elementor-section-height-min-height elementor-section-items-stretch elementor-section-stretched elementor-section-boxed elementor-section-height-default\" data-id=\"54feb59\" data-element_type=\"section\" data-e-type=\"section\" data-settings=\"{&quot;background_background&quot;:&quot;classic&quot;,&quot;stretch_section&quot;:&quot;section-stretched&quot;}\">\n\t\t\t\t\t\t<div class=\"elementor-container elementor-column-gap-default\">\n\t\t\t\t\t<div class=\"elementor-column elementor-col-100 elementor-top-column elementor-element elementor-element-9533c44\" data-id=\"9533c44\" data-element_type=\"column\" data-e-type=\"column\">\n\t\t\t<div class=\"elementor-widget-wrap elementor-element-populated\">\n\t\t\t\t\t\t<div class=\"elementor-element elementor-element-7e45934 elementor-widget elementor-widget-text-editor\" data-id=\"7e45934\" data-element_type=\"widget\" data-e-type=\"widget\" data-widget_type=\"text-editor.default\">\n\t\t\t\t<div class=\"elementor-widget-container\">\n\t\t\t\t\t\t\t\t\t<p>Aujourd\u2019hui, nous disposons d'installations et de technologies avanc\u00e9es, appliqu\u00e9es \u00e0 l'industrie fromag\u00e8re et adapt\u00e9es aux normes de qualit\u00e9 et de s\u00e9curit\u00e9 alimentaire actuellement requises. Gr\u00e2ce \u00e0 cela, associ\u00e9 \u00e0 un engagement et un investissement important dans la recherche et le d\u00e9veloppement, et toujours bas\u00e9 sur le mode traditionnel de production fromag\u00e8re de nos anc\u00eatres, nous avons d\u00e9velopp\u00e9 une gamme de produits traditionnels et \u00e0 la fois pleine de fromages innovants et exclusifs.<\/p>\t\t\t\t\t\t\t\t<\/div>\n\t\t\t\t<\/div>\n\t\t\t\t<div class=\"elementor-element elementor-element-d66aae2 elementor-widget elementor-widget-spacer\" data-id=\"d66aae2\" data-element_type=\"widget\" data-e-type=\"widget\" data-widget_type=\"spacer.default\">\n\t\t\t\t<div class=\"elementor-widget-container\">\n\t\t\t\t\t\t\t<div class=\"elementor-spacer\">\n\t\t\t<div class=\"elementor-spacer-inner\"><\/div>\n\t\t<\/div>\n\t\t\t\t\t\t<\/div>\n\t\t\t\t<\/div>\n\t\t\t\t\t<\/div>\n\t\t<\/div>\n\t\t\t\t\t<\/div>\n\t\t<\/section>\n\t\t\t\t<\/div>","protected":false},"excerpt":{"rendered":"<p>Tradici\u00f3n e historiaDesde la cuna del queso Manchego D.O.P Nuestro Origen Si se ha auto-restringido su participaci\u00f3n en los juegos de casino de Estonia y desea eliminarla, el proceso depende del programa espec\u00edfico de auto-restricci\u00f3n que haya utilizado. Si se ha registrado en el sistema&#8230;<\/p>","protected":false},"author":1,"featured_media":0,"parent":0,"menu_order":0,"comment_status":"closed","ping_status":"closed","template":"","meta":{"footnotes":""},"class_list":["post-3171","page","type-page","status-publish","hentry"],"_links":{"self":[{"href":"https:\/\/spanish-cheese.com\/fr\/wp-json\/wp\/v2\/pages\/3171","targetHints":{"allow":["GET"]}}],"collection":[{"href":"https:\/\/spanish-cheese.com\/fr\/wp-json\/wp\/v2\/pages"}],"about":[{"href":"https:\/\/spanish-cheese.com\/fr\/wp-json\/wp\/v2\/types\/page"}],"author":[{"embeddable":true,"href":"https:\/\/spanish-cheese.com\/fr\/wp-json\/wp\/v2\/users\/1"}],"replies":[{"embeddable":true,"href":"https:\/\/spanish-cheese.com\/fr\/wp-json\/wp\/v2\/comments?post=3171"}],"version-history":[{"count":3,"href":"https:\/\/spanish-cheese.com\/fr\/wp-json\/wp\/v2\/pages\/3171\/revisions"}],"predecessor-version":[{"id":9781,"href":"https:\/\/spanish-cheese.com\/fr\/wp-json\/wp\/v2\/pages\/3171\/revisions\/9781"}],"wp:attachment":[{"href":"https:\/\/spanish-cheese.com\/fr\/wp-json\/wp\/v2\/media?parent=3171"}],"curies":[{"name":"wp","href":"https:\/\/api.w.org\/{rel}","templated":true}]}}