{"id":2510,"date":"2019-11-04T15:40:09","date_gmt":"2019-11-04T15:40:09","guid":{"rendered":"http:\/\/www.spanish-cheese.com\/?page_id=2510"},"modified":"2021-09-14T20:47:28","modified_gmt":"2021-09-14T20:47:28","slug":"aviso-legal","status":"publish","type":"page","link":"https:\/\/spanish-cheese.com\/fr\/aviso-legal\/","title":{"rendered":"AVIS JURIDIQUE"},"content":{"rendered":"\t\t<div data-elementor-type=\"wp-page\" data-elementor-id=\"2510\" class=\"elementor elementor-2510\" data-elementor-post-type=\"page\">\n\t\t\t\t\t\t<section class=\"elementor-section elementor-top-section elementor-element elementor-element-71e9defc elementor-section-stretched elementor-section-boxed elementor-section-height-default elementor-section-height-default\" data-id=\"71e9defc\" data-element_type=\"section\" data-e-type=\"section\" data-settings=\"{&quot;stretch_section&quot;:&quot;section-stretched&quot;}\">\n\t\t\t\t\t\t\t<div class=\"elementor-background-overlay\"><\/div>\n\t\t\t\t\t\t\t<div class=\"elementor-container elementor-column-gap-default\">\n\t\t\t\t\t<div class=\"elementor-column elementor-col-100 elementor-top-column elementor-element elementor-element-37c3cb5e\" data-id=\"37c3cb5e\" data-element_type=\"column\" data-e-type=\"column\">\n\t\t\t<div class=\"elementor-widget-wrap elementor-element-populated\">\n\t\t\t\t\t\t<div class=\"elementor-element elementor-element-3f0814d elementor-widget elementor-widget-spacer\" data-id=\"3f0814d\" data-element_type=\"widget\" data-e-type=\"widget\" data-widget_type=\"spacer.default\">\n\t\t\t\t<div class=\"elementor-widget-container\">\n\t\t\t\t\t\t\t<div class=\"elementor-spacer\">\n\t\t\t<div class=\"elementor-spacer-inner\"><\/div>\n\t\t<\/div>\n\t\t\t\t\t\t<\/div>\n\t\t\t\t<\/div>\n\t\t\t\t<div class=\"elementor-element elementor-element-3615780b elementor-widget elementor-widget-shortcode\" data-id=\"3615780b\" data-element_type=\"widget\" data-e-type=\"widget\" data-widget_type=\"shortcode.default\">\n\t\t\t\t<div class=\"elementor-widget-container\">\n\t\t\t\t\t\t\t<div class=\"elementor-shortcode\">[vc_row css_animation=\"\" row_type=\"row\" use_row_as_full_screen_section=\"no\" type=\"full_width\" angled_section=\"no\" text_align=\"left\" background_image_as_pattern=\"without_pattern\"][vc_column][vc_column_text]\n<h2 style=\"color: black;\">AVISO LEGAL<\/h2>\n<div class=\"page\" title=\"Page 2\">\n<div class=\"layoutArea\">\n<div class=\"column\">\n\n<strong>0. OBJETO<\/strong>\n\nEl presente aviso legal regula el uso y utilizacio\u0301n del sitio web spanish-cheese.com, del que es titular SPANISH CHEESE, SL (en adelante, SPANISH CHEESE).\n\nLa navegacio\u0301n por el sitio web de SPANISH CHEESE le atribuye la condicio\u0301n de USUARIO del mismo y conlleva su aceptacio\u0301n plena y sin reservas de todas y cada una de las condiciones publicadas en este aviso legal, advirtiendo de que dichas condiciones podra\u0301n ser modificadas sin notificacio\u0301n previa por parte de SPANISH CHEESE, en cuyo caso se procedera\u0301 a su publicacio\u0301n y aviso con la ma\u0301xima antelacio\u0301n posible.\n\nPor ello es recomendable leer atentamente su contenido en caso de desear acceder y hacer uso de la informacio\u0301n y de los servicios ofrecidos desde este sitio web.\n\nEl usuario adema\u0301s, se obliga a hacer un uso correcto del sitio web de conformidad con las leyes, la buena fe, el orden pu\u0301blico, los usos del tra\u0301fico y el presente Aviso Legal, y respondera\u0301 frente a SPANISH CHEESE o frente a terceros, de cualesquiera dan\u0303os y perjuicios que pudieran causarse como consecuencia del incumplimiento de dicha obligacio\u0301n.\n\nCualquier utilizacio\u0301n distinta a la autorizada esta\u0301 expresamente prohibida, pudiendo SPANISH CHEESE denegar o retirar el acceso y su uso en cualquier momento.\n\n<strong>1. IDENTIFICACIO\u0301N<\/strong>\n\nSPANISH CHEESE, en cumplimiento de la Ley 34\/2002, de 11 de julio, de Servicios de la Sociedad de la Informacio\u0301n y de Comercio Electro\u0301nico, le informa de que:\n<ul>\n \t<li>Su denominacio\u0301n social es: SPANISH CHEESE, SL.<\/li>\n \t<li>Su nombre comercial es: SPANISH CHEESE.<\/li>\n \t<li>Su CIF es: B02327781.<\/li>\n \t<li>Su domicilio social esta\u0301 en: POLIGONO INDUSTRIAL ROMICA CL 5 BIS,PARCELA 294 - 02008 ALBACETE (ESPAN\u0303A).<\/li>\n \t<li>Esta\u0301 inscrita en el Registro Mercantil de ALBACETE \u2022 Tomo 733, Libro 497,Folia 1 Seccio\u0301n 8, Hoja AB11455.<\/li>\n<\/ul>\n<\/div>\n<\/div>\n<div class=\"layoutArea\">\n<div class=\"column\"><\/div>\n<\/div>\n<\/div>\n<div class=\"page\" title=\"Page 3\">\n<div class=\"layoutArea\">\n<div class=\"column\">\n\n<\/div>\n<\/div>\n<div class=\"layoutArea\">\n<div class=\"column\">\n\n<strong>2. COMUNICACIONES<\/strong>\n\nPara comunicarse con nosotros, ponemos a su disposicio\u0301n diferentes medios de contacto que detallamos a continuacio\u0301n:\n\n\u2022 Tfno: 967254190.\n\u2022 Email: calidad@spanish-cheese.com. \u2022 Email: calidad2@spanish-cheese.com.\n\nTodas las notificaciones y comunicaciones entre los usuarios y SPANISH CHEESE se considerara\u0301n eficaces, a todos los efectos, cuando se realicen a trave\u0301s de cualquier medio de los detallados anteriormente.\n\n<strong>3. CONDICIONES DE ACCESO Y UTILIZACIO\u0301N<\/strong>\n\nEl sitio web y sus servicios son de acceso libre y gratuito. No obstante, SPANISH CHEESE puede condicionar la utilizacio\u0301n de algunos de los servicios ofrecidos en su web a la previa cumplimentacio\u0301n del correspondiente formulario.\n\nEl usuario garantiza la autenticidad y actualidad de todos aquellos datos que comunique a SPANISH CHEESE y sera\u0301 el u\u0301nico responsable de las manifestaciones falsas o inexactas que realice.\n\nEl usuario se compromete expresamente a hacer un uso adecuado de los contenidos y servicios de SPANISH CHEESE y a no emplearlos para, entre otros:\n\na) Difundir contenidos delictivos, violentos, pornogra\u0301ficos, racistas, xeno\u0301fobos, ofensivos, de apologi\u0301a del terrorismo o, en general, contrarios a la ley o al orden pu\u0301blico.\n\nb) Introducir en la red virus informa\u0301ticos o realizar actuaciones susceptibles de alterar, estropear, interrumpir o generar errores o dan\u0303os en los documentos electro\u0301nicos, datos o sistemas fi\u0301sicos y lo\u0301gicos de SPANISH CHEESE o de terceras personas; asi\u0301 como obstaculizar el acceso de otros usuarios al sitio web y a sus servicios mediante el consumo masivo de los recursos informa\u0301ticos a trave\u0301s de los cuales SPANISH CHEESE presta sus servicios.\n\nc) Intentar acceder a las cuentas de correo electro\u0301nico de otros usuarios o a a\u0301reas restringidas de los sistemas informa\u0301ticos de SPANISH CHEESE o de terceros y, en su caso, extraer informacio\u0301n.\n\n<\/div>\n<\/div>\n<\/div>\n<div class=\"page\" title=\"Page 4\">\n<div class=\"layoutArea\">\n<div class=\"column\">\n\nd) Vulnerar los derechos de propiedad intelectual o industrial, asi\u0301 como violar la confidencialidad de la informacio\u0301n de SPANISH CHEESE o de terceros.\n\ne) Suplantar la identidad de cualquier otro usuario.\n\nf) Reproducir, copiar, distribuir, poner a disposicio\u0301n de, o cualquier otra forma de comunicacio\u0301n pu\u0301blica, transformar o modificar los contenidos, a menos que se cuente con la autorizacio\u0301n del titular de los correspondientes derechos o ello resulte legalmente permitido.\n\ng) Recabar datos con finalidad publicitaria y de remitir publicidad de cualquier clase y comunicaciones con fines de venta u otras de naturaleza comercial sin que medie su previa solicitud o consentimiento.\n\nTodos los contenidos del sitio web, como textos, fotografi\u0301as, gra\u0301ficos, ima\u0301genes, iconos, tecnologi\u0301a, software, asi\u0301 como su disen\u0303o gra\u0301fico y co\u0301digos fuente, constituyen una obra cuya propiedad pertenece a SPANISH CHEESE, sin que puedan entenderse cedidos al usuario ninguno de los derechos de explotacio\u0301n sobre los mismos ma\u0301s alla\u0301 de lo estrictamente necesario para el correcto uso de la web.\n\nEn definitiva, los usuarios que accedan a este sitio web pueden visualizar los contenidos y efectuar, en su caso, copias privadas autorizadas siempre que los elementos reproducidos no sean cedidos posteriormente a terceros, ni se instalen a servidores conectados a redes, ni sean objeto de ningu\u0301n tipo de explotacio\u0301n.\n\nAsimismo, todas las marcas, nombres comerciales o signos distintivos de cualquier clase que aparecen en el sitio web son propiedad de SPANISH CHEESE, sin que pueda entenderse que el uso o acceso al mismo atribuya al usuario derecho alguno sobre los mismos.\n\nLa distribucio\u0301n, modificacio\u0301n, cesio\u0301n o comunicacio\u0301n pu\u0301blica de los contenidos y cualquier otro acto que no haya sido expresamente autorizado por el titular de los derechos de explotacio\u0301n quedan prohibidos.\n\nEl establecimiento de un hiperenlace no implica en ningu\u0301n caso la existencia de relaciones entre SPANISH CHEESE y el propietario del sitio web en la que se establezca, ni la aceptacio\u0301n y aprobacio\u0301n por parte de SPANISH CHEESE de sus contenidos o servicios.\n\n<\/div>\n<\/div>\n<\/div>\n<div class=\"page\" title=\"Page 5\">\n<div class=\"layoutArea\">\n<div class=\"column\">\n\nSPANISH CHEESE no se responsabiliza del uso que cada usuario le de\u0301 a los materiales puestos a disposicio\u0301n en este sitio web ni de las actuaciones que realice en base a los mismos.\n\n<strong>3.1 EXCLUSIO\u0301N DE GARANTI\u0301AS Y DE RESPONSABILIDAD EN EL ACCESO Y LA UTILIZACIO\u0301N<\/strong>\n\nEl contenido del presente sitio web es de cara\u0301cter general y tiene una finalidad meramente informativa, sin que se garantice plenamente el acceso a todos los contenidos, ni su exhaustividad, correccio\u0301n, vigencia o actualidad, ni su idoneidad o utilidad para un objetivo especi\u0301fico.\n\nSPANISH CHEESE excluye, hasta donde permite el ordenamiento juri\u0301dico, cualquier responsabilidad por los dan\u0303os y perjuicios de toda naturaleza derivados de:\n\na) La imposibilidad de acceso al sitio web o la falta de veracidad, exactitud, exhaustividad y\/o actualidad de los contenidos, asi\u0301 como la existencia de vicios y defectos de toda clase de los contenidos transmitidos, difundidos, almacenados, puestos a disposicio\u0301n, a los que se haya accedido a trave\u0301s del sitio web o de los servicios que se ofrecen.\n\nb) La presencia de virus o de otros elementos en los contenidos que puedan producir alteraciones en los sistemas informa\u0301ticos, documentos electro\u0301nicos o datos de los usuarios.\n\nc) El incumplimiento de las leyes, la buena fe, el orden pu\u0301blico, los usos del tra\u0301fico y el presente aviso legal como consecuencia del uso incorrecto del sitio web. En particular, y a modo ejemplificativo, SPANISH CHEESE no se hace responsable de las actuaciones de terceros que vulneren derechos de propiedad intelectual e industrial, secretos empresariales, derechos al honor, a la intimidad personal y familiar y a la propia imagen, asi\u0301 como la normativa en materia de competencia desleal y publicidad ili\u0301cita.\n\nAsimismo, SPANISH CHEESE declina cualquier responsabilidad respecto a la informacio\u0301n que se halle fuera de esta web y no sea gestionada directamente por nuestro webmaster. La funcio\u0301n de los links que aparecen en esta web es exclusivamente la de informar al usuario sobre la existencia de otras fuentes susceptibles de ampliar los contenidos que ofrece este sitio web. SPANISH CHEESE no garantiza ni se responsabiliza del funcionamiento o accesibilidad de los sitios enlazados; ni sugiere, invita o recomienda la visita a los mismos, por lo que tampoco sera\u0301 responsable del resultado obtenido. SPANISH CHEESE no se responsabiliza del establecimiento de hipervi\u0301nculos por parte de terceros.\n\n<\/div>\n<\/div>\n<\/div>\n<div class=\"page\" title=\"Page 6\">\n<div class=\"layoutArea\">\n<div class=\"column\">\n\n3.2 PROCEDIMIENTO EN CASO DE REALIZACIO\u0301N DE ACTIVIDADES DE CARA\u0301CTER ILI\u0301CITO\n\nEn el caso de que cualquier usuario o un tercero considere que existen hechos o circunstancias que revelen el cara\u0301cter ili\u0301cito de la utilizacio\u0301n de cualquier contenido y\/o de la realizacio\u0301n de cualquier actividad en las pa\u0301ginas web incluidas o accesibles a trave\u0301s del sitio web, debera\u0301 enviar una notificacio\u0301n a SPANISH CHEESE identifica\u0301ndose debidamente y especificando las supuestas infracciones.\n\n<strong>3.3 PUBLICACIONES<\/strong>\n\nLa informacio\u0301n administrativa facilitada a trave\u0301s del sitio web no sustituye la publicidad legal de las leyes, normativas, planes, disposiciones generales y actos que tengan que ser publicados formalmente a los diarios oficiales de las administraciones pu\u0301blicas, que constituyen el u\u0301nico instrumento que da fe de su autenticidad y contenido. La informacio\u0301n disponible en este sitio web debe entenderse como una gui\u0301a sin propo\u0301sito de validez legal.\n\n<strong>4. LEGISLACIO\u0301N APLICABLE<\/strong>\n\nLas condiciones presentes se regira\u0301n por la legislacio\u0301n espan\u0303ola vigente. La lengua utilizada sera\u0301 el Castellano.\n\n<\/div>\n<\/div>\n<\/div>\n[\/vc_column_text][vc_empty_space][vc_separator css_animation=\"fadeIn\" type=\"normal\"][vc_empty_space][vc_column_text]\n<h2>POLITICA DE PRIVACIDAD<\/h2>\n[\/vc_column_text][vc_column_text]\n<p class=\"p2\" style=\"color: black;\"><b>Informaci\u00f3n completa sobre Protecci\u00f3n de Datos<\/b><\/p>\n\n<ol class=\"ol1\" style=\"color: black;\">\n \t<li class=\"li2\"><b>\u00bfQui\u00e9n es el responsable del tratamiento de sus datos?<\/b><\/li>\n<\/ol>\n<p class=\"p3\" style=\"color: black;\">SPANISH CHEESE, SL.<\/p>\n<p class=\"p3\" style=\"color: black;\">B02327781.<\/p>\n<p class=\"p3\" style=\"color: black;\">PARQUE EMPRESARIAL ROMICA - CL 5 bis, PARCELA 294 - 02008 - ALBACETE.<\/p>\n<p class=\"p3\" style=\"color: black;\">967 254 190.<\/p>\n<p class=\"p3\" style=\"color: black;\">miguel@spanish-cheese.com.<\/p>\n\n<ol class=\"ol1\" style=\"color: black;\">\n \t<li class=\"li2\"><b>\u00bfCon qu\u00e9 finalidad tratamos sus datos personales?<\/b><\/li>\n<\/ol>\n<p class=\"p3\" style=\"color: black;\">En SPANISH CHEESE, SL tratamos la informaci\u00f3n que nos facilitan las personas interesadas con el fin de atender su solicitud y enviarle comunicaciones comerciales, inclusive por v\u00eda electr\u00f3nica. En el caso de que no facilite sus datos personales, no podremos cumplir con las funcionalidades descritas anteriormente.<\/p>\n<p class=\"p3\" style=\"color: black;\">No se van a tomar decisiones automatizadas en base a los datos proporcionados.<\/p>\n\n<ol class=\"ol1\" style=\"color: black;\">\n \t<li class=\"li2\"><b>\u00bfPor cu\u00e1nto tiempo conservaremos sus datos?<\/b><\/li>\n<\/ol>\n<p class=\"p3\" style=\"color: black;\">Los datos se conservar\u00e1n mientras el interesado no solicite su supresi\u00f3n.<\/p>\n\n<ol class=\"ol1\" style=\"color: black;\">\n \t<li class=\"li2\"><b>\u00bfCu\u00e1l es la legitimaci\u00f3n para el tratamiento de sus datos?<\/b><\/li>\n<\/ol>\n<p class=\"p3\" style=\"color: black;\">Le indicamos la base legal para el tratamiento de sus datos:<\/p>\n\n<ul style=\"color: black;\">\n \t<li class=\"li3\">Ejecuci\u00f3n de un contrato: Atender su solicitud.<\/li>\n \t<li class=\"li3\">Consentimiento del interesado: Enviarle comunicaciones comerciales, inclusive por v\u00eda electr\u00f3nica.<\/li>\n<\/ul>\n<ol class=\"ol1\" style=\"color: black;\">\n \t<li class=\"li2\"><b>\u00bfA qu\u00e9 destinatarios se comunicar\u00e1n sus datos?<\/b><\/li>\n<\/ol>\n<p class=\"p3\" style=\"color: black;\">No se ceder\u00e1n datos a terceros, salvo obligaci\u00f3n legal.<\/p>\n\n<ol class=\"ol1\" style=\"color: black;\">\n \t<li class=\"li2\"><b>Transferencias de datos a terceros pa\u00edses<\/b><\/li>\n<\/ol>\n<p class=\"p3\" style=\"color: black;\">No est\u00e1n previstas transferencias de datos a terceros pa\u00edses.<\/p>\n\n<ol class=\"ol1\">\n \t<li class=\"li2\"><b>\u00bfCu\u00e1les son sus derechos cuando nos facilita sus datos?<\/b><\/li>\n<\/ol>\n<p class=\"p3\">Cualquier persona tiene derecho a obtener confirmaci\u00f3n sobre si en SPANISH CHEESE, SL estamos tratando, o no, datos personales que les conciernan.<\/p>\n<p class=\"p3\" style=\"color: black;\">Las personas interesadas tienen derecho a acceder a sus datos personales, as\u00ed como a solicitar la rectificaci\u00f3n de los datos inexactos o, en su caso, solicitar su supresi\u00f3n cuando, entre otros motivos, los datos ya no sean necesarios para los fines que fueron recogidos. Igualmente tiene derecho a la portabilidad de sus datos.<\/p>\n<p class=\"p3\" style=\"color: black;\">En determinadas circunstancias, los interesados podr\u00e1n solicitar la limitaci\u00f3n del tratamiento de sus datos, en cuyo caso \u00fanicamente los conservaremos para el ejercicio o la defensa de reclamaciones.<\/p>\n<p class=\"p3\" style=\"color: black;\">En determinadas circunstancias y por motivos relacionados con su situaci\u00f3n particular, los interesados podr\u00e1n oponerse al tratamiento de sus datos. En este caso, SPANISH CHEESE, SL dejar\u00e1 de tratar los datos, salvo por motivos leg\u00edtimos imperiosos, o el ejercicio o la defensa de posibles reclamaciones.<\/p>\n<p class=\"p3\" style=\"color: black;\">Podr\u00e1 ejercitar materialmente sus derechos de la siguiente forma: dirigi\u00e9ndose a la direcci\u00f3n del responsable del tratamiento<\/p>\n<p class=\"p3\" style=\"color: black;\">Cuando se realice el env\u00edo de comunicaciones comerciales utilizando como base jur\u00eddica el inter\u00e9s leg\u00edtimo del responsable, el interesado podr\u00e1 oponerse al tratamiento de sus datos con ese fin.<\/p>\n<p class=\"p3\" style=\"color: black;\">Si ha otorgado su consentimiento para alguna finalidad concreta, tiene derecho a retirar el consentimiento otorgado en cualquier momento, sin que ello afecte a la licitud del tratamiento basado en el consentimiento previo a su retirada.<\/p>\n<p class=\"p3\" style=\"color: black;\">En caso de que sienta vulnerados sus derechos en lo concerniente a la protecci\u00f3n de sus datos personales, especialmente cuando no haya obtenido satisfacci\u00f3n en el ejercicio de sus derechos, puede presentar una reclamaci\u00f3n ante la Autoridad de Control en materia de Protecci\u00f3n de Datos competente a trav\u00e9s de su sitio web: www.aepd.es.<\/p>\n\n<ol class=\"ol1\">\n \t<li class=\"li2\"><b>\u00bfC\u00f3mo hemos obtenido sus datos?<\/b><\/li>\n<\/ol>\n<p class=\"p1\">Los datos personales que tratamos en SPANISH CHEESE, SL proceden de: El propio interesado.<\/p>\n[\/vc_column_text][\/vc_column][\/vc_row]<\/div>\n\t\t\t\t\t\t<\/div>\n\t\t\t\t<\/div>\n\t\t\t\t<div class=\"elementor-element elementor-element-5359a2e elementor-widget elementor-widget-spacer\" data-id=\"5359a2e\" data-element_type=\"widget\" data-e-type=\"widget\" data-widget_type=\"spacer.default\">\n\t\t\t\t<div class=\"elementor-widget-container\">\n\t\t\t\t\t\t\t<div class=\"elementor-spacer\">\n\t\t\t<div class=\"elementor-spacer-inner\"><\/div>\n\t\t<\/div>\n\t\t\t\t\t\t<\/div>\n\t\t\t\t<\/div>\n\t\t\t\t\t<\/div>\n\t\t<\/div>\n\t\t\t\t\t<\/div>\n\t\t<\/section>\n\t\t\t\t<\/div>\n\t\t","protected":false},"excerpt":{"rendered":"<p>[vc_row css_animation=\u00bb\u00bb row_type=\u00bbrow\u00bb use_row_as_full_screen_section=\u00bbno\u00bb type=\u00bbfull_width\u00bb angled_section=\u00bbno\u00bb text_align=\u00bbleft\u00bb background_image_as_pattern=\u00bbwithout_pattern\u00bb][vc_column][vc_column_text] AVISO LEGAL 0. OBJETO El presente aviso legal regula el uso y utilizacio\u0301n del sitio web spanish-cheese.com, del que es titular SPANISH CHEESE, SL (en adelante, SPANISH CHEESE). La navegacio\u0301n por el sitio web de SPANISH CHEESE&#8230;<\/p>\n","protected":false},"author":1,"featured_media":0,"parent":0,"menu_order":0,"comment_status":"closed","ping_status":"closed","template":"","meta":{"footnotes":""},"class_list":["post-2510","page","type-page","status-publish","hentry"],"_links":{"self":[{"href":"https:\/\/spanish-cheese.com\/fr\/wp-json\/wp\/v2\/pages\/2510","targetHints":{"allow":["GET"]}}],"collection":[{"href":"https:\/\/spanish-cheese.com\/fr\/wp-json\/wp\/v2\/pages"}],"about":[{"href":"https:\/\/spanish-cheese.com\/fr\/wp-json\/wp\/v2\/types\/page"}],"author":[{"embeddable":true,"href":"https:\/\/spanish-cheese.com\/fr\/wp-json\/wp\/v2\/users\/1"}],"replies":[{"embeddable":true,"href":"https:\/\/spanish-cheese.com\/fr\/wp-json\/wp\/v2\/comments?post=2510"}],"version-history":[{"count":0,"href":"https:\/\/spanish-cheese.com\/fr\/wp-json\/wp\/v2\/pages\/2510\/revisions"}],"wp:attachment":[{"href":"https:\/\/spanish-cheese.com\/fr\/wp-json\/wp\/v2\/media?parent=2510"}],"curies":[{"name":"wp","href":"https:\/\/api.w.org\/{rel}","templated":true}]}}