{"id":3734,"date":"2021-07-22T07:42:29","date_gmt":"2021-07-22T07:42:29","guid":{"rendered":"https:\/\/www.spanish-cheese.com\/?page_id=3734"},"modified":"2022-02-23T08:32:16","modified_gmt":"2022-02-23T08:32:16","slug":"calidad-y-sostenibilidad","status":"publish","type":"page","link":"https:\/\/spanish-cheese.com\/es\/calidad-y-sostenibilidad\/","title":{"rendered":"CALIDAD Y SOSTENIBILIDAD"},"content":{"rendered":"\t\t<div data-elementor-type=\"wp-page\" data-elementor-id=\"3734\" class=\"elementor elementor-3734\" data-elementor-post-type=\"page\">\n\t\t\t\t\t\t<section class=\"elementor-section elementor-top-section elementor-element elementor-element-1a276622 elementor-section-full_width elementor-section-stretched elementor-section-height-default elementor-section-height-default\" data-id=\"1a276622\" data-element_type=\"section\" data-e-type=\"section\" data-settings=\"{&quot;stretch_section&quot;:&quot;section-stretched&quot;}\">\n\t\t\t\t\t\t<div class=\"elementor-container elementor-column-gap-no\">\n\t\t\t\t\t<div class=\"elementor-column elementor-col-100 elementor-top-column elementor-element elementor-element-4fbfdd64\" data-id=\"4fbfdd64\" data-element_type=\"column\" data-e-type=\"column\">\n\t\t\t<div class=\"elementor-widget-wrap elementor-element-populated\">\n\t\t\t\t\t\t<div class=\"elementor-element elementor-element-1f407ea0 elementor--h-position-center elementor--v-position-middle elementor-widget elementor-widget-slides\" data-id=\"1f407ea0\" data-element_type=\"widget\" data-e-type=\"widget\" data-settings=\"{&quot;navigation&quot;:&quot;none&quot;,&quot;infinite&quot;:&quot;yes&quot;,&quot;transition&quot;:&quot;slide&quot;,&quot;transition_speed&quot;:500}\" data-widget_type=\"slides.default\">\n\t\t\t\t<div class=\"elementor-widget-container\">\n\t\t\t\t\t\t\t\t\t<div class=\"elementor-swiper\">\r\n\t\t\t\t\t<div class=\"elementor-slides-wrapper elementor-main-swiper swiper\" role=\"region\" aria-roledescription=\"carousel\" aria-label=\"Diapositivas\" dir=\"ltr\" data-animation=\"fadeInUp\">\r\n\t\t\t\t<div class=\"swiper-wrapper elementor-slides\">\r\n\t\t\t\t\t\t\t\t\t\t<div class=\"elementor-repeater-item-a48e5d6 swiper-slide\" role=\"group\" aria-roledescription=\"slide\"><div class=\"swiper-slide-bg elementor-ken-burns elementor-ken-burns--in\" role=\"img\"><\/div><div class=\"elementor-background-overlay\"><\/div><div class=\"swiper-slide-inner\" ><div class=\"swiper-slide-contents\"><div class=\"elementor-slide-heading\">Calidad y sostenibilidad<\/div><div class=\"elementor-slide-description\">A trav\u00e9s de procesos de producci\u00f3n eficaces y optimizados nuestro objetivo diario es alcanzar el m\u00e1ximo nivel de calidad desde un compromiso absoluto con el cuidado del medio ambiente.<\/div><\/div><\/div><\/div>\t\t\t\t<\/div>\r\n\t\t\t\t\t\t\t<\/div>\r\n\t\t\t\t<\/div>\r\n\t\t\t\t\t\t\t\t<\/div>\n\t\t\t\t<\/div>\n\t\t\t\t\t<\/div>\n\t\t<\/div>\n\t\t\t\t\t<\/div>\n\t\t<\/section>\n\t\t\t\t<section class=\"elementor-section elementor-top-section elementor-element elementor-element-7ee2dc32 elementor-section-stretched elementor-section-height-min-height elementor-section-full_width elementor-section-height-default elementor-section-items-middle\" data-id=\"7ee2dc32\" data-element_type=\"section\" data-e-type=\"section\" data-settings=\"{&quot;background_background&quot;:&quot;classic&quot;,&quot;stretch_section&quot;:&quot;section-stretched&quot;}\">\n\t\t\t\t\t\t<div class=\"elementor-container elementor-column-gap-extended\">\n\t\t\t\t\t<div class=\"elementor-column elementor-col-100 elementor-top-column elementor-element elementor-element-3887280e\" data-id=\"3887280e\" data-element_type=\"column\" data-e-type=\"column\">\n\t\t\t<div class=\"elementor-widget-wrap elementor-element-populated\">\n\t\t\t\t\t\t<section class=\"elementor-section elementor-inner-section elementor-element elementor-element-5cf5a2f elementor-section-height-min-height elementor-section-boxed elementor-section-height-default\" data-id=\"5cf5a2f\" data-element_type=\"section\" data-e-type=\"section\">\n\t\t\t\t\t\t<div class=\"elementor-container elementor-column-gap-default\">\n\t\t\t\t\t<div class=\"elementor-column elementor-col-100 elementor-inner-column elementor-element elementor-element-eb6d312\" data-id=\"eb6d312\" data-element_type=\"column\" data-e-type=\"column\">\n\t\t\t<div class=\"elementor-widget-wrap elementor-element-populated\">\n\t\t\t\t\t\t<div class=\"elementor-element elementor-element-56401c5 elementor-widget elementor-widget-text-editor\" data-id=\"56401c5\" data-element_type=\"widget\" data-e-type=\"widget\" data-widget_type=\"text-editor.default\">\n\t\t\t\t<div class=\"elementor-widget-container\">\n\t\t\t\t\t\t\t\t\t<p>Es imprescindible, para obtener un producto sano y de calidad, que las ovejas y cabras de las que obtenemos la leche con la que se produce el queso vivan y pasten en entornos naturales y libres de contaminaci\u00f3n.<\/p><p>Hemos implementado estrictas medidas de recuperaci\u00f3n de residuos para reducir nuestra huella de carbono.<\/p><p><strong>SPANISH CHEESE<\/strong>, S.L. fabrica bajo est\u00e1ndares de m\u00e1xima calidad de forma totalmente comprometida con el cuidado del medio ambientes. Estamos certificados BRC e IFS para la producci\u00f3n y manipulaci\u00f3n de nuestros quesos.<\/p>\t\t\t\t\t\t\t\t<\/div>\n\t\t\t\t<\/div>\n\t\t\t\t\t<\/div>\n\t\t<\/div>\n\t\t\t\t\t<\/div>\n\t\t<\/section>\n\t\t\t\t<section class=\"elementor-section elementor-inner-section elementor-element elementor-element-ec57b90 elementor-section-height-min-height elementor-section-boxed elementor-section-height-default\" data-id=\"ec57b90\" data-element_type=\"section\" data-e-type=\"section\">\n\t\t\t\t\t\t<div class=\"elementor-container elementor-column-gap-default\">\n\t\t\t\t\t<div class=\"elementor-column elementor-col-25 elementor-inner-column elementor-element elementor-element-1c7698c\" data-id=\"1c7698c\" data-element_type=\"column\" data-e-type=\"column\">\n\t\t\t<div class=\"elementor-widget-wrap elementor-element-populated\">\n\t\t\t\t\t\t<div class=\"elementor-element elementor-element-9ef554e elementor-invisible elementor-widget elementor-widget-image\" data-id=\"9ef554e\" data-element_type=\"widget\" data-e-type=\"widget\" data-settings=\"{&quot;_animation&quot;:&quot;fadeIn&quot;}\" data-widget_type=\"image.default\">\n\t\t\t\t<div class=\"elementor-widget-container\">\n\t\t\t\t\t\t\t\t\t\t\t\t\t\t\t<img fetchpriority=\"high\" decoding=\"async\" width=\"800\" height=\"800\" src=\"https:\/\/spanish-cheese.com\/wp-content\/uploads\/2021\/08\/SELLO-BRCS.png\" class=\"attachment-large size-large wp-image-5390\" alt=\"\" srcset=\"https:\/\/spanish-cheese.com\/wp-content\/uploads\/2021\/08\/SELLO-BRCS.png 800w, https:\/\/spanish-cheese.com\/wp-content\/uploads\/2021\/08\/SELLO-BRCS-300x300.png 300w, https:\/\/spanish-cheese.com\/wp-content\/uploads\/2021\/08\/SELLO-BRCS-150x150.png 150w, https:\/\/spanish-cheese.com\/wp-content\/uploads\/2021\/08\/SELLO-BRCS-768x768.png 768w, https:\/\/spanish-cheese.com\/wp-content\/uploads\/2021\/08\/SELLO-BRCS-570x570.png 570w, https:\/\/spanish-cheese.com\/wp-content\/uploads\/2021\/08\/SELLO-BRCS-500x500.png 500w, https:\/\/spanish-cheese.com\/wp-content\/uploads\/2021\/08\/SELLO-BRCS-700x700.png 700w, https:\/\/spanish-cheese.com\/wp-content\/uploads\/2021\/08\/SELLO-BRCS-600x600.png 600w, https:\/\/spanish-cheese.com\/wp-content\/uploads\/2021\/08\/SELLO-BRCS-100x100.png 100w\" sizes=\"(max-width: 800px) 100vw, 800px\" \/>\t\t\t\t\t\t\t\t\t\t\t\t\t\t\t<\/div>\n\t\t\t\t<\/div>\n\t\t\t\t<div class=\"elementor-element elementor-element-1fd5a74 elementor-invisible elementor-widget elementor-widget-image\" data-id=\"1fd5a74\" data-element_type=\"widget\" data-e-type=\"widget\" data-settings=\"{&quot;_animation&quot;:&quot;fadeIn&quot;}\" data-widget_type=\"image.default\">\n\t\t\t\t<div class=\"elementor-widget-container\">\n\t\t\t\t\t\t\t\t\t\t\t\t\t\t\t<img decoding=\"async\" width=\"800\" height=\"800\" src=\"https:\/\/spanish-cheese.com\/wp-content\/uploads\/2021\/08\/sello-especialidad-tradicional-garantizada.png\" class=\"attachment-large size-large wp-image-5346\" alt=\"\" srcset=\"https:\/\/spanish-cheese.com\/wp-content\/uploads\/2021\/08\/sello-especialidad-tradicional-garantizada.png 800w, https:\/\/spanish-cheese.com\/wp-content\/uploads\/2021\/08\/sello-especialidad-tradicional-garantizada-300x300.png 300w, https:\/\/spanish-cheese.com\/wp-content\/uploads\/2021\/08\/sello-especialidad-tradicional-garantizada-150x150.png 150w, https:\/\/spanish-cheese.com\/wp-content\/uploads\/2021\/08\/sello-especialidad-tradicional-garantizada-768x768.png 768w, https:\/\/spanish-cheese.com\/wp-content\/uploads\/2021\/08\/sello-especialidad-tradicional-garantizada-570x570.png 570w, https:\/\/spanish-cheese.com\/wp-content\/uploads\/2021\/08\/sello-especialidad-tradicional-garantizada-500x500.png 500w, https:\/\/spanish-cheese.com\/wp-content\/uploads\/2021\/08\/sello-especialidad-tradicional-garantizada-700x700.png 700w, https:\/\/spanish-cheese.com\/wp-content\/uploads\/2021\/08\/sello-especialidad-tradicional-garantizada-600x600.png 600w, https:\/\/spanish-cheese.com\/wp-content\/uploads\/2021\/08\/sello-especialidad-tradicional-garantizada-100x100.png 100w\" sizes=\"(max-width: 800px) 100vw, 800px\" \/>\t\t\t\t\t\t\t\t\t\t\t\t\t\t\t<\/div>\n\t\t\t\t<\/div>\n\t\t\t\t\t<\/div>\n\t\t<\/div>\n\t\t\t\t<div class=\"elementor-column elementor-col-25 elementor-inner-column elementor-element elementor-element-f5f173f\" data-id=\"f5f173f\" data-element_type=\"column\" data-e-type=\"column\">\n\t\t\t<div class=\"elementor-widget-wrap elementor-element-populated\">\n\t\t\t\t\t\t<div class=\"elementor-element elementor-element-5e8045b elementor-invisible elementor-widget elementor-widget-image\" data-id=\"5e8045b\" data-element_type=\"widget\" data-e-type=\"widget\" data-settings=\"{&quot;_animation&quot;:&quot;fadeIn&quot;}\" data-widget_type=\"image.default\">\n\t\t\t\t<div class=\"elementor-widget-container\">\n\t\t\t\t\t\t\t\t\t\t\t\t\t\t\t<img decoding=\"async\" width=\"800\" height=\"800\" src=\"https:\/\/spanish-cheese.com\/wp-content\/uploads\/2021\/08\/LOGO-IFS-FOOD.png\" class=\"attachment-large size-large wp-image-5389\" alt=\"\" srcset=\"https:\/\/spanish-cheese.com\/wp-content\/uploads\/2021\/08\/LOGO-IFS-FOOD.png 800w, https:\/\/spanish-cheese.com\/wp-content\/uploads\/2021\/08\/LOGO-IFS-FOOD-300x300.png 300w, https:\/\/spanish-cheese.com\/wp-content\/uploads\/2021\/08\/LOGO-IFS-FOOD-150x150.png 150w, https:\/\/spanish-cheese.com\/wp-content\/uploads\/2021\/08\/LOGO-IFS-FOOD-768x768.png 768w, https:\/\/spanish-cheese.com\/wp-content\/uploads\/2021\/08\/LOGO-IFS-FOOD-570x570.png 570w, https:\/\/spanish-cheese.com\/wp-content\/uploads\/2021\/08\/LOGO-IFS-FOOD-500x500.png 500w, https:\/\/spanish-cheese.com\/wp-content\/uploads\/2021\/08\/LOGO-IFS-FOOD-700x700.png 700w, https:\/\/spanish-cheese.com\/wp-content\/uploads\/2021\/08\/LOGO-IFS-FOOD-600x600.png 600w, https:\/\/spanish-cheese.com\/wp-content\/uploads\/2021\/08\/LOGO-IFS-FOOD-100x100.png 100w\" sizes=\"(max-width: 800px) 100vw, 800px\" \/>\t\t\t\t\t\t\t\t\t\t\t\t\t\t\t<\/div>\n\t\t\t\t<\/div>\n\t\t\t\t<div class=\"elementor-element elementor-element-26c535c elementor-invisible elementor-widget elementor-widget-image\" data-id=\"26c535c\" data-element_type=\"widget\" data-e-type=\"widget\" data-settings=\"{&quot;_animation&quot;:&quot;fadeIn&quot;}\" data-widget_type=\"image.default\">\n\t\t\t\t<div class=\"elementor-widget-container\">\n\t\t\t\t\t\t\t\t\t\t\t\t\t\t\t<img loading=\"lazy\" decoding=\"async\" width=\"800\" height=\"800\" src=\"https:\/\/spanish-cheese.com\/wp-content\/uploads\/2021\/08\/sello-denominacion-de-origen-protegida.png\" class=\"attachment-large size-large wp-image-5345\" alt=\"\" srcset=\"https:\/\/spanish-cheese.com\/wp-content\/uploads\/2021\/08\/sello-denominacion-de-origen-protegida.png 800w, https:\/\/spanish-cheese.com\/wp-content\/uploads\/2021\/08\/sello-denominacion-de-origen-protegida-300x300.png 300w, https:\/\/spanish-cheese.com\/wp-content\/uploads\/2021\/08\/sello-denominacion-de-origen-protegida-150x150.png 150w, https:\/\/spanish-cheese.com\/wp-content\/uploads\/2021\/08\/sello-denominacion-de-origen-protegida-768x768.png 768w, https:\/\/spanish-cheese.com\/wp-content\/uploads\/2021\/08\/sello-denominacion-de-origen-protegida-570x570.png 570w, https:\/\/spanish-cheese.com\/wp-content\/uploads\/2021\/08\/sello-denominacion-de-origen-protegida-500x500.png 500w, https:\/\/spanish-cheese.com\/wp-content\/uploads\/2021\/08\/sello-denominacion-de-origen-protegida-700x700.png 700w, https:\/\/spanish-cheese.com\/wp-content\/uploads\/2021\/08\/sello-denominacion-de-origen-protegida-600x600.png 600w, https:\/\/spanish-cheese.com\/wp-content\/uploads\/2021\/08\/sello-denominacion-de-origen-protegida-100x100.png 100w\" sizes=\"(max-width: 800px) 100vw, 800px\" \/>\t\t\t\t\t\t\t\t\t\t\t\t\t\t\t<\/div>\n\t\t\t\t<\/div>\n\t\t\t\t\t<\/div>\n\t\t<\/div>\n\t\t\t\t<div class=\"elementor-column elementor-col-25 elementor-inner-column elementor-element elementor-element-559b00d\" data-id=\"559b00d\" data-element_type=\"column\" data-e-type=\"column\">\n\t\t\t<div class=\"elementor-widget-wrap elementor-element-populated\">\n\t\t\t\t\t\t<div class=\"elementor-element elementor-element-96e18c9 elementor-invisible elementor-widget elementor-widget-image\" data-id=\"96e18c9\" data-element_type=\"widget\" data-e-type=\"widget\" data-settings=\"{&quot;_animation&quot;:&quot;fadeIn&quot;}\" data-widget_type=\"image.default\">\n\t\t\t\t<div class=\"elementor-widget-container\">\n\t\t\t\t\t\t\t\t\t\t\t\t\t\t\t<img loading=\"lazy\" decoding=\"async\" width=\"800\" height=\"800\" src=\"https:\/\/spanish-cheese.com\/wp-content\/uploads\/2021\/08\/LOGO-QUESO-MANCHEGO-DOP.png\" class=\"attachment-large size-large wp-image-5388\" alt=\"\" srcset=\"https:\/\/spanish-cheese.com\/wp-content\/uploads\/2021\/08\/LOGO-QUESO-MANCHEGO-DOP.png 800w, https:\/\/spanish-cheese.com\/wp-content\/uploads\/2021\/08\/LOGO-QUESO-MANCHEGO-DOP-300x300.png 300w, https:\/\/spanish-cheese.com\/wp-content\/uploads\/2021\/08\/LOGO-QUESO-MANCHEGO-DOP-150x150.png 150w, https:\/\/spanish-cheese.com\/wp-content\/uploads\/2021\/08\/LOGO-QUESO-MANCHEGO-DOP-768x768.png 768w, https:\/\/spanish-cheese.com\/wp-content\/uploads\/2021\/08\/LOGO-QUESO-MANCHEGO-DOP-570x570.png 570w, https:\/\/spanish-cheese.com\/wp-content\/uploads\/2021\/08\/LOGO-QUESO-MANCHEGO-DOP-500x500.png 500w, https:\/\/spanish-cheese.com\/wp-content\/uploads\/2021\/08\/LOGO-QUESO-MANCHEGO-DOP-700x700.png 700w, https:\/\/spanish-cheese.com\/wp-content\/uploads\/2021\/08\/LOGO-QUESO-MANCHEGO-DOP-600x600.png 600w, https:\/\/spanish-cheese.com\/wp-content\/uploads\/2021\/08\/LOGO-QUESO-MANCHEGO-DOP-100x100.png 100w\" sizes=\"(max-width: 800px) 100vw, 800px\" \/>\t\t\t\t\t\t\t\t\t\t\t\t\t\t\t<\/div>\n\t\t\t\t<\/div>\n\t\t\t\t<div class=\"elementor-element elementor-element-0406496 elementor-invisible elementor-widget elementor-widget-image\" data-id=\"0406496\" data-element_type=\"widget\" data-e-type=\"widget\" data-settings=\"{&quot;_animation&quot;:&quot;fadeIn&quot;}\" data-widget_type=\"image.default\">\n\t\t\t\t<div class=\"elementor-widget-container\">\n\t\t\t\t\t\t\t\t\t\t\t\t\t\t\t<img loading=\"lazy\" decoding=\"async\" width=\"800\" height=\"800\" src=\"https:\/\/spanish-cheese.com\/wp-content\/uploads\/2021\/08\/sello-aenor-serranos.png\" class=\"attachment-large size-large wp-image-5344\" alt=\"\" srcset=\"https:\/\/spanish-cheese.com\/wp-content\/uploads\/2021\/08\/sello-aenor-serranos.png 800w, https:\/\/spanish-cheese.com\/wp-content\/uploads\/2021\/08\/sello-aenor-serranos-300x300.png 300w, https:\/\/spanish-cheese.com\/wp-content\/uploads\/2021\/08\/sello-aenor-serranos-150x150.png 150w, https:\/\/spanish-cheese.com\/wp-content\/uploads\/2021\/08\/sello-aenor-serranos-768x768.png 768w, https:\/\/spanish-cheese.com\/wp-content\/uploads\/2021\/08\/sello-aenor-serranos-570x570.png 570w, https:\/\/spanish-cheese.com\/wp-content\/uploads\/2021\/08\/sello-aenor-serranos-500x500.png 500w, https:\/\/spanish-cheese.com\/wp-content\/uploads\/2021\/08\/sello-aenor-serranos-700x700.png 700w, https:\/\/spanish-cheese.com\/wp-content\/uploads\/2021\/08\/sello-aenor-serranos-600x600.png 600w, https:\/\/spanish-cheese.com\/wp-content\/uploads\/2021\/08\/sello-aenor-serranos-100x100.png 100w\" sizes=\"(max-width: 800px) 100vw, 800px\" \/>\t\t\t\t\t\t\t\t\t\t\t\t\t\t\t<\/div>\n\t\t\t\t<\/div>\n\t\t\t\t\t<\/div>\n\t\t<\/div>\n\t\t\t\t<div class=\"elementor-column elementor-col-25 elementor-inner-column elementor-element elementor-element-a953fcb\" data-id=\"a953fcb\" data-element_type=\"column\" data-e-type=\"column\" data-settings=\"{&quot;background_background&quot;:&quot;slideshow&quot;,&quot;background_slideshow_gallery&quot;:[],&quot;background_slideshow_loop&quot;:&quot;yes&quot;,&quot;background_slideshow_slide_duration&quot;:5000,&quot;background_slideshow_slide_transition&quot;:&quot;fade&quot;,&quot;background_slideshow_transition_duration&quot;:500}\">\n\t\t\t<div class=\"elementor-widget-wrap elementor-element-populated\">\n\t\t\t\t\t\t<div class=\"elementor-element elementor-element-892f424 elementor-invisible elementor-widget elementor-widget-image\" data-id=\"892f424\" data-element_type=\"widget\" data-e-type=\"widget\" data-settings=\"{&quot;_animation&quot;:&quot;fadeIn&quot;}\" data-widget_type=\"image.default\">\n\t\t\t\t<div class=\"elementor-widget-container\">\n\t\t\t\t\t\t\t\t\t\t\t\t\t\t\t<img loading=\"lazy\" decoding=\"async\" width=\"800\" height=\"800\" src=\"https:\/\/spanish-cheese.com\/wp-content\/uploads\/2021\/08\/SELLO-ECOLOGICO.png\" class=\"attachment-large size-large wp-image-5391\" alt=\"\" srcset=\"https:\/\/spanish-cheese.com\/wp-content\/uploads\/2021\/08\/SELLO-ECOLOGICO.png 800w, https:\/\/spanish-cheese.com\/wp-content\/uploads\/2021\/08\/SELLO-ECOLOGICO-300x300.png 300w, https:\/\/spanish-cheese.com\/wp-content\/uploads\/2021\/08\/SELLO-ECOLOGICO-150x150.png 150w, https:\/\/spanish-cheese.com\/wp-content\/uploads\/2021\/08\/SELLO-ECOLOGICO-768x768.png 768w, https:\/\/spanish-cheese.com\/wp-content\/uploads\/2021\/08\/SELLO-ECOLOGICO-570x570.png 570w, https:\/\/spanish-cheese.com\/wp-content\/uploads\/2021\/08\/SELLO-ECOLOGICO-500x500.png 500w, https:\/\/spanish-cheese.com\/wp-content\/uploads\/2021\/08\/SELLO-ECOLOGICO-700x700.png 700w, https:\/\/spanish-cheese.com\/wp-content\/uploads\/2021\/08\/SELLO-ECOLOGICO-600x600.png 600w, https:\/\/spanish-cheese.com\/wp-content\/uploads\/2021\/08\/SELLO-ECOLOGICO-100x100.png 100w\" sizes=\"(max-width: 800px) 100vw, 800px\" \/>\t\t\t\t\t\t\t\t\t\t\t\t\t\t\t<\/div>\n\t\t\t\t<\/div>\n\t\t\t\t<div class=\"elementor-element elementor-element-037136c elementor-invisible elementor-widget elementor-widget-image\" data-id=\"037136c\" data-element_type=\"widget\" data-e-type=\"widget\" data-settings=\"{&quot;_animation&quot;:&quot;fadeIn&quot;}\" data-widget_type=\"image.default\">\n\t\t\t\t<div class=\"elementor-widget-container\">\n\t\t\t\t\t\t\t\t\t\t\t\t\t\t\t<img loading=\"lazy\" decoding=\"async\" width=\"800\" height=\"800\" src=\"https:\/\/spanish-cheese.com\/wp-content\/uploads\/2021\/08\/sello-aenor-ibericos.png\" class=\"attachment-large size-large wp-image-5343\" alt=\"\" srcset=\"https:\/\/spanish-cheese.com\/wp-content\/uploads\/2021\/08\/sello-aenor-ibericos.png 800w, https:\/\/spanish-cheese.com\/wp-content\/uploads\/2021\/08\/sello-aenor-ibericos-300x300.png 300w, https:\/\/spanish-cheese.com\/wp-content\/uploads\/2021\/08\/sello-aenor-ibericos-150x150.png 150w, https:\/\/spanish-cheese.com\/wp-content\/uploads\/2021\/08\/sello-aenor-ibericos-768x768.png 768w, https:\/\/spanish-cheese.com\/wp-content\/uploads\/2021\/08\/sello-aenor-ibericos-570x570.png 570w, https:\/\/spanish-cheese.com\/wp-content\/uploads\/2021\/08\/sello-aenor-ibericos-500x500.png 500w, https:\/\/spanish-cheese.com\/wp-content\/uploads\/2021\/08\/sello-aenor-ibericos-700x700.png 700w, https:\/\/spanish-cheese.com\/wp-content\/uploads\/2021\/08\/sello-aenor-ibericos-600x600.png 600w, https:\/\/spanish-cheese.com\/wp-content\/uploads\/2021\/08\/sello-aenor-ibericos-100x100.png 100w\" sizes=\"(max-width: 800px) 100vw, 800px\" \/>\t\t\t\t\t\t\t\t\t\t\t\t\t\t\t<\/div>\n\t\t\t\t<\/div>\n\t\t\t\t\t<\/div>\n\t\t<\/div>\n\t\t\t\t\t<\/div>\n\t\t<\/section>\n\t\t\t\t<div class=\"elementor-element elementor-element-3cc0eb5 elementor-invisible elementor-widget elementor-widget-image\" data-id=\"3cc0eb5\" data-element_type=\"widget\" data-e-type=\"widget\" data-settings=\"{&quot;_animation&quot;:&quot;fadeInUp&quot;}\" data-widget_type=\"image.default\">\n\t\t\t\t<div class=\"elementor-widget-container\">\n\t\t\t\t\t\t\t\t\t\t\t\t\t\t\t<img loading=\"lazy\" decoding=\"async\" width=\"1024\" height=\"564\" src=\"https:\/\/spanish-cheese.com\/wp-content\/uploads\/2021\/08\/ovejas-manchegas-pastando-1-1024x564.png\" class=\"attachment-large size-large wp-image-5380\" alt=\"\" srcset=\"https:\/\/spanish-cheese.com\/wp-content\/uploads\/2021\/08\/ovejas-manchegas-pastando-1-1024x564.png 1024w, https:\/\/spanish-cheese.com\/wp-content\/uploads\/2021\/08\/ovejas-manchegas-pastando-1-300x165.png 300w, https:\/\/spanish-cheese.com\/wp-content\/uploads\/2021\/08\/ovejas-manchegas-pastando-1-768x423.png 768w, https:\/\/spanish-cheese.com\/wp-content\/uploads\/2021\/08\/ovejas-manchegas-pastando-1-700x386.png 700w, https:\/\/spanish-cheese.com\/wp-content\/uploads\/2021\/08\/ovejas-manchegas-pastando-1-600x331.png 600w, https:\/\/spanish-cheese.com\/wp-content\/uploads\/2021\/08\/ovejas-manchegas-pastando-1.png 1200w\" sizes=\"(max-width: 1024px) 100vw, 1024px\" \/>\t\t\t\t\t\t\t\t\t\t\t\t\t\t\t<\/div>\n\t\t\t\t<\/div>\n\t\t\t\t\t<\/div>\n\t\t<\/div>\n\t\t\t\t\t<\/div>\n\t\t<\/section>\n\t\t\t\t<section class=\"elementor-section elementor-top-section elementor-element elementor-element-b715dff elementor-section-full_width elementor-section-stretched elementor-section-height-default elementor-section-height-default\" data-id=\"b715dff\" data-element_type=\"section\" data-e-type=\"section\" data-settings=\"{&quot;stretch_section&quot;:&quot;section-stretched&quot;,&quot;background_background&quot;:&quot;slideshow&quot;,&quot;background_slideshow_gallery&quot;:[{&quot;id&quot;:4830,&quot;url&quot;:&quot;https:\\\/\\\/spanish-cheese.com\\\/wp-content\\\/uploads\\\/2021\\\/08\\\/FONDO-SPANISH-CHEESE-scaled.jpg&quot;}],&quot;background_slideshow_loop&quot;:&quot;yes&quot;,&quot;background_slideshow_slide_duration&quot;:5000,&quot;background_slideshow_slide_transition&quot;:&quot;fade&quot;,&quot;background_slideshow_transition_duration&quot;:500}\">\n\t\t\t\t\t\t<div class=\"elementor-container elementor-column-gap-default\">\n\t\t\t\t\t<div class=\"elementor-column elementor-col-100 elementor-top-column elementor-element elementor-element-3f658bf\" data-id=\"3f658bf\" data-element_type=\"column\" data-e-type=\"column\">\n\t\t\t<div class=\"elementor-widget-wrap\">\n\t\t\t\t\t\t\t<\/div>\n\t\t<\/div>\n\t\t\t\t\t<\/div>\n\t\t<\/section>\n\t\t\t\t<\/div>\n\t\t","protected":false},"excerpt":{"rendered":"<p>Calidad y sostenibilidadA trav\u00e9s de procesos de producci\u00f3n eficaces y optimizados nuestro objetivo diario es alcanzar el m\u00e1ximo nivel de calidad desde un compromiso absoluto con el cuidado del medio ambiente. Es imprescindible, para obtener un producto sano y de calidad, que las ovejas y&#8230;<\/p>\n","protected":false},"author":1,"featured_media":0,"parent":0,"menu_order":0,"comment_status":"closed","ping_status":"closed","template":"","meta":{"footnotes":""},"class_list":["post-3734","page","type-page","status-publish","hentry"],"_links":{"self":[{"href":"https:\/\/spanish-cheese.com\/es\/wp-json\/wp\/v2\/pages\/3734","targetHints":{"allow":["GET"]}}],"collection":[{"href":"https:\/\/spanish-cheese.com\/es\/wp-json\/wp\/v2\/pages"}],"about":[{"href":"https:\/\/spanish-cheese.com\/es\/wp-json\/wp\/v2\/types\/page"}],"author":[{"embeddable":true,"href":"https:\/\/spanish-cheese.com\/es\/wp-json\/wp\/v2\/users\/1"}],"replies":[{"embeddable":true,"href":"https:\/\/spanish-cheese.com\/es\/wp-json\/wp\/v2\/comments?post=3734"}],"version-history":[{"count":0,"href":"https:\/\/spanish-cheese.com\/es\/wp-json\/wp\/v2\/pages\/3734\/revisions"}],"wp:attachment":[{"href":"https:\/\/spanish-cheese.com\/es\/wp-json\/wp\/v2\/media?parent=3734"}],"curies":[{"name":"wp","href":"https:\/\/api.w.org\/{rel}","templated":true}]}}