{"id":3251,"date":"2021-06-02T07:36:05","date_gmt":"2021-06-02T07:36:05","guid":{"rendered":"https:\/\/www.spanish-cheese.com\/?page_id=3251"},"modified":"2022-11-02T10:35:05","modified_gmt":"2022-11-02T10:35:05","slug":"exportacion","status":"publish","type":"page","link":"https:\/\/spanish-cheese.com\/es\/exportacion\/","title":{"rendered":"exportacion"},"content":{"rendered":"\t\t<div data-elementor-type=\"wp-page\" data-elementor-id=\"3251\" class=\"elementor elementor-3251\" data-elementor-post-type=\"page\">\n\t\t\t\t\t\t<section class=\"elementor-section elementor-top-section elementor-element elementor-element-1c58723 elementor-section-full_width elementor-section-stretched elementor-section-height-default elementor-section-height-default\" data-id=\"1c58723\" data-element_type=\"section\" data-e-type=\"section\" data-settings=\"{&quot;stretch_section&quot;:&quot;section-stretched&quot;}\">\n\t\t\t\t\t\t<div class=\"elementor-container elementor-column-gap-no\">\n\t\t\t\t\t<div class=\"elementor-column elementor-col-100 elementor-top-column elementor-element elementor-element-659e96d0\" data-id=\"659e96d0\" data-element_type=\"column\" data-e-type=\"column\">\n\t\t\t<div class=\"elementor-widget-wrap elementor-element-populated\">\n\t\t\t\t\t\t<div class=\"elementor-element elementor-element-9136923 elementor--h-position-center elementor--v-position-middle elementor-widget elementor-widget-slides\" data-id=\"9136923\" data-element_type=\"widget\" data-e-type=\"widget\" data-settings=\"{&quot;navigation&quot;:&quot;none&quot;,&quot;infinite&quot;:&quot;yes&quot;,&quot;transition&quot;:&quot;slide&quot;,&quot;transition_speed&quot;:500}\" data-widget_type=\"slides.default\">\n\t\t\t\t<div class=\"elementor-widget-container\">\n\t\t\t\t\t\t\t\t\t<div class=\"elementor-swiper\">\r\n\t\t\t\t\t<div class=\"elementor-slides-wrapper elementor-main-swiper swiper\" role=\"region\" aria-roledescription=\"carousel\" aria-label=\"Slides\" dir=\"ltr\" data-animation=\"fadeInUp\">\r\n\t\t\t\t<div class=\"swiper-wrapper elementor-slides\">\r\n\t\t\t\t\t\t\t\t\t\t<div class=\"elementor-repeater-item-a48e5d6 swiper-slide\" role=\"group\" aria-roledescription=\"slide\"><div class=\"swiper-slide-bg elementor-ken-burns elementor-ken-burns--out\" role=\"img\"><\/div><div class=\"swiper-slide-inner\" ><div class=\"swiper-slide-contents\"><div class=\"elementor-slide-heading\">Llegando cada vez m\u00e1s lejos<\/div><div class=\"elementor-slide-description\">Nuestros quesos se distribuyen en cerca \nde 50 pa\u00edses de los cinco continentes<\/div><\/div><\/div><\/div>\t\t\t\t<\/div>\r\n\t\t\t\t\t\t\t<\/div>\r\n\t\t\t\t<\/div>\r\n\t\t\t\t\t\t\t\t<\/div>\n\t\t\t\t<\/div>\n\t\t\t\t\t<\/div>\n\t\t<\/div>\n\t\t\t\t\t<\/div>\n\t\t<\/section>\n\t\t\t\t<section class=\"elementor-section elementor-top-section elementor-element elementor-element-472d96d2 elementor-section-height-min-height elementor-section-stretched elementor-section-boxed elementor-section-height-default elementor-section-items-middle\" data-id=\"472d96d2\" data-element_type=\"section\" data-e-type=\"section\" data-settings=\"{&quot;background_background&quot;:&quot;classic&quot;,&quot;stretch_section&quot;:&quot;section-stretched&quot;}\">\n\t\t\t\t\t\t<div class=\"elementor-container elementor-column-gap-default\">\n\t\t\t\t\t<div class=\"elementor-column elementor-col-100 elementor-top-column elementor-element elementor-element-70ef2a1e\" data-id=\"70ef2a1e\" data-element_type=\"column\" data-e-type=\"column\">\n\t\t\t<div class=\"elementor-widget-wrap elementor-element-populated\">\n\t\t\t\t\t\t<div class=\"elementor-element elementor-element-bbdc3a6 elementor-widget elementor-widget-heading\" data-id=\"bbdc3a6\" data-element_type=\"widget\" data-e-type=\"widget\" data-widget_type=\"heading.default\">\n\t\t\t\t<div class=\"elementor-widget-container\">\n\t\t\t\t\t<h2 class=\"elementor-heading-title elementor-size-default\">D\u00f3nde llegamos<\/h2>\t\t\t\t<\/div>\n\t\t\t\t<\/div>\n\t\t\t\t<div class=\"elementor-element elementor-element-4174d19 elementor-widget elementor-widget-spacer\" data-id=\"4174d19\" data-element_type=\"widget\" data-e-type=\"widget\" data-widget_type=\"spacer.default\">\n\t\t\t\t<div class=\"elementor-widget-container\">\n\t\t\t\t\t\t\t<div class=\"elementor-spacer\">\n\t\t\t<div class=\"elementor-spacer-inner\"><\/div>\n\t\t<\/div>\n\t\t\t\t\t\t<\/div>\n\t\t\t\t<\/div>\n\t\t\t\t\t<\/div>\n\t\t<\/div>\n\t\t\t\t\t<\/div>\n\t\t<\/section>\n\t\t\t\t<\/div>\n\t\t","protected":false},"excerpt":{"rendered":"<p>Llegando cada vez m\u00e1s lejosNuestros quesos se distribuyen en cerca de 50 pa\u00edses de los cinco continentes D\u00f3nde llegamos EUROPA Espa\u00f1a, Bulgaria, Reino Unido, Alemania, Portugal, Francia, Pa\u00edses Bajos, B\u00e9lgica, Andorra, Dinamarca, Suecia, Suiza, Rep\u00fablica Checa, Lituania, Estonia, Polonia, Ucrania, Chipre, Grecia, Finlandia e Italia&#8230;.<\/p>\n","protected":false},"author":1,"featured_media":0,"parent":0,"menu_order":0,"comment_status":"closed","ping_status":"closed","template":"","meta":{"footnotes":""},"class_list":["post-3251","page","type-page","status-publish","hentry"],"_links":{"self":[{"href":"https:\/\/spanish-cheese.com\/es\/wp-json\/wp\/v2\/pages\/3251","targetHints":{"allow":["GET"]}}],"collection":[{"href":"https:\/\/spanish-cheese.com\/es\/wp-json\/wp\/v2\/pages"}],"about":[{"href":"https:\/\/spanish-cheese.com\/es\/wp-json\/wp\/v2\/types\/page"}],"author":[{"embeddable":true,"href":"https:\/\/spanish-cheese.com\/es\/wp-json\/wp\/v2\/users\/1"}],"replies":[{"embeddable":true,"href":"https:\/\/spanish-cheese.com\/es\/wp-json\/wp\/v2\/comments?post=3251"}],"version-history":[{"count":1,"href":"https:\/\/spanish-cheese.com\/es\/wp-json\/wp\/v2\/pages\/3251\/revisions"}],"predecessor-version":[{"id":10319,"href":"https:\/\/spanish-cheese.com\/es\/wp-json\/wp\/v2\/pages\/3251\/revisions\/10319"}],"wp:attachment":[{"href":"https:\/\/spanish-cheese.com\/es\/wp-json\/wp\/v2\/media?parent=3251"}],"curies":[{"name":"wp","href":"https:\/\/api.w.org\/{rel}","templated":true}]}}