{"id":3171,"date":"2021-06-01T23:36:23","date_gmt":"2021-06-01T23:36:23","guid":{"rendered":"https:\/\/www.spanish-cheese.com\/?page_id=3171"},"modified":"2025-01-29T13:53:42","modified_gmt":"2025-01-29T13:53:42","slug":"tradicion-e-historia","status":"publish","type":"page","link":"https:\/\/spanish-cheese.com\/es\/tradicion-e-historia\/","title":{"rendered":"Tradici\u00f3n e historia"},"content":{"rendered":"\t\t<div data-elementor-type=\"wp-page\" data-elementor-id=\"3171\" class=\"elementor elementor-3171\" data-elementor-post-type=\"page\">\n\t\t\t\t\t\t<section class=\"elementor-section elementor-top-section elementor-element elementor-element-72f43c2d elementor-section-full_width elementor-section-stretched elementor-section-height-default elementor-section-height-default\" data-id=\"72f43c2d\" data-element_type=\"section\" data-e-type=\"section\" data-settings=\"{&quot;stretch_section&quot;:&quot;section-stretched&quot;}\">\n\t\t\t\t\t\t<div class=\"elementor-container elementor-column-gap-no\">\n\t\t\t\t\t<div class=\"elementor-column elementor-col-100 elementor-top-column elementor-element elementor-element-e15a3c4\" data-id=\"e15a3c4\" data-element_type=\"column\" data-e-type=\"column\">\n\t\t\t<div class=\"elementor-widget-wrap elementor-element-populated\">\n\t\t\t\t\t\t<div class=\"elementor-element elementor-element-e4d4a2a elementor-widget__width-inherit elementor--h-position-center elementor--v-position-middle elementor-widget elementor-widget-slides\" data-id=\"e4d4a2a\" data-element_type=\"widget\" data-e-type=\"widget\" data-settings=\"{&quot;navigation&quot;:&quot;none&quot;,&quot;autoplay_speed&quot;:8000,&quot;transition_speed&quot;:1500,&quot;autoplay&quot;:&quot;yes&quot;,&quot;pause_on_hover&quot;:&quot;yes&quot;,&quot;pause_on_interaction&quot;:&quot;yes&quot;,&quot;infinite&quot;:&quot;yes&quot;,&quot;transition&quot;:&quot;slide&quot;}\" data-widget_type=\"slides.default\">\n\t\t\t\t<div class=\"elementor-widget-container\">\n\t\t\t\t\t\t\t\t\t<div class=\"elementor-swiper\">\r\n\t\t\t\t\t<div class=\"elementor-slides-wrapper elementor-main-swiper swiper\" role=\"region\" aria-roledescription=\"carousel\" aria-label=\"Diapositivas\" dir=\"ltr\" data-animation=\"fadeInUp\">\r\n\t\t\t\t<div class=\"swiper-wrapper elementor-slides\">\r\n\t\t\t\t\t\t\t\t\t\t<div class=\"elementor-repeater-item-a48e5d6 swiper-slide\" role=\"group\" aria-roledescription=\"slide\"><div class=\"swiper-slide-bg elementor-ken-burns elementor-ken-burns--out\" role=\"img\"><\/div><div class=\"swiper-slide-inner\" ><div class=\"swiper-slide-contents\"><div class=\"elementor-slide-heading\">Tradici\u00f3n e historia<\/div><div class=\"elementor-slide-description\">Desde la cuna del queso Manchego D.O.P<\/div><\/div><\/div><\/div>\t\t\t\t<\/div>\r\n\t\t\t\t\t\t\t<\/div>\r\n\t\t\t\t<\/div>\r\n\t\t\t\t\t\t\t\t<\/div>\n\t\t\t\t<\/div>\n\t\t\t\t\t<\/div>\n\t\t<\/div>\n\t\t\t\t\t<\/div>\n\t\t<\/section>\n\t\t\t\t<section class=\"elementor-section elementor-top-section elementor-element elementor-element-7f55da9e elementor-section-height-min-height elementor-section-items-stretch elementor-section-stretched elementor-section-boxed elementor-section-height-default\" data-id=\"7f55da9e\" data-element_type=\"section\" data-e-type=\"section\" data-settings=\"{&quot;background_background&quot;:&quot;classic&quot;,&quot;stretch_section&quot;:&quot;section-stretched&quot;}\">\n\t\t\t\t\t\t<div class=\"elementor-container elementor-column-gap-default\">\n\t\t\t\t\t<div class=\"elementor-column elementor-col-100 elementor-top-column elementor-element elementor-element-0e24c68\" data-id=\"0e24c68\" data-element_type=\"column\" data-e-type=\"column\">\n\t\t\t<div class=\"elementor-widget-wrap elementor-element-populated\">\n\t\t\t\t\t\t<div class=\"elementor-element elementor-element-31af394 elementor-widget elementor-widget-spacer\" data-id=\"31af394\" data-element_type=\"widget\" data-e-type=\"widget\" data-widget_type=\"spacer.default\">\n\t\t\t\t<div class=\"elementor-widget-container\">\n\t\t\t\t\t\t\t<div class=\"elementor-spacer\">\n\t\t\t<div class=\"elementor-spacer-inner\"><\/div>\n\t\t<\/div>\n\t\t\t\t\t\t<\/div>\n\t\t\t\t<\/div>\n\t\t\t\t<div class=\"elementor-element elementor-element-e92f752 elementor-headline--style-highlight elementor-widget elementor-widget-animated-headline\" data-id=\"e92f752\" data-element_type=\"widget\" data-e-type=\"widget\" data-settings=\"{&quot;marker&quot;:&quot;underline&quot;,&quot;highlighted_text&quot;:&quot;Origen&quot;,&quot;headline_style&quot;:&quot;highlight&quot;,&quot;highlight_animation_duration&quot;:1200}\" data-widget_type=\"animated-headline.default\">\n\t\t\t\t<div class=\"elementor-widget-container\">\n\t\t\t\t\t\t\t<h3 class=\"elementor-headline\">\r\n\t\t\t\t\t<span class=\"elementor-headline-plain-text elementor-headline-text-wrapper\">Nuestro<\/span>\r\n\t\t\t\t<span class=\"elementor-headline-dynamic-wrapper elementor-headline-text-wrapper\">\r\n\t\t\t\t\t<span class=\"elementor-headline-dynamic-text elementor-headline-text-active\">Origen<\/span>\r\n\t\t\t\t<\/span>\r\n\t\t\t\t<\/h3>\r\n\t\t\t\t\t\t<\/div>\n\t\t\t\t<\/div>\n\t\t\t\t<div class=\"elementor-element elementor-element-d573ee2 elementor-widget elementor-widget-text-editor\" data-id=\"d573ee2\" data-element_type=\"widget\" data-e-type=\"widget\" data-widget_type=\"text-editor.default\">\n\t\t\t\t<div class=\"elementor-widget-container\">\n\t\t\t\t\t\t\t\t\t<div style=\"display: none;\">Si se ha auto-restringido su participaci\u00f3n en los juegos de casino de Estonia y desea eliminarla, el proceso depende del programa espec\u00edfico de auto-restricci\u00f3n que haya utilizado. Si se ha registrado en el sistema oficial de autorrestricci\u00f3n de Estonia, tendr\u00e1 que esperar a que finalice el periodo de autorrestricci\u00f3n, ya que no se permite la eliminaci\u00f3n anticipada de las restricciones. Sin embargo, si ha establecido una autorrestricci\u00f3n directamente con un operador de juego y desea saber <a href=\"https:\/\/zarubezhnye-kazino.com\/zapret-na-azartnye-igry\/snyat-zapret-na-kazino\/\">\u043a\u0430\u043a \u0441\u043d\u044f\u0442\u044c \u0441\u0430\u043c\u043e\u043e\u0433\u0440\u0430\u043d\u0438\u0447\u0435\u043d\u0438\u0435 \u0432 \u043a\u0430\u0437\u0438\u043d\u043e<\/a>, lo primero que debe hacer es ponerse en contacto con su equipo de asistencia para informarse sobre el proceso de eliminaci\u00f3n de restricciones. Y mientras disfruta de sus juegos de casino favoritos -de forma responsable, por supuesto-, los quesos gourmet espa\u00f1oles pueden mejorar la experiencia a\u00f1adiendo un toque de sofisticaci\u00f3n culinaria. Tanto si es usted un experto en quesos como un aficionado ocasional, Spanish Cheese S.L. le garantiza productos de alta calidad que combinan a la perfecci\u00f3n con vinos selectos y comida gourmet para complementar su velada de casino en l\u00ednea.<\/div>\n\nEl proyecto<strong> SPANISH CHEESE, S.L.<\/strong> tal y como lo conocemos hoy ha pasado por distintas etapas que han dado como resultado una empresa especializada en el procesado y afinado de queso, que exporta sus productos a cerca de 50 pa\u00edses de los cinco continentes.\n\nNacemos en La Mancha con el esp\u00edritu de llevar al resto del mundo lo mejor de la alimentaci\u00f3n de nuestra tierra y de todo el territorio espa\u00f1ol.\n\nTodo comenz\u00f3 en el a\u00f1o 1996 cuando se funda el consorcio de empresas <strong>ALBATRADE, S.L.<\/strong>, en Albacete, ciudad de la regi\u00f3n de Castilla-La Mancha. En este consorcio, y de la mano de <strong>UNI\u00d3N QUESERA MANCHEGA, S.A.<\/strong> primero y <strong>MANTEQUER\u00cdAS ARIAS, S.A. (grupo BONGRAIN)<\/strong> posteriormente, nos formamos en el mundo del queso. Tras casi una d\u00e9cada de trabajo conjunto, en el a\u00f1o 2002, nace SPANISH CHEESE, S.L. al cerrar un acuerdo con la multinacional que fue nuestra mentora y nos aport\u00f3 experiencia, saber hacer y el fondo de comercio desarrollado de manera conjunta durante los a\u00f1os previos.\t\t\t\t\t\t\t\t<\/div>\n\t\t\t\t<\/div>\n\t\t\t\t<div class=\"elementor-element elementor-element-bd03c9c elementor-widget elementor-widget-image\" data-id=\"bd03c9c\" data-element_type=\"widget\" data-e-type=\"widget\" data-widget_type=\"image.default\">\n\t\t\t\t<div class=\"elementor-widget-container\">\n\t\t\t\t\t\t\t\t\t\t\t\t\t\t\t<img fetchpriority=\"high\" decoding=\"async\" width=\"1024\" height=\"260\" src=\"https:\/\/spanish-cheese.com\/wp-content\/uploads\/2021\/08\/FACHADA-SC-1024x260.png\" class=\"attachment-large size-large wp-image-4939\" alt=\"\" srcset=\"https:\/\/spanish-cheese.com\/wp-content\/uploads\/2021\/08\/FACHADA-SC-1024x260.png 1024w, https:\/\/spanish-cheese.com\/wp-content\/uploads\/2021\/08\/FACHADA-SC-300x76.png 300w, https:\/\/spanish-cheese.com\/wp-content\/uploads\/2021\/08\/FACHADA-SC-768x195.png 768w, https:\/\/spanish-cheese.com\/wp-content\/uploads\/2021\/08\/FACHADA-SC-700x178.png 700w, https:\/\/spanish-cheese.com\/wp-content\/uploads\/2021\/08\/FACHADA-SC-600x153.png 600w, https:\/\/spanish-cheese.com\/wp-content\/uploads\/2021\/08\/FACHADA-SC-64x16.png 64w, https:\/\/spanish-cheese.com\/wp-content\/uploads\/2021\/08\/FACHADA-SC.png 1200w\" sizes=\"(max-width: 1024px) 100vw, 1024px\" \/>\t\t\t\t\t\t\t\t\t\t\t\t\t\t\t<\/div>\n\t\t\t\t<\/div>\n\t\t\t\t<section class=\"elementor-section elementor-inner-section elementor-element elementor-element-7f29a30 elementor-section-boxed elementor-section-height-default elementor-section-height-default\" data-id=\"7f29a30\" data-element_type=\"section\" data-e-type=\"section\">\n\t\t\t\t\t\t<div class=\"elementor-container elementor-column-gap-default\">\n\t\t\t\t\t<div class=\"elementor-column elementor-col-50 elementor-inner-column elementor-element elementor-element-3780afd\" data-id=\"3780afd\" data-element_type=\"column\" data-e-type=\"column\">\n\t\t\t<div class=\"elementor-widget-wrap elementor-element-populated\">\n\t\t\t\t\t\t<div class=\"elementor-element elementor-element-d0616c6 elementor-headline--style-rotate elementor-widget elementor-widget-animated-headline\" data-id=\"d0616c6\" data-element_type=\"widget\" data-e-type=\"widget\" data-settings=\"{&quot;headline_style&quot;:&quot;rotate&quot;,&quot;animation_type&quot;:&quot;swirl&quot;,&quot;loop&quot;:&quot;yes&quot;,&quot;rotate_iteration_delay&quot;:2500}\" data-widget_type=\"animated-headline.default\">\n\t\t\t\t<div class=\"elementor-widget-container\">\n\t\t\t\t\t\t\t<h3 class=\"elementor-headline elementor-headline-animation-type-swirl elementor-headline-letters\">\r\n\t\t\t\t\t<span class=\"elementor-headline-plain-text elementor-headline-text-wrapper\">Nuestras tradiciones...<\/span>\r\n\t\t\t\t<span class=\"elementor-headline-dynamic-wrapper elementor-headline-text-wrapper\">\r\n\t\t\t\t<\/span>\r\n\t\t\t\t<\/h3>\r\n\t\t\t\t\t\t<\/div>\n\t\t\t\t<\/div>\n\t\t\t\t<div class=\"elementor-element elementor-element-9ed49aa elementor-widget elementor-widget-text-editor\" data-id=\"9ed49aa\" data-element_type=\"widget\" data-e-type=\"widget\" data-widget_type=\"text-editor.default\">\n\t\t\t\t<div class=\"elementor-widget-container\">\n\t\t\t\t\t\t\t\t\t<p><strong>SPANISH CHEESE, S.L.<\/strong> es una industria lactea implantada en Albacete, en tierras pertenecientes a la Denominaci\u00f3n de Origen Protegida del queso Manchego. En nuestras inmediaciones han pastado durante siglos las ovejas de la raza Manchega, de cuya leche se obtiene uno de los alimentos m\u00e1s preciados de nuestra regi\u00f3n y de toda Espa\u00f1a: el queso Manchego D.O.P.<\/p><p>Siendo el Manchego D.O.P. la raz\u00f3n de ser de <strong>SPANISH CHEESE, S.L.,<\/strong> de nuestras instalaciones salen tambi\u00e9n todas las semanas los tradicionales quesos de oveja y cabra que los pastores locales han estado haciendo desde tiempos pret\u00e9ritos de forma totalmente artesanal.<\/p><p>\u00a0<\/p>\t\t\t\t\t\t\t\t<\/div>\n\t\t\t\t<\/div>\n\t\t\t\t\t<\/div>\n\t\t<\/div>\n\t\t\t\t<div class=\"elementor-column elementor-col-50 elementor-inner-column elementor-element elementor-element-eddf974\" data-id=\"eddf974\" data-element_type=\"column\" data-e-type=\"column\">\n\t\t\t<div class=\"elementor-widget-wrap elementor-element-populated\">\n\t\t\t\t\t\t<div class=\"elementor-element elementor-element-81f29dd elementor-widget elementor-widget-image\" data-id=\"81f29dd\" data-element_type=\"widget\" data-e-type=\"widget\" data-widget_type=\"image.default\">\n\t\t\t\t<div class=\"elementor-widget-container\">\n\t\t\t\t\t\t\t\t\t\t\t\t\t\t\t<img decoding=\"async\" width=\"1024\" height=\"683\" src=\"https:\/\/spanish-cheese.com\/wp-content\/uploads\/2021\/08\/tradicion1-1024x683.png\" class=\"attachment-large size-large wp-image-4943\" alt=\"\" srcset=\"https:\/\/spanish-cheese.com\/wp-content\/uploads\/2021\/08\/tradicion1-1024x683.png 1024w, https:\/\/spanish-cheese.com\/wp-content\/uploads\/2021\/08\/tradicion1-300x200.png 300w, https:\/\/spanish-cheese.com\/wp-content\/uploads\/2021\/08\/tradicion1-768x512.png 768w, https:\/\/spanish-cheese.com\/wp-content\/uploads\/2021\/08\/tradicion1-700x467.png 700w, https:\/\/spanish-cheese.com\/wp-content\/uploads\/2021\/08\/tradicion1-600x400.png 600w, https:\/\/spanish-cheese.com\/wp-content\/uploads\/2021\/08\/tradicion1-64x43.png 64w, https:\/\/spanish-cheese.com\/wp-content\/uploads\/2021\/08\/tradicion1.png 1200w\" sizes=\"(max-width: 1024px) 100vw, 1024px\" \/>\t\t\t\t\t\t\t\t\t\t\t\t\t\t\t<\/div>\n\t\t\t\t<\/div>\n\t\t\t\t\t<\/div>\n\t\t<\/div>\n\t\t\t\t\t<\/div>\n\t\t<\/section>\n\t\t\t\t\t<\/div>\n\t\t<\/div>\n\t\t\t\t\t<\/div>\n\t\t<\/section>\n\t\t\t\t<section class=\"elementor-section elementor-top-section elementor-element elementor-element-54feb59 elementor-section-height-min-height elementor-section-items-stretch elementor-section-stretched elementor-section-boxed elementor-section-height-default\" data-id=\"54feb59\" data-element_type=\"section\" data-e-type=\"section\" data-settings=\"{&quot;background_background&quot;:&quot;classic&quot;,&quot;stretch_section&quot;:&quot;section-stretched&quot;}\">\n\t\t\t\t\t\t<div class=\"elementor-container elementor-column-gap-default\">\n\t\t\t\t\t<div class=\"elementor-column elementor-col-100 elementor-top-column elementor-element elementor-element-9533c44\" data-id=\"9533c44\" data-element_type=\"column\" data-e-type=\"column\">\n\t\t\t<div class=\"elementor-widget-wrap elementor-element-populated\">\n\t\t\t\t\t\t<div class=\"elementor-element elementor-element-7e45934 elementor-widget elementor-widget-text-editor\" data-id=\"7e45934\" data-element_type=\"widget\" data-e-type=\"widget\" data-widget_type=\"text-editor.default\">\n\t\t\t\t<div class=\"elementor-widget-container\">\n\t\t\t\t\t\t\t\t\t<p>En la actualidad contamos con unas instalaciones y tecnolog\u00eda de \u00faltima generaci\u00f3n aplicada a la industria quesera y adaptada a los c\u00e1nones de calidad y seguridad alimentaria requeridos hoy en d\u00eda. Gracias a ello, junto con una importante apuesta e inversi\u00f3n en investigaci\u00f3n y desarrollo, y siempre bas\u00e1ndonos en el modo original de producci\u00f3n de queso de nuestros ancestros, hemos desarrollado una gama de producto tradicional pero repleta de quesos innovadores y exclusivos.<\/p>\t\t\t\t\t\t\t\t<\/div>\n\t\t\t\t<\/div>\n\t\t\t\t<div class=\"elementor-element elementor-element-d66aae2 elementor-widget elementor-widget-spacer\" data-id=\"d66aae2\" data-element_type=\"widget\" data-e-type=\"widget\" data-widget_type=\"spacer.default\">\n\t\t\t\t<div class=\"elementor-widget-container\">\n\t\t\t\t\t\t\t<div class=\"elementor-spacer\">\n\t\t\t<div class=\"elementor-spacer-inner\"><\/div>\n\t\t<\/div>\n\t\t\t\t\t\t<\/div>\n\t\t\t\t<\/div>\n\t\t\t\t\t<\/div>\n\t\t<\/div>\n\t\t\t\t\t<\/div>\n\t\t<\/section>\n\t\t\t\t<\/div>\n\t\t","protected":false},"excerpt":{"rendered":"<p>Tradici\u00f3n e historiaDesde la cuna del queso Manchego D.O.P Nuestro Origen Si se ha auto-restringido su participaci\u00f3n en los juegos de casino de Estonia y desea eliminarla, el proceso depende del programa espec\u00edfico de auto-restricci\u00f3n que haya utilizado. Si se ha registrado en el sistema&#8230;<\/p>\n","protected":false},"author":1,"featured_media":0,"parent":0,"menu_order":0,"comment_status":"closed","ping_status":"closed","template":"","meta":{"footnotes":""},"class_list":["post-3171","page","type-page","status-publish","hentry"],"_links":{"self":[{"href":"https:\/\/spanish-cheese.com\/es\/wp-json\/wp\/v2\/pages\/3171","targetHints":{"allow":["GET"]}}],"collection":[{"href":"https:\/\/spanish-cheese.com\/es\/wp-json\/wp\/v2\/pages"}],"about":[{"href":"https:\/\/spanish-cheese.com\/es\/wp-json\/wp\/v2\/types\/page"}],"author":[{"embeddable":true,"href":"https:\/\/spanish-cheese.com\/es\/wp-json\/wp\/v2\/users\/1"}],"replies":[{"embeddable":true,"href":"https:\/\/spanish-cheese.com\/es\/wp-json\/wp\/v2\/comments?post=3171"}],"version-history":[{"count":3,"href":"https:\/\/spanish-cheese.com\/es\/wp-json\/wp\/v2\/pages\/3171\/revisions"}],"predecessor-version":[{"id":9781,"href":"https:\/\/spanish-cheese.com\/es\/wp-json\/wp\/v2\/pages\/3171\/revisions\/9781"}],"wp:attachment":[{"href":"https:\/\/spanish-cheese.com\/es\/wp-json\/wp\/v2\/media?parent=3171"}],"curies":[{"name":"wp","href":"https:\/\/api.w.org\/{rel}","templated":true}]}}