{"id":2848,"date":"2020-12-03T12:47:12","date_gmt":"2020-12-03T12:47:12","guid":{"rendered":"https:\/\/www.spanish-cheese.com\/?page_id=2848"},"modified":"2021-09-14T20:39:57","modified_gmt":"2021-09-14T20:39:57","slug":"politica-de-cookies","status":"publish","type":"page","link":"https:\/\/spanish-cheese.com\/es\/politica-de-cookies\/","title":{"rendered":"POLITICA DE COOKIES"},"content":{"rendered":"\t\t<div data-elementor-type=\"wp-page\" data-elementor-id=\"2848\" class=\"elementor elementor-2848\" data-elementor-post-type=\"page\">\n\t\t\t\t\t\t<section class=\"elementor-section elementor-top-section elementor-element elementor-element-521eeb55 elementor-section-stretched elementor-section-boxed elementor-section-height-default elementor-section-height-default\" data-id=\"521eeb55\" data-element_type=\"section\" data-e-type=\"section\" data-settings=\"{&quot;background_background&quot;:&quot;classic&quot;,&quot;stretch_section&quot;:&quot;section-stretched&quot;}\">\n\t\t\t\t\t\t\t<div class=\"elementor-background-overlay\"><\/div>\n\t\t\t\t\t\t\t<div class=\"elementor-container elementor-column-gap-default\">\n\t\t\t\t\t<div class=\"elementor-column elementor-col-100 elementor-top-column elementor-element elementor-element-4038d786\" data-id=\"4038d786\" data-element_type=\"column\" data-e-type=\"column\">\n\t\t\t<div class=\"elementor-widget-wrap elementor-element-populated\">\n\t\t\t\t\t\t<div class=\"elementor-element elementor-element-0ff2271 elementor-widget elementor-widget-spacer\" data-id=\"0ff2271\" data-element_type=\"widget\" data-e-type=\"widget\" data-widget_type=\"spacer.default\">\n\t\t\t\t<div class=\"elementor-widget-container\">\n\t\t\t\t\t\t\t<div class=\"elementor-spacer\">\n\t\t\t<div class=\"elementor-spacer-inner\"><\/div>\n\t\t<\/div>\n\t\t\t\t\t\t<\/div>\n\t\t\t\t<\/div>\n\t\t\t\t<div class=\"elementor-element elementor-element-2daa6e60 elementor-widget elementor-widget-text-editor\" data-id=\"2daa6e60\" data-element_type=\"widget\" data-e-type=\"widget\" data-widget_type=\"text-editor.default\">\n\t\t\t\t<div class=\"elementor-widget-container\">\n\t\t\t\t\t\t\t\t\t<p>\u00a0<\/p><h2 style=\"color: black;\">POLITICA DE COOKIES<\/h2><div title=\"Page 2\"><div><div><div title=\"Page 1\"><div><div><p>\u00bfQue\u0301 son las cookies?<\/p><p>Este sitio web utiliza cookies y\/o tecnologi\u0301as similares que almacenan y recuperan informacio\u0301n cuando navegas. En general, estas tecnologi\u0301as pueden servir para finalidades muy diversas, como, por ejemplo, reconocerte como usuario, obtener informacio\u0301n sobre tus ha\u0301bitos de navegacio\u0301n, o personalizar la forma en que se muestra el contenido. Los usos concretos que hacemos de estas tecnologi\u0301as se describen a continuacio\u0301n.<\/p><p>\u00bfPara que\u0301 utiliza las cookies esta pa\u0301gina web y cua\u0301les son?<\/p><p>Esta pa\u0301gina web utiliza las cookies para una serie de finalidades, incluidas:<\/p><p>\u2022 De ana\u0301lisis: son aquellas cookies que bien, tratadas por nosotros o por terceros, nos permiten cuantificar el nu\u0301mero de usuarios y asi\u0301 realizar la medicio\u0301n y ana\u0301lisis estadi\u0301stico de la utilizacio\u0301n que hacen los usuarios del servicio. Para ello se analiza su navegacio\u0301n en nuestra pa\u0301gina web con el fin de mejorar la experiencia del usuario.<\/p><p>\u2022 Publicitarias comportamentales: son aquellas cookies que bien, tratadas por nosotros o por terceros, permiten analizar los ha\u0301bitos de navegacio\u0301n de los usuarios en Internet para poder mostrarles publicidad relacionada con su perfil de navegacio\u0301n.<\/p><p>La identificacio\u0301n de quie\u0301n utiliza las cookies de este sitio web, asi\u0301 como los detalles de las mismas, se indican a continuacio\u0301n:<\/p><\/div><\/div><table><colgroup> <col \/> <col \/> <col \/> <col \/> <\/colgroup><tbody><tr><td><div><div><p>Entidad<\/p><\/div><\/div><\/td><td><div><div><p>Tipo<\/p><\/div><\/div><\/td><td><div><div><p>Propo\u0301sito<\/p><\/div><\/div><\/td><td><div><div><p>Ma\u0301s informacio\u0301n<\/p><\/div><\/div><\/td><\/tr><tr><td><div><div><p>Google Analytics<\/p><\/div><\/div><\/td><td><div><div><p>De terceros<\/p><\/div><\/div><\/td><td><div><div><p>Recoger informacio\u0301n sobre la navegacio\u0301n de los usuarios por el sitio web con el fin de conocer el origen de las visitas y otros datos similares a nivel estadi\u0301stico, asi\u0301 como, en su caso, mostrar a los usuarios publicidad relacionada con sus preferencias en base a un perfil elaborado a partir de sus ha\u0301bitos de navegacio\u0301n (por ejemplo, pa\u0301ginas visitadas).<\/p><\/div><\/div><\/td><td><div><div><p>Google Analytics: https:\/\/developers.google.com\/analytics\/d evguides\/collection\/analyticsjs\/cookie-us age<\/p><p>Centro de Privacidad de Google: https:\/\/policies.google.com\/technologies\/ types?hl=es<\/p><\/div><\/div><\/td><\/tr><\/tbody><\/table><\/div><div title=\"Page 2\"><div><div><p>Nota: Las cookies de tipo \u00abPropias\u00bb son utilizadas so\u0301lo por el propietario de esta web y las cookies \u00abDe terceros\u00bb son utilizadas, por el prestador del servicio que esta\u0301 detallado en la tabla anterior.<\/p><p>Puede informarse de las transferencias a terceros pai\u0301ses que, en su caso, realizan los terceros identificados en esta poli\u0301tica de cookies en sus correspondientes poli\u0301ticas (ver los enlaces facilitados en el apartado \u00abMa\u0301s informacio\u0301n\u00bb de la tabla anterior).<\/p><p>\u00bfCo\u0301mo puedo desactivar o eliminar estas cookies?<\/p><p>Puede usted permitir o bloquear las cookies, asi\u0301 como borrar sus datos de navegacio\u0301n (incluidas las cookies) desde el navegador que usted utiliza. Consulte las opciones e instrucciones que ofrece su navegador para ello. Tenga en cuenta que si acepta las cookies de terceros, debera\u0301 eliminarlas desde las opciones del navegador o desde el sistema ofrecido por el propio tercero.<\/p><p>A continuacio\u0301n tiene disponibles los enlaces con la informacio\u0301n para gestionar las cookies de los navegadores ma\u0301s utilizados:<\/p><p>Firefox<\/p><p>http:\/\/support.mozilla.org\/es\/kb\/habilitar-y-deshabilitar-cookies-que-los-sitios-we<\/p><p>Chrome<\/p><p>http:\/\/support.google.com\/chrome\/bin\/answer.py?hl=es&answer=95647<\/p><p>Internet Explorer<\/p><p>https:\/\/support.microsoft.com\/es-es\/help\/278835\/how-to-delete-cookie-files-in-internet-explorer<\/p><p>Microsoft Edge<\/p><p>https:\/\/support.microsoft.com\/es-es\/help\/4027947\/microsoft-edge-delete-cookies<\/p><p>Safari<\/p><p>http:\/\/support.apple.com\/kb\/ph5042<\/p><p>Opera<\/p><p>http:\/\/help.opera.com\/Windows\/11.50\/es-ES\/cookies.html<\/p><p>Otros navegadores<\/p><\/div><\/div><div><div><p>Consulte la documentacio\u0301n del navegador que tenga instalado.<\/p><\/div><\/div><\/div><div title=\"Page 3\"><div><div><p>Complemento de inhabilitacio\u0301n para navegadores de Google Analytics<\/p><p>Si desea rechazar las cookies anali\u0301ticas de Google Analytics en todos los navegadores, de forma que no se envi\u0301e informacio\u0301n suya a Google Analytics, puede descargar un complemento que realiza esta funcio\u0301n desde este enlace: https:\/\/tools.google.com\/dlpage\/gaoptout.<\/p><p>Ejercicio de derechos<\/p><p>Puede conocer y ejercer sus derechos en materia de proteccio\u0301n de datos personales accediendo a la Poli\u0301tica de Privacidad de esta web.<\/p><\/div><\/div><\/div><\/div><\/div><\/div><p>\u00a0<\/p><h2>POLITICA DE PRIVACIDAD<\/h2><p>\u00a0<\/p><p style=\"color: black;\"><b>Informaci\u00f3n completa sobre Protecci\u00f3n de Datos<\/b><\/p><p style=\"color: black;\"><b style=\"font-family: Rosarivo, sans-serif;\">\u00bfQui\u00e9n es el responsable del tratamiento de sus datos?<\/b><\/p><p style=\"color: black;\">SPANISH CHEESE, SL.<\/p><p style=\"color: black;\">B02327781.<\/p><p style=\"color: black;\">PARQUE EMPRESARIAL ROMICA &#8211; CL 5 bis, PARCELA 294 &#8211; 02008 &#8211; ALBACETE.<\/p><p style=\"color: black;\">967 254 190.<\/p><p style=\"color: black;\">miguel@spanish-cheese.com.<\/p><p style=\"color: black;\"><b style=\"font-family: Rosarivo, sans-serif;\">\u00bfCon qu\u00e9 finalidad tratamos sus datos personales?<\/b><\/p><p style=\"color: black;\">En SPANISH CHEESE, SL tratamos la informaci\u00f3n que nos facilitan las personas interesadas con el fin de atender su solicitud y enviarle comunicaciones comerciales, inclusive por v\u00eda electr\u00f3nica. En el caso de que no facilite sus datos personales, no podremos cumplir con las funcionalidades descritas anteriormente.<\/p><p style=\"color: black;\">No se van a tomar decisiones automatizadas en base a los datos proporcionados.<\/p><p style=\"color: black;\"><b style=\"font-family: Rosarivo, sans-serif;\">\u00bfPor cu\u00e1nto tiempo conservaremos sus datos?<\/b><\/p><p style=\"color: black;\">Los datos se conservar\u00e1n mientras el interesado no solicite su supresi\u00f3n.<\/p><p style=\"color: black;\"><b style=\"font-family: Rosarivo, sans-serif;\">\u00bfCu\u00e1l es la legitimaci\u00f3n para el tratamiento de sus datos?<\/b><\/p><p style=\"color: black;\">Le indicamos la base legal para el tratamiento de sus datos:<\/p><ul style=\"color: black;\"><li>Ejecuci\u00f3n de un contrato: Atender su solicitud.<\/li><li>Consentimiento del interesado: Enviarle comunicaciones comerciales, inclusive por v\u00eda electr\u00f3nica.<\/li><\/ul><div><span style=\"background-color: #ffffff; font-weight: bold;\">\u00bfA qu\u00e9 destinatarios se comunicar\u00e1n sus datos?<\/span><b><br \/><\/b><\/div><p style=\"color: black;\">No se ceder\u00e1n datos a terceros, salvo obligaci\u00f3n legal.<\/p><p style=\"color: black;\"><b style=\"font-family: Rosarivo, sans-serif;\">Transferencias de datos a terceros pa\u00edses<\/b><\/p><p style=\"color: black;\">No est\u00e1n previstas transferencias de datos a terceros pa\u00edses.<\/p><p style=\"color: black;\"><b style=\"font-family: Rosarivo, sans-serif;\">\u00bfCu\u00e1les son sus derechos cuando nos facilita sus datos?<\/b><\/p><p>Cualquier persona tiene derecho a obtener confirmaci\u00f3n sobre si en SPANISH CHEESE, SL estamos tratando, o no, datos personales que les conciernan.<\/p><p style=\"color: black;\">Las personas interesadas tienen derecho a acceder a sus datos personales, as\u00ed como a solicitar la rectificaci\u00f3n de los datos inexactos o, en su caso, solicitar su supresi\u00f3n cuando, entre otros motivos, los datos ya no sean necesarios para los fines que fueron recogidos. Igualmente tiene derecho a la portabilidad de sus datos.<\/p><p style=\"color: black;\">En determinadas circunstancias, los interesados podr\u00e1n solicitar la limitaci\u00f3n del tratamiento de sus datos, en cuyo caso \u00fanicamente los conservaremos para el ejercicio o la defensa de reclamaciones.<\/p><p style=\"color: black;\">En determinadas circunstancias y por motivos relacionados con su situaci\u00f3n particular, los interesados podr\u00e1n oponerse al tratamiento de sus datos. En este caso, SPANISH CHEESE, SL dejar\u00e1 de tratar los datos, salvo por motivos leg\u00edtimos imperiosos, o el ejercicio o la defensa de posibles reclamaciones.<\/p><p style=\"color: black;\">Podr\u00e1 ejercitar materialmente sus derechos de la siguiente forma: dirigi\u00e9ndose a la direcci\u00f3n del responsable del tratamiento<\/p><p style=\"color: black;\">Cuando se realice el env\u00edo de comunicaciones comerciales utilizando como base jur\u00eddica el inter\u00e9s leg\u00edtimo del responsable, el interesado podr\u00e1 oponerse al tratamiento de sus datos con ese fin.<\/p><p style=\"color: black;\">Si ha otorgado su consentimiento para alguna finalidad concreta, tiene derecho a retirar el consentimiento otorgado en cualquier momento, sin que ello afecte a la licitud del tratamiento basado en el consentimiento previo a su retirada.<\/p><p style=\"color: black;\">En caso de que sienta vulnerados sus derechos en lo concerniente a la protecci\u00f3n de sus datos personales, especialmente cuando no haya obtenido satisfacci\u00f3n en el ejercicio de sus derechos, puede presentar una reclamaci\u00f3n ante la Autoridad de Control en materia de Protecci\u00f3n de Datos competente a trav\u00e9s de su sitio web: www.aepd.es.<\/p><p><b>\u00bfC\u00f3mo hemos obtenido sus datos?<\/b><\/p><p>Los datos personales que tratamos en SPANISH CHEESE, SL proceden de: El propio interesado.<\/p>\t\t\t\t\t\t\t\t<\/div>\n\t\t\t\t<\/div>\n\t\t\t\t<div class=\"elementor-element elementor-element-bc5c63b elementor-widget elementor-widget-spacer\" data-id=\"bc5c63b\" data-element_type=\"widget\" data-e-type=\"widget\" data-widget_type=\"spacer.default\">\n\t\t\t\t<div class=\"elementor-widget-container\">\n\t\t\t\t\t\t\t<div class=\"elementor-spacer\">\n\t\t\t<div class=\"elementor-spacer-inner\"><\/div>\n\t\t<\/div>\n\t\t\t\t\t\t<\/div>\n\t\t\t\t<\/div>\n\t\t\t\t\t<\/div>\n\t\t<\/div>\n\t\t\t\t\t<\/div>\n\t\t<\/section>\n\t\t\t\t<\/div>\n\t\t","protected":false},"excerpt":{"rendered":"<p>\u00a0 POLITICA DE COOKIES \u00bfQue\u0301 son las cookies? Este sitio web utiliza cookies y\/o tecnologi\u0301as similares que almacenan y recuperan informacio\u0301n cuando navegas. En general, estas tecnologi\u0301as pueden servir para finalidades muy diversas, como, por ejemplo, reconocerte como usuario, obtener informacio\u0301n sobre tus ha\u0301bitos de&#8230;<\/p>\n","protected":false},"author":1,"featured_media":0,"parent":0,"menu_order":0,"comment_status":"closed","ping_status":"closed","template":"","meta":{"footnotes":""},"class_list":["post-2848","page","type-page","status-publish","hentry"],"_links":{"self":[{"href":"https:\/\/spanish-cheese.com\/es\/wp-json\/wp\/v2\/pages\/2848","targetHints":{"allow":["GET"]}}],"collection":[{"href":"https:\/\/spanish-cheese.com\/es\/wp-json\/wp\/v2\/pages"}],"about":[{"href":"https:\/\/spanish-cheese.com\/es\/wp-json\/wp\/v2\/types\/page"}],"author":[{"embeddable":true,"href":"https:\/\/spanish-cheese.com\/es\/wp-json\/wp\/v2\/users\/1"}],"replies":[{"embeddable":true,"href":"https:\/\/spanish-cheese.com\/es\/wp-json\/wp\/v2\/comments?post=2848"}],"version-history":[{"count":0,"href":"https:\/\/spanish-cheese.com\/es\/wp-json\/wp\/v2\/pages\/2848\/revisions"}],"wp:attachment":[{"href":"https:\/\/spanish-cheese.com\/es\/wp-json\/wp\/v2\/media?parent=2848"}],"curies":[{"name":"wp","href":"https:\/\/api.w.org\/{rel}","templated":true}]}}