{"id":2845,"date":"2020-12-03T12:37:55","date_gmt":"2020-12-03T12:37:55","guid":{"rendered":"https:\/\/www.spanish-cheese.com\/?page_id=2845"},"modified":"2021-09-14T20:44:32","modified_gmt":"2021-09-14T20:44:32","slug":"politica-de-privacidad","status":"publish","type":"page","link":"https:\/\/spanish-cheese.com\/es\/politica-de-privacidad\/","title":{"rendered":"POLI\u0301TICA DE PRIVACIDAD"},"content":{"rendered":"\t\t<div data-elementor-type=\"wp-page\" data-elementor-id=\"2845\" class=\"elementor elementor-2845\" data-elementor-post-type=\"page\">\n\t\t\t\t\t\t<section class=\"elementor-section elementor-top-section elementor-element elementor-element-331493c1 elementor-section-stretched elementor-section-boxed elementor-section-height-default elementor-section-height-default\" data-id=\"331493c1\" data-element_type=\"section\" data-e-type=\"section\" data-settings=\"{&quot;stretch_section&quot;:&quot;section-stretched&quot;}\">\n\t\t\t\t\t\t\t<div class=\"elementor-background-overlay\"><\/div>\n\t\t\t\t\t\t\t<div class=\"elementor-container elementor-column-gap-default\">\n\t\t\t\t\t<div class=\"elementor-column elementor-col-100 elementor-top-column elementor-element elementor-element-a765840\" data-id=\"a765840\" data-element_type=\"column\" data-e-type=\"column\">\n\t\t\t<div class=\"elementor-widget-wrap elementor-element-populated\">\n\t\t\t\t\t\t<div class=\"elementor-element elementor-element-3959994 elementor-widget elementor-widget-spacer\" data-id=\"3959994\" data-element_type=\"widget\" data-e-type=\"widget\" data-widget_type=\"spacer.default\">\n\t\t\t\t<div class=\"elementor-widget-container\">\n\t\t\t\t\t\t\t<div class=\"elementor-spacer\">\n\t\t\t<div class=\"elementor-spacer-inner\"><\/div>\n\t\t<\/div>\n\t\t\t\t\t\t<\/div>\n\t\t\t\t<\/div>\n\t\t\t\t<div class=\"elementor-element elementor-element-3d9b8033 elementor-widget elementor-widget-text-editor\" data-id=\"3d9b8033\" data-element_type=\"widget\" data-e-type=\"widget\" data-widget_type=\"text-editor.default\">\n\t\t\t\t<div class=\"elementor-widget-container\">\n\t\t\t\t\t\t\t\t\t<p><\/p>\n<p><\/p>\n<p>[vc_row css_animation=\u00bb\u00bb row_type=\u00bbrow\u00bb use_row_as_full_screen_section=\u00bbno\u00bb type=\u00bbfull_width\u00bb angled_section=\u00bbno\u00bb text_align=\u00bbleft\u00bb background_image_as_pattern=\u00bbwithout_pattern\u00bb][vc_column][vc_column_text]<\/p>\n<h2 style=\"color: black;\">POLI\u0301TICA DE PRIVACIDAD<\/h2>\n<div title=\"Page 2\">\n<div>\n<div>\n<div title=\"Page 1\">\n<div>\n<div>\n<p>Tratamiento de los datos recogidos en el formulario de contacto<\/p>\n<\/div>\n<\/div>\n<table><colgroup> <col \/> <col \/> <\/colgroup>\n<tbody>\n<tr>\n<td colspan=\"2\" rowspan=\"1\">\n<div>\n<div>\n<p>Informacio\u0301n Ba\u0301sica sobre Proteccio\u0301n de datos<\/p>\n<\/div>\n<\/div>\n<\/td>\n<\/tr>\n<tr>\n<td>\n<div>\n<div>\n<p>Responsable:<\/p>\n<\/div>\n<\/div>\n<\/td>\n<td>\n<div>\n<div>\n<p>SPANISH CHEESE, SL<\/p>\n<\/div>\n<\/div>\n<\/td>\n<\/tr>\n<tr>\n<td>\n<div>\n<div>\n<p>Finalidad:<\/p>\n<\/div>\n<\/div>\n<\/td>\n<td>\n<div>\n<div>\n<p>Atender su solicitud.<\/p>\n<\/div>\n<\/div>\n<\/td>\n<\/tr>\n<tr>\n<td>\n<div>\n<div>\n<p>Legitimacio\u0301n:<\/p>\n<\/div>\n<\/div>\n<\/td>\n<td>\n<div>\n<div>\n<p>Ejecucio\u0301n de un contrato.<\/p>\n<\/div>\n<\/div>\n<\/td>\n<\/tr>\n<tr>\n<td>\n<div>\n<div>\n<p>Destinatarios:<\/p>\n<\/div>\n<\/div>\n<\/td>\n<td>\n<div>\n<div>\n<p>No se cedera\u0301n datos a terceros, salvo obligacio\u0301n legal.<\/p>\n<\/div>\n<\/div>\n<\/td>\n<\/tr>\n<tr>\n<td>\n<div>\n<div>\n<p>Derechos:<\/p>\n<\/div>\n<\/div>\n<\/td>\n<td>\n<div>\n<div>\n<p>Tiene derecho a acceder, rectificar y suprimir los datos, asi\u0301 como otros derechos, indicados en la informacio\u0301n adicional, que puede ejercer dirigie\u0301ndose a POLIGONO INDUSTRIAL ROMICA CL 5 BIS, PARCELA 294 &#8211; 02008 ALBACETE.<\/p>\n<\/div>\n<\/div>\n<\/td>\n<\/tr>\n<\/tbody>\n<\/table>\n<div>\n<div>\n<p>Informacio\u0301n completa sobre Proteccio\u0301n de Datos<\/p>\n<p>1. \u00bfQuie\u0301n es el responsable del tratamiento de sus datos?<\/p>\n<p>SPANISH CHEESE, SL<br \/>B02327781<br \/>POLIGONO INDUSTRIAL ROMICA CL 5 BIS, PARCELA 294 &#8211; 02008 ALBACETE.<\/p>\n<p>2. \u00bfCon que\u0301 finalidad tratamos sus datos personales?<\/p>\n<p>En SPANISH CHEESE, SL tratamos la informacio\u0301n que nos facilitan las personas interesadas con el fin de atender su solicitud.<\/p>\n<p>No se van a tomar decisiones automatizadas en base a los datos proporcionados.<\/p>\n<p>3. \u00bfPor cua\u0301nto tiempo conservaremos sus datos?<\/p>\n<p>Los datos se conservara\u0301n mientras el interesado no solicite su supresio\u0301n.<\/p>\n<p>4. \u00bfCua\u0301l es la legitimacio\u0301n para el tratamiento de sus datos?<\/p>\n<p>Le indicamos la base legal para el tratamiento de sus datos: \u2022 Ejecucio\u0301n de un contrato: Atender su solicitud.<\/p>\n<\/div>\n<\/div>\n<\/div>\n<div title=\"Page 2\">\n<div>\n<div>\n<p>5. \u00bfA que\u0301 destinatarios se comunicara\u0301n sus datos?<\/p>\n<p>No se cedera\u0301n datos a terceros, salvo obligacio\u0301n legal.<\/p>\n<p>6. Transferencias de datos a terceros pai\u0301ses<\/p>\n<p>No esta\u0301n previstas transferencias de datos a terceros pai\u0301ses.<\/p>\n<p>7. \u00bfCua\u0301les son sus derechos cuando nos facilita sus datos?<\/p>\n<p>Cualquier persona tiene derecho a obtener confirmacio\u0301n sobre si en SPANISH CHEESE, SL estamos tratando, o no, datos personales que les conciernan.<\/p>\n<p>Las personas interesadas tienen derecho a acceder a sus datos personales, asi\u0301 como a solicitar la rectificacio\u0301n de los datos inexactos o, en su caso, solicitar su supresio\u0301n cuando, entre otros motivos, los datos ya no sean necesarios para los fines que fueron recogidos. Igualmente tiene derecho a la portabilidad de sus datos.<\/p>\n<p>En determinadas circunstancias, los interesados podra\u0301n solicitar la limitacio\u0301n del tratamiento de sus datos, en cuyo caso u\u0301nicamente los conservaremos para el ejercicio o la defensa de reclamaciones.<\/p>\n<p>En determinadas circunstancias y por motivos relacionados con su situacio\u0301n particular, los interesados podra\u0301n oponerse al tratamiento de sus datos. En este caso, SPANISH CHEESE, SL dejara\u0301 de tratar los datos, salvo por motivos legi\u0301timos imperiosos, o el ejercicio o la defensa de posibles reclamaciones.<\/p>\n<p>Podra\u0301 ejercitar materialmente sus derechos de la siguiente forma: dirigiendo un escrito a SPANISH CHEESE, SL &#8211; POLIGONO INDUSTRIAL ROMICA CL 5 BIS, PARCELA 294 &#8211; 02008 ALBACETE.<\/p>\n<p>En caso de que sienta vulnerados sus derechos en lo concerniente a la proteccio\u0301n de sus datos personales, especialmente cuando no haya obtenido satisfaccio\u0301n en el ejercicio de sus derechos, puede presentar una reclamacio\u0301n ante la Autoridad de Control en materia de Proteccio\u0301n de Datos competente a trave\u0301s de su sitio web: www.agpd.es.<\/p>\n<\/div>\n<\/div>\n<\/div>\n<\/div>\n<\/div>\n<\/div>\n<p>[\/vc_column_text][vc_empty_space][vc_separator css_animation=\u00bbfadeIn\u00bb type=\u00bbnormal\u00bb][vc_empty_space][vc_column_text]<\/p>\n<h2>POLITICA DE PRIVACIDAD<\/h2>\n<p>[\/vc_column_text][vc_column_text]<\/p>\n<p style=\"color: black;\"><b>Informaci\u00f3n completa sobre Protecci\u00f3n de Datos<\/b><\/p>\n<p style=\"color: black;\"><b style=\"font-family: Rosarivo, sans-serif;\">\u00bfQui\u00e9n es el responsable del tratamiento de sus datos?<\/b><\/p>\n<p style=\"color: black;\">SPANISH CHEESE, SL.<\/p>\n<p style=\"color: black;\">B02327781.<\/p>\n<p style=\"color: black;\">PARQUE EMPRESARIAL ROMICA &#8211; CL 5 bis, PARCELA 294 &#8211; 02008 &#8211; ALBACETE.<\/p>\n<p style=\"color: black;\">967 254 190.<\/p>\n<p style=\"color: black;\">miguel@spanish-cheese.com.<\/p>\n<p style=\"color: black;\"><b style=\"font-family: Rosarivo, sans-serif;\">\u00bfCon qu\u00e9 finalidad tratamos sus datos personales?<\/b><\/p>\n<p style=\"color: black;\">En SPANISH CHEESE, SL tratamos la informaci\u00f3n que nos facilitan las personas interesadas con el fin de atender su solicitud y enviarle comunicaciones comerciales, inclusive por v\u00eda electr\u00f3nica. En el caso de que no facilite sus datos personales, no podremos cumplir con las funcionalidades descritas anteriormente.<\/p>\n<p style=\"color: black;\">No se van a tomar decisiones automatizadas en base a los datos proporcionados.<\/p>\n<p style=\"color: black;\"><b style=\"font-family: Rosarivo, sans-serif;\">\u00bfPor cu\u00e1nto tiempo conservaremos sus datos?<\/b><\/p>\n<p style=\"color: black;\">Los datos se conservar\u00e1n mientras el interesado no solicite su supresi\u00f3n.<\/p>\n<p style=\"color: black;\"><b style=\"font-family: Rosarivo, sans-serif;\">\u00bfCu\u00e1l es la legitimaci\u00f3n para el tratamiento de sus datos?<\/b><\/p>\n<p style=\"color: black;\">Le indicamos la base legal para el tratamiento de sus datos:<\/p>\n<ul style=\"color: black;\">\n<li>Ejecuci\u00f3n de un contrato: Atender su solicitud.<\/li>\n<li>Consentimiento del interesado: Enviarle comunicaciones comerciales, inclusive por v\u00eda electr\u00f3nica.<\/li>\n<\/ul>\n<p style=\"color: black;\"><strong><span style=\"font-family: Rosarivo, sans-serif; background-color: #ffffff;\">\u00bfA qu\u00e9 destinatarios se comunicar\u00e1n sus datos?<\/span><\/strong><\/p>\n<p style=\"color: black;\">No se ceder\u00e1n datos a terceros, salvo obligaci\u00f3n legal.<\/p>\n<p><b>Transferencias de datos a terceros pa\u00edses<\/b><\/p>\n<p style=\"color: black;\">No est\u00e1n previstas transferencias de datos a terceros pa\u00edses.<\/p>\n<p><b>\u00bfCu\u00e1les son sus derechos cuando nos facilita sus datos?<\/b><\/p>\n<p>Cualquier persona tiene derecho a obtener confirmaci\u00f3n sobre si en SPANISH CHEESE, SL estamos tratando, o no, datos personales que les conciernan.<\/p>\n<p style=\"color: black;\">Las personas interesadas tienen derecho a acceder a sus datos personales, as\u00ed como a solicitar la rectificaci\u00f3n de los datos inexactos o, en su caso, solicitar su supresi\u00f3n cuando, entre otros motivos, los datos ya no sean necesarios para los fines que fueron recogidos. Igualmente tiene derecho a la portabilidad de sus datos.<\/p>\n<p style=\"color: black;\">En determinadas circunstancias, los interesados podr\u00e1n solicitar la limitaci\u00f3n del tratamiento de sus datos, en cuyo caso \u00fanicamente los conservaremos para el ejercicio o la defensa de reclamaciones.<\/p>\n<p style=\"color: black;\">En determinadas circunstancias y por motivos relacionados con su situaci\u00f3n particular, los interesados podr\u00e1n oponerse al tratamiento de sus datos. En este caso, SPANISH CHEESE, SL dejar\u00e1 de tratar los datos, salvo por motivos leg\u00edtimos imperiosos, o el ejercicio o la defensa de posibles reclamaciones.<\/p>\n<p style=\"color: black;\">Podr\u00e1 ejercitar materialmente sus derechos de la siguiente forma: dirigi\u00e9ndose a la direcci\u00f3n del responsable del tratamiento<\/p>\n<p style=\"color: black;\">Cuando se realice el env\u00edo de comunicaciones comerciales utilizando como base jur\u00eddica el inter\u00e9s leg\u00edtimo del responsable, el interesado podr\u00e1 oponerse al tratamiento de sus datos con ese fin.<\/p>\n<p style=\"color: black;\">Si ha otorgado su consentimiento para alguna finalidad concreta, tiene derecho a retirar el consentimiento otorgado en cualquier momento, sin que ello afecte a la licitud del tratamiento basado en el consentimiento previo a su retirada.<\/p>\n<p style=\"color: black;\">En caso de que sienta vulnerados sus derechos en lo concerniente a la protecci\u00f3n de sus datos personales, especialmente cuando no haya obtenido satisfacci\u00f3n en el ejercicio de sus derechos, puede presentar una reclamaci\u00f3n ante la Autoridad de Control en materia de Protecci\u00f3n de Datos competente a trav\u00e9s de su sitio web: www.aepd.es.<\/p>\n<p><b>\u00bfC\u00f3mo hemos obtenido sus datos?<\/b><\/p>\n<p>Los datos personales que tratamos en SPANISH CHEESE, SL proceden de: El propio interesado.<\/p>\n<p>\u00a0<\/p>\t\t\t\t\t\t\t\t<\/div>\n\t\t\t\t<\/div>\n\t\t\t\t<div class=\"elementor-element elementor-element-ac36269 elementor-widget elementor-widget-spacer\" data-id=\"ac36269\" data-element_type=\"widget\" data-e-type=\"widget\" data-widget_type=\"spacer.default\">\n\t\t\t\t<div class=\"elementor-widget-container\">\n\t\t\t\t\t\t\t<div class=\"elementor-spacer\">\n\t\t\t<div class=\"elementor-spacer-inner\"><\/div>\n\t\t<\/div>\n\t\t\t\t\t\t<\/div>\n\t\t\t\t<\/div>\n\t\t\t\t\t<\/div>\n\t\t<\/div>\n\t\t\t\t\t<\/div>\n\t\t<\/section>\n\t\t\t\t<\/div>\n\t\t","protected":false},"excerpt":{"rendered":"<p>[vc_row css_animation=\u00bb\u00bb row_type=\u00bbrow\u00bb use_row_as_full_screen_section=\u00bbno\u00bb type=\u00bbfull_width\u00bb angled_section=\u00bbno\u00bb text_align=\u00bbleft\u00bb background_image_as_pattern=\u00bbwithout_pattern\u00bb][vc_column][vc_column_text] POLI\u0301TICA DE PRIVACIDAD Tratamiento de los datos recogidos en el formulario de contacto Informacio\u0301n Ba\u0301sica sobre Proteccio\u0301n de datos Responsable: SPANISH CHEESE, SL Finalidad: Atender su solicitud. Legitimacio\u0301n: Ejecucio\u0301n de un contrato. Destinatarios: No se cedera\u0301n datos&#8230;<\/p>\n","protected":false},"author":1,"featured_media":0,"parent":0,"menu_order":0,"comment_status":"closed","ping_status":"closed","template":"","meta":{"footnotes":""},"class_list":["post-2845","page","type-page","status-publish","hentry"],"_links":{"self":[{"href":"https:\/\/spanish-cheese.com\/es\/wp-json\/wp\/v2\/pages\/2845","targetHints":{"allow":["GET"]}}],"collection":[{"href":"https:\/\/spanish-cheese.com\/es\/wp-json\/wp\/v2\/pages"}],"about":[{"href":"https:\/\/spanish-cheese.com\/es\/wp-json\/wp\/v2\/types\/page"}],"author":[{"embeddable":true,"href":"https:\/\/spanish-cheese.com\/es\/wp-json\/wp\/v2\/users\/1"}],"replies":[{"embeddable":true,"href":"https:\/\/spanish-cheese.com\/es\/wp-json\/wp\/v2\/comments?post=2845"}],"version-history":[{"count":0,"href":"https:\/\/spanish-cheese.com\/es\/wp-json\/wp\/v2\/pages\/2845\/revisions"}],"wp:attachment":[{"href":"https:\/\/spanish-cheese.com\/es\/wp-json\/wp\/v2\/media?parent=2845"}],"curies":[{"name":"wp","href":"https:\/\/api.w.org\/{rel}","templated":true}]}}