{"id":10147,"date":"2025-05-28T10:37:55","date_gmt":"2025-05-28T10:37:55","guid":{"rendered":"https:\/\/www.spanish-cheese.com\/?page_id=10147"},"modified":"2025-10-28T12:58:49","modified_gmt":"2025-10-28T12:58:49","slug":"cata-vertical","status":"publish","type":"page","link":"https:\/\/spanish-cheese.com\/es\/cata-vertical\/","title":{"rendered":"Cata vertical"},"content":{"rendered":"\t\t<div data-elementor-type=\"wp-page\" data-elementor-id=\"10147\" class=\"elementor elementor-10147\" data-elementor-post-type=\"page\">\n\t\t\t\t\t\t<section class=\"elementor-section elementor-top-section elementor-element elementor-element-6e631fc elementor-section-boxed elementor-section-height-default elementor-section-height-default\" data-id=\"6e631fc\" data-element_type=\"section\" data-e-type=\"section\">\n\t\t\t\t\t\t<div class=\"elementor-container elementor-column-gap-default\">\n\t\t\t\t\t<div class=\"elementor-column elementor-col-100 elementor-top-column elementor-element elementor-element-66aea7c\" data-id=\"66aea7c\" data-element_type=\"column\" data-e-type=\"column\">\n\t\t\t<div class=\"elementor-widget-wrap\">\n\t\t\t\t\t\t\t<\/div>\n\t\t<\/div>\n\t\t\t\t\t<\/div>\n\t\t<\/section>\n\t\t\t\t<section class=\"elementor-section elementor-top-section elementor-element elementor-element-3d565e6a elementor-section-full_width elementor-section-height-default elementor-section-height-default\" data-id=\"3d565e6a\" data-element_type=\"section\" data-e-type=\"section\">\n\t\t\t\t\t\t<div class=\"elementor-container elementor-column-gap-default\">\n\t\t\t\t\t<div class=\"elementor-column elementor-col-100 elementor-top-column elementor-element elementor-element-1cc15017\" data-id=\"1cc15017\" data-element_type=\"column\" data-e-type=\"column\">\n\t\t\t<div class=\"elementor-widget-wrap elementor-element-populated\">\n\t\t\t\t\t\t<section class=\"elementor-section elementor-inner-section elementor-element elementor-element-4c081312 elementor-section-full_width elementor-section-height-default elementor-section-height-default\" data-id=\"4c081312\" data-element_type=\"section\" data-e-type=\"section\">\n\t\t\t\t\t\t<div class=\"elementor-container elementor-column-gap-default\">\n\t\t\t\t\t<div class=\"elementor-column elementor-col-100 elementor-inner-column elementor-element elementor-element-45c2eb9c\" data-id=\"45c2eb9c\" data-element_type=\"column\" data-e-type=\"column\">\n\t\t\t<div class=\"elementor-widget-wrap elementor-element-populated\">\n\t\t\t\t\t\t<div class=\"elementor-element elementor-element-5d40559a elementor-widget elementor-widget-image\" data-id=\"5d40559a\" data-element_type=\"widget\" data-e-type=\"widget\" data-widget_type=\"image.default\">\n\t\t\t\t<div class=\"elementor-widget-container\">\n\t\t\t\t\t\t\t\t\t\t\t\t\t\t\t<img fetchpriority=\"high\" decoding=\"async\" width=\"1920\" height=\"1071\" src=\"https:\/\/spanish-cheese.com\/wp-content\/uploads\/2025\/06\/CATA-VERTICAL-SLIDER.jpg\" class=\"attachment-full size-full wp-image-10168\" alt=\"\" srcset=\"https:\/\/spanish-cheese.com\/wp-content\/uploads\/2025\/06\/CATA-VERTICAL-SLIDER.jpg 1920w, https:\/\/spanish-cheese.com\/wp-content\/uploads\/2025\/06\/CATA-VERTICAL-SLIDER-300x167.jpg 300w, https:\/\/spanish-cheese.com\/wp-content\/uploads\/2025\/06\/CATA-VERTICAL-SLIDER-1024x571.jpg 1024w, https:\/\/spanish-cheese.com\/wp-content\/uploads\/2025\/06\/CATA-VERTICAL-SLIDER-768x428.jpg 768w, https:\/\/spanish-cheese.com\/wp-content\/uploads\/2025\/06\/CATA-VERTICAL-SLIDER-1536x857.jpg 1536w, https:\/\/spanish-cheese.com\/wp-content\/uploads\/2025\/06\/CATA-VERTICAL-SLIDER-18x10.jpg 18w, https:\/\/spanish-cheese.com\/wp-content\/uploads\/2025\/06\/CATA-VERTICAL-SLIDER-700x390.jpg 700w\" sizes=\"(max-width: 1920px) 100vw, 1920px\" \/>\t\t\t\t\t\t\t\t\t\t\t\t\t\t\t<\/div>\n\t\t\t\t<\/div>\n\t\t\t\t\t<\/div>\n\t\t<\/div>\n\t\t\t\t\t<\/div>\n\t\t<\/section>\n\t\t\t\t<section class=\"elementor-section elementor-inner-section elementor-element elementor-element-59b9f8b1 elementor-section-boxed elementor-section-height-default elementor-section-height-default\" data-id=\"59b9f8b1\" data-element_type=\"section\" data-e-type=\"section\">\n\t\t\t\t\t\t<div class=\"elementor-container elementor-column-gap-default\">\n\t\t\t\t\t<div class=\"elementor-column elementor-col-100 elementor-inner-column elementor-element elementor-element-41c03bde\" data-id=\"41c03bde\" data-element_type=\"column\" data-e-type=\"column\">\n\t\t\t<div class=\"elementor-widget-wrap elementor-element-populated\">\n\t\t\t\t\t\t<div class=\"elementor-element elementor-element-58d360bd elementor-widget elementor-widget-spacer\" data-id=\"58d360bd\" data-element_type=\"widget\" data-e-type=\"widget\" data-widget_type=\"spacer.default\">\n\t\t\t\t<div class=\"elementor-widget-container\">\n\t\t\t\t\t\t\t<div class=\"elementor-spacer\">\n\t\t\t<div class=\"elementor-spacer-inner\"><\/div>\n\t\t<\/div>\n\t\t\t\t\t\t<\/div>\n\t\t\t\t<\/div>\n\t\t\t\t<div class=\"elementor-element elementor-element-67839a93 elementor-widget elementor-widget-heading\" data-id=\"67839a93\" data-element_type=\"widget\" data-e-type=\"widget\" data-widget_type=\"heading.default\">\n\t\t\t\t<div class=\"elementor-widget-container\">\n\t\t\t\t\t<h2 class=\"elementor-heading-title elementor-size-default\">Descubre la Cata Vertical Manchega: Tres Quesos, Tres Curaciones, Una Experiencia \u00danica<\/h2>\t\t\t\t<\/div>\n\t\t\t\t<\/div>\n\t\t\t\t<div class=\"elementor-element elementor-element-5a07b5c2 elementor-widget__width-initial elementor-widget elementor-widget-text-editor\" data-id=\"5a07b5c2\" data-element_type=\"widget\" data-e-type=\"widget\" data-widget_type=\"text-editor.default\">\n\t\t\t\t<div class=\"elementor-widget-container\">\n\t\t\t\t\t\t\t\t\t<p data-start=\"252\" data-end=\"728\">\u00bfAlguna vez te has preguntado c\u00f3mo evoluciona el sabor de un queso manchego a lo largo del tiempo? Con nuestra nueva <strong data-start=\"369\" data-end=\"395\">Cata Vertical Manchega<\/strong>, podr\u00e1s vivirlo en primera persona. Este exclusivo set est\u00e1 compuesto por una elegante campana quesera y tres cu\u00f1as de queso manchego elaboradas con leche cruda de oveja, en tres estados de maduraci\u00f3n: 3, 6 y 12 meses. Un viaje sensorial que te lleva desde la suavidad fresca del queso joven hasta la complejidad potente del curado.<\/p><p data-start=\"730\" data-end=\"851\">Ideal para una experiencia gourmet en casa, una cata entre amigos o como regalo original para cualquier amante del queso.<\/p><p data-start=\"853\" data-end=\"955\">A continuaci\u00f3n, te dejamos la gu\u00eda para que puedas realizar la cata como un aut\u00e9ntico maestro quesero:<\/p>\t\t\t\t\t\t\t\t<\/div>\n\t\t\t\t<\/div>\n\t\t\t\t<div class=\"elementor-element elementor-element-498131a8 elementor-widget elementor-widget-heading\" data-id=\"498131a8\" data-element_type=\"widget\" data-e-type=\"widget\" data-widget_type=\"heading.default\">\n\t\t\t\t<div class=\"elementor-widget-container\">\n\t\t\t\t\t<h2 class=\"elementor-heading-title elementor-size-default\">Preparaci\u00f3n:<\/h2>\t\t\t\t<\/div>\n\t\t\t\t<\/div>\n\t\t\t\t<div class=\"elementor-element elementor-element-7dfe6973 elementor-widget__width-initial elementor-widget elementor-widget-text-editor\" data-id=\"7dfe6973\" data-element_type=\"widget\" data-e-type=\"widget\" data-widget_type=\"text-editor.default\">\n\t\t\t\t<div class=\"elementor-widget-container\">\n\t\t\t\t\t\t\t\t\t<p data-start=\"252\" data-end=\"728\">Retira la campana quesera y deja reposar las cu\u00f1as a temperatura ambiente durante al menos 20 minutos antes de la cata. Utiliza un cuchillo adecuado para queso curado, preferiblemente con hoja lisa.<br data-start=\"1181\" data-end=\"1184\" \/>Corta cada cu\u00f1a en finas l\u00e1minas triangulares para apreciar mejor su textura y sabor en cada bocado.<\/p>\t\t\t\t\t\t\t\t<\/div>\n\t\t\t\t<\/div>\n\t\t\t\t<div class=\"elementor-element elementor-element-7f15aa61 elementor-widget elementor-widget-heading\" data-id=\"7f15aa61\" data-element_type=\"widget\" data-e-type=\"widget\" data-widget_type=\"heading.default\">\n\t\t\t\t<div class=\"elementor-widget-container\">\n\t\t\t\t\t<h2 class=\"elementor-heading-title elementor-size-default\">Orden de degustaci\u00f3n:<\/h2>\t\t\t\t<\/div>\n\t\t\t\t<\/div>\n\t\t\t\t<div class=\"elementor-element elementor-element-78bac0e6 elementor-widget__width-initial elementor-widget elementor-widget-text-editor\" data-id=\"78bac0e6\" data-element_type=\"widget\" data-e-type=\"widget\" data-widget_type=\"text-editor.default\">\n\t\t\t\t<div class=\"elementor-widget-container\">\n\t\t\t\t\t\t\t\t\t<p data-start=\"252\" data-end=\"728\">Comienza con el queso de 3 meses, seguido del de 6 meses y finaliza con el de 12 meses.<br data-start=\"1408\" data-end=\"1411\" \/>T\u00f3mate un momento para observar el color, textura y aroma antes de probar cada uno. Deja que el queso se funda en tu boca y trata de identificar los matices de sabor antes de pasar al siguiente.<\/p>\t\t\t\t\t\t\t\t<\/div>\n\t\t\t\t<\/div>\n\t\t\t\t<div class=\"elementor-element elementor-element-4a0fd385 elementor-widget elementor-widget-heading\" data-id=\"4a0fd385\" data-element_type=\"widget\" data-e-type=\"widget\" data-widget_type=\"heading.default\">\n\t\t\t\t<div class=\"elementor-widget-container\">\n\t\t\t\t\t<h2 class=\"elementor-heading-title elementor-size-default\">1. Queso Manchego Curaci\u00f3n 3 Meses \u2013 Suavidad y Frescura<\/h2>\t\t\t\t<\/div>\n\t\t\t\t<\/div>\n\t\t\t\t<div class=\"elementor-element elementor-element-7b24594c elementor-widget__width-initial elementor-widget elementor-widget-text-editor\" data-id=\"7b24594c\" data-element_type=\"widget\" data-e-type=\"widget\" data-widget_type=\"text-editor.default\">\n\t\t\t\t<div class=\"elementor-widget-container\">\n\t\t\t\t\t\t\t\t\t<p data-start=\"252\" data-end=\"728\">Queso joven, de textura tierna y sabor suave, con notas l\u00e1cteas y toques de heno fresco.<br data-start=\"1767\" data-end=\"1770\" \/><strong data-start=\"1770\" data-end=\"1795\">Maridaje recomendado:<\/strong> Vinos blancos j\u00f3venes o espumosos suaves.<br data-start=\"1837\" data-end=\"1840\" \/><strong data-start=\"1840\" data-end=\"1865\">Acompa\u00f1amiento ideal:<\/strong> Almendras, nueces de macadamia y mermeladas c\u00edtricas.<\/p>\t\t\t\t\t\t\t\t<\/div>\n\t\t\t\t<\/div>\n\t\t\t\t<div class=\"elementor-element elementor-element-2356aeb2 elementor-widget elementor-widget-heading\" data-id=\"2356aeb2\" data-element_type=\"widget\" data-e-type=\"widget\" data-widget_type=\"heading.default\">\n\t\t\t\t<div class=\"elementor-widget-container\">\n\t\t\t\t\t<h2 class=\"elementor-heading-title elementor-size-default\">2. Queso Manchego Curaci\u00f3n 6 Meses \u2013 Equilibrio y Car\u00e1cter<\/h2>\t\t\t\t<\/div>\n\t\t\t\t<\/div>\n\t\t\t\t<div class=\"elementor-element elementor-element-7869dab elementor-widget__width-initial elementor-widget elementor-widget-text-editor\" data-id=\"7869dab\" data-element_type=\"widget\" data-e-type=\"widget\" data-widget_type=\"text-editor.default\">\n\t\t\t\t<div class=\"elementor-widget-container\">\n\t\t\t\t\t\t\t\t\t<p data-start=\"252\" data-end=\"728\">Textura m\u00e1s firme y sabor m\u00e1s pronunciado, con matices de frutos secos y un toque de caramelo.<br data-start=\"2089\" data-end=\"2092\" \/><strong data-start=\"2092\" data-end=\"2117\">Maridaje recomendado:<\/strong> Vinos blancos con cuerpo o tintos j\u00f3venes afrutados.<br data-start=\"2170\" data-end=\"2173\" \/><strong data-start=\"2173\" data-end=\"2198\">Acompa\u00f1amiento ideal:<\/strong> Pan r\u00fastico, miel de romero y aceitunas verdes.<\/p>\t\t\t\t\t\t\t\t<\/div>\n\t\t\t\t<\/div>\n\t\t\t\t<div class=\"elementor-element elementor-element-29ad7167 elementor-widget elementor-widget-heading\" data-id=\"29ad7167\" data-element_type=\"widget\" data-e-type=\"widget\" data-widget_type=\"heading.default\">\n\t\t\t\t<div class=\"elementor-widget-container\">\n\t\t\t\t\t<h2 class=\"elementor-heading-title elementor-size-default\">3. Queso Manchego Curaci\u00f3n 12 Meses \u2013 Potencia y Complejidad<\/h2>\t\t\t\t<\/div>\n\t\t\t\t<\/div>\n\t\t\t\t<div class=\"elementor-element elementor-element-2644d249 elementor-widget__width-initial elementor-widget elementor-widget-text-editor\" data-id=\"2644d249\" data-element_type=\"widget\" data-e-type=\"widget\" data-widget_type=\"text-editor.default\">\n\t\t\t\t<div class=\"elementor-widget-container\">\n\t\t\t\t\t\t\t\t\t<p data-start=\"252\" data-end=\"728\">El culmen de la experiencia: textura granulada, sabor intenso y profundo, con notas tostadas, mantequilla y un toque picante.<br data-start=\"2449\" data-end=\"2452\" \/><strong data-start=\"2452\" data-end=\"2477\">Maridaje recomendado:<\/strong> Vinos tintos con crianza o jerez seco.<br data-start=\"2516\" data-end=\"2519\" \/><strong data-start=\"2519\" data-end=\"2544\">Acompa\u00f1amiento ideal:<\/strong> Membrillo, higos secos, nueces o avellanas.<\/p>\t\t\t\t\t\t\t\t<\/div>\n\t\t\t\t<\/div>\n\t\t\t\t<div class=\"elementor-element elementor-element-358a47b7 elementor-widget elementor-widget-heading\" data-id=\"358a47b7\" data-element_type=\"widget\" data-e-type=\"widget\" data-widget_type=\"heading.default\">\n\t\t\t\t<div class=\"elementor-widget-container\">\n\t\t\t\t\t<h2 class=\"elementor-heading-title elementor-size-default\">\u00a1Bon app\u00e9tit!<\/h2>\t\t\t\t<\/div>\n\t\t\t\t<\/div>\n\t\t\t\t<div class=\"elementor-element elementor-element-214fcfd2 elementor-widget__width-initial elementor-widget elementor-widget-text-editor\" data-id=\"214fcfd2\" data-element_type=\"widget\" data-e-type=\"widget\" data-widget_type=\"text-editor.default\">\n\t\t\t\t<div class=\"elementor-widget-container\">\n\t\t\t\t\t\t\t\t\t<p data-start=\"252\" data-end=\"728\">Convi\u00e9rtete en catador por un d\u00eda y saborea la evoluci\u00f3n del queso manchego como nunca antes.<\/p>\t\t\t\t\t\t\t\t<\/div>\n\t\t\t\t<\/div>\n\t\t\t\t\t<\/div>\n\t\t<\/div>\n\t\t\t\t\t<\/div>\n\t\t<\/section>\n\t\t\t\t\t<\/div>\n\t\t<\/div>\n\t\t\t\t\t<\/div>\n\t\t<\/section>\n\t\t\t\t<section class=\"elementor-section elementor-top-section elementor-element elementor-element-30800ae7 elementor-section-full_width elementor-section-height-min-height elementor-section-height-default elementor-section-items-middle\" data-id=\"30800ae7\" data-element_type=\"section\" data-e-type=\"section\" data-settings=\"{&quot;background_background&quot;:&quot;classic&quot;}\">\n\t\t\t\t\t\t<div class=\"elementor-container elementor-column-gap-default\">\n\t\t\t\t\t<div class=\"elementor-column elementor-col-100 elementor-top-column elementor-element elementor-element-45985f01\" data-id=\"45985f01\" data-element_type=\"column\" data-e-type=\"column\">\n\t\t\t<div class=\"elementor-widget-wrap elementor-element-populated\">\n\t\t\t\t\t\t<div class=\"elementor-element elementor-element-62f7aeca elementor-widget elementor-widget-text-editor\" data-id=\"62f7aeca\" data-element_type=\"widget\" data-e-type=\"widget\" data-widget_type=\"text-editor.default\">\n\t\t\t\t<div class=\"elementor-widget-container\">\n\t\t\t\t\t\t\t\t\t<p style=\"text-align: center;\"><span style=\"color: #ffffff;\">SPANISH CHEESE, S.L. &#8211; Pol\u00edgono Industrial Romica C\/ Riga, 28, 02007 \u2013 Albacete<br \/>&#8211; Tel.: +34 967 254 190 \/ +34 967 247 216 &#8211; contact@spanish-cheese.com<\/span><\/p>\t\t\t\t\t\t\t\t<\/div>\n\t\t\t\t<\/div>\n\t\t\t\t<div class=\"elementor-element elementor-element-77801f4b elementor-nav-menu__align-center elementor-nav-menu__text-align-center elementor-nav-menu--dropdown-tablet elementor-widget elementor-widget-nav-menu\" data-id=\"77801f4b\" data-element_type=\"widget\" data-e-type=\"widget\" data-settings=\"{&quot;layout&quot;:&quot;horizontal&quot;,&quot;submenu_icon&quot;:{&quot;value&quot;:&quot;&lt;i class=\\&quot;fas fa-caret-down\\&quot;&gt;&lt;\\\/i&gt;&quot;,&quot;library&quot;:&quot;fa-solid&quot;}}\" data-widget_type=\"nav-menu.default\">\n\t\t\t\t<div class=\"elementor-widget-container\">\n\t\t\t\t\t\t\t\t<nav aria-label=\"Men\u00fa\" class=\"elementor-nav-menu--main elementor-nav-menu__container elementor-nav-menu--layout-horizontal e--pointer-underline e--animation-fade\">\r\n\t\t\t\t<ul id=\"menu-1-77801f4b\" class=\"elementor-nav-menu\"><li class=\"menu-item menu-item-type-custom menu-item-object-custom menu-item-3154\"><a href=\"https:\/\/spanish-cheese.com\/politica-de-cookies\/\" class=\"elementor-item\">POL\u00cdTICA DE COOKIES<\/a><\/li>\n<li class=\"menu-item menu-item-type-custom menu-item-object-custom menu-item-3155\"><a href=\"https:\/\/spanish-cheese.com\/politica-de-privacidad\/\" class=\"elementor-item\">POL\u00cdTICA DE PRIVACIDAD<\/a><\/li>\n<li class=\"menu-item menu-item-type-custom menu-item-object-custom menu-item-3156\"><a href=\"https:\/\/spanish-cheese.com\/condiciones-generales\/\" class=\"elementor-item\">CONDICIONES GENERALES<\/a><\/li>\n<li class=\"menu-item menu-item-type-custom menu-item-object-custom menu-item-3157\"><a href=\"https:\/\/spanish-cheese.com\/aviso-legal\/\" class=\"elementor-item\">AVISO LEGAL<\/a><\/li>\n<\/ul>\t\t\t<\/nav>\r\n\t\t\t\t\t\t<nav class=\"elementor-nav-menu--dropdown elementor-nav-menu__container\" aria-hidden=\"true\">\r\n\t\t\t\t<ul id=\"menu-2-77801f4b\" class=\"elementor-nav-menu\"><li class=\"menu-item menu-item-type-custom menu-item-object-custom menu-item-3154\"><a href=\"https:\/\/spanish-cheese.com\/politica-de-cookies\/\" class=\"elementor-item\" tabindex=\"-1\">POL\u00cdTICA DE COOKIES<\/a><\/li>\n<li class=\"menu-item menu-item-type-custom menu-item-object-custom menu-item-3155\"><a href=\"https:\/\/spanish-cheese.com\/politica-de-privacidad\/\" class=\"elementor-item\" tabindex=\"-1\">POL\u00cdTICA DE PRIVACIDAD<\/a><\/li>\n<li class=\"menu-item menu-item-type-custom menu-item-object-custom menu-item-3156\"><a href=\"https:\/\/spanish-cheese.com\/condiciones-generales\/\" class=\"elementor-item\" tabindex=\"-1\">CONDICIONES GENERALES<\/a><\/li>\n<li class=\"menu-item menu-item-type-custom menu-item-object-custom menu-item-3157\"><a href=\"https:\/\/spanish-cheese.com\/aviso-legal\/\" class=\"elementor-item\" tabindex=\"-1\">AVISO LEGAL<\/a><\/li>\n<\/ul>\t\t\t<\/nav>\r\n\t\t\t\t\t\t<\/div>\n\t\t\t\t<\/div>\n\t\t\t\t\t<\/div>\n\t\t<\/div>\n\t\t\t\t\t<\/div>\n\t\t<\/section>\n\t\t\t\t<\/div>\n\t\t","protected":false},"excerpt":{"rendered":"<p>Descubre la Cata Vertical Manchega: Tres Quesos, Tres Curaciones, Una Experiencia \u00danica \u00bfAlguna vez te has preguntado c\u00f3mo evoluciona el sabor de un queso manchego a lo largo del tiempo? Con nuestra nueva Cata Vertical Manchega, podr\u00e1s vivirlo en primera persona. Este exclusivo set est\u00e1&#8230;<\/p>\n","protected":false},"author":1,"featured_media":0,"parent":0,"menu_order":0,"comment_status":"closed","ping_status":"closed","template":"elementor_canvas","meta":{"footnotes":""},"class_list":["post-10147","page","type-page","status-publish","hentry"],"_links":{"self":[{"href":"https:\/\/spanish-cheese.com\/es\/wp-json\/wp\/v2\/pages\/10147","targetHints":{"allow":["GET"]}}],"collection":[{"href":"https:\/\/spanish-cheese.com\/es\/wp-json\/wp\/v2\/pages"}],"about":[{"href":"https:\/\/spanish-cheese.com\/es\/wp-json\/wp\/v2\/types\/page"}],"author":[{"embeddable":true,"href":"https:\/\/spanish-cheese.com\/es\/wp-json\/wp\/v2\/users\/1"}],"replies":[{"embeddable":true,"href":"https:\/\/spanish-cheese.com\/es\/wp-json\/wp\/v2\/comments?post=10147"}],"version-history":[{"count":7,"href":"https:\/\/spanish-cheese.com\/es\/wp-json\/wp\/v2\/pages\/10147\/revisions"}],"predecessor-version":[{"id":10303,"href":"https:\/\/spanish-cheese.com\/es\/wp-json\/wp\/v2\/pages\/10147\/revisions\/10303"}],"wp:attachment":[{"href":"https:\/\/spanish-cheese.com\/es\/wp-json\/wp\/v2\/media?parent=10147"}],"curies":[{"name":"wp","href":"https:\/\/api.w.org\/{rel}","templated":true}]}}