{"id":6085,"date":"2021-08-17T07:41:43","date_gmt":"2021-08-17T07:41:43","guid":{"rendered":"https:\/\/www.spanish-cheese.com\/?page_id=6085"},"modified":"2021-09-15T21:47:28","modified_gmt":"2021-09-15T21:47:28","slug":"queso-de-oveja","status":"publish","type":"page","link":"https:\/\/spanish-cheese.com\/en\/queso-de-oveja\/","title":{"rendered":"SHEEP CHEESE"},"content":{"rendered":"\t\t<div data-elementor-type=\"wp-page\" data-elementor-id=\"6085\" class=\"elementor elementor-6085\" data-elementor-post-type=\"page\">\n\t\t\t\t\t\t<section class=\"elementor-section elementor-top-section elementor-element elementor-element-4be798f4 elementor-section-full_width elementor-section-height-min-height elementor-section-stretched elementor-section-height-default elementor-section-items-middle\" data-id=\"4be798f4\" data-element_type=\"section\" data-e-type=\"section\" data-settings=\"{&quot;background_background&quot;:&quot;slideshow&quot;,&quot;background_slideshow_gallery&quot;:[{&quot;id&quot;:4830,&quot;url&quot;:&quot;https:\\\/\\\/spanish-cheese.com\\\/wp-content\\\/uploads\\\/2021\\\/08\\\/FONDO-SPANISH-CHEESE-scaled.jpg&quot;}],&quot;stretch_section&quot;:&quot;section-stretched&quot;,&quot;background_slideshow_loop&quot;:&quot;yes&quot;,&quot;background_slideshow_slide_duration&quot;:5000,&quot;background_slideshow_slide_transition&quot;:&quot;fade&quot;,&quot;background_slideshow_transition_duration&quot;:500}\">\n\t\t\t\t\t\t<div class=\"elementor-container elementor-column-gap-default\">\n\t\t\t\t\t<div class=\"elementor-column elementor-col-100 elementor-top-column elementor-element elementor-element-2a3804f8\" data-id=\"2a3804f8\" data-element_type=\"column\" data-e-type=\"column\">\n\t\t\t<div class=\"elementor-widget-wrap elementor-element-populated\">\n\t\t\t\t\t\t<div class=\"elementor-element elementor-element-4f6f65ee elementor--h-position-center elementor--v-position-middle elementor-arrows-position-inside elementor-pagination-position-inside elementor-widget elementor-widget-slides\" data-id=\"4f6f65ee\" data-element_type=\"widget\" data-e-type=\"widget\" data-settings=\"{&quot;navigation&quot;:&quot;both&quot;,&quot;autoplay&quot;:&quot;yes&quot;,&quot;pause_on_hover&quot;:&quot;yes&quot;,&quot;pause_on_interaction&quot;:&quot;yes&quot;,&quot;autoplay_speed&quot;:5000,&quot;infinite&quot;:&quot;yes&quot;,&quot;transition&quot;:&quot;slide&quot;,&quot;transition_speed&quot;:500}\" data-widget_type=\"slides.default\">\n\t\t\t\t<div class=\"elementor-widget-container\">\n\t\t\t\t\t\t\t\t\t<div class=\"elementor-swiper\">\r\n\t\t\t\t\t<div class=\"elementor-slides-wrapper elementor-main-swiper swiper\" role=\"region\" aria-roledescription=\"carousel\" aria-label=\"Slides\" dir=\"ltr\" data-animation=\"fadeInUp\">\r\n\t\t\t\t<div class=\"swiper-wrapper elementor-slides\">\r\n\t\t\t\t\t\t\t\t\t\t<div class=\"elementor-repeater-item-ad74deb swiper-slide\" role=\"group\" aria-roledescription=\"slide\"><div class=\"swiper-slide-bg\" role=\"img\"><\/div><div class=\"elementor-background-overlay\"><\/div><div class=\"swiper-slide-inner\" ><div class=\"swiper-slide-contents\"><div class=\"elementor-slide-heading\">QUESO DE OVEJA <\/div><\/div><\/div><\/div>\t\t\t\t<\/div>\r\n\t\t\t\t\t\t\t<\/div>\r\n\t\t\t\t<\/div>\r\n\t\t\t\t\t\t\t\t<\/div>\n\t\t\t\t<\/div>\n\t\t\t\t\t<\/div>\n\t\t<\/div>\n\t\t\t\t\t<\/div>\n\t\t<\/section>\n\t\t\t\t<section class=\"elementor-section elementor-top-section elementor-element elementor-element-28b630d1 elementor-section-height-min-height elementor-section-stretched elementor-section-items-top elementor-section-boxed elementor-section-height-default\" data-id=\"28b630d1\" data-element_type=\"section\" data-e-type=\"section\" data-settings=\"{&quot;background_background&quot;:&quot;slideshow&quot;,&quot;background_slideshow_gallery&quot;:[{&quot;id&quot;:4830,&quot;url&quot;:&quot;https:\\\/\\\/spanish-cheese.com\\\/wp-content\\\/uploads\\\/2021\\\/08\\\/FONDO-SPANISH-CHEESE-scaled.jpg&quot;}],&quot;stretch_section&quot;:&quot;section-stretched&quot;,&quot;background_slideshow_loop&quot;:&quot;yes&quot;,&quot;background_slideshow_slide_duration&quot;:5000,&quot;background_slideshow_slide_transition&quot;:&quot;fade&quot;,&quot;background_slideshow_transition_duration&quot;:500}\">\n\t\t\t\t\t\t<div class=\"elementor-container elementor-column-gap-default\">\n\t\t\t\t\t<div class=\"elementor-column elementor-col-50 elementor-top-column elementor-element elementor-element-75a8a273\" data-id=\"75a8a273\" data-element_type=\"column\" data-e-type=\"column\">\n\t\t\t<div class=\"elementor-widget-wrap elementor-element-populated\">\n\t\t\t\t\t\t<div class=\"elementor-element elementor-element-65a66326 elementor-nav-menu--dropdown-tablet elementor-nav-menu__text-align-aside elementor-invisible elementor-widget elementor-widget-nav-menu\" data-id=\"65a66326\" data-element_type=\"widget\" data-e-type=\"widget\" data-settings=\"{&quot;layout&quot;:&quot;vertical&quot;,&quot;_animation&quot;:&quot;fadeIn&quot;,&quot;submenu_icon&quot;:{&quot;value&quot;:&quot;&lt;i class=\\&quot;fas fa-chevron-down\\&quot;&gt;&lt;\\\/i&gt;&quot;,&quot;library&quot;:&quot;fa-solid&quot;}}\" data-widget_type=\"nav-menu.default\">\n\t\t\t\t<div class=\"elementor-widget-container\">\n\t\t\t\t\t\t\t\t<nav aria-label=\"Menu\" class=\"elementor-nav-menu--main elementor-nav-menu__container elementor-nav-menu--layout-vertical e--pointer-text e--animation-float\">\r\n\t\t\t\t<ul id=\"menu-1-65a66326\" class=\"elementor-nav-menu sm-vertical\"><li class=\"menu-item menu-item-type-post_type menu-item-object-page menu-item-5428\"><a href=\"https:\/\/spanish-cheese.com\/en\/queso-manchego-d-o-p\/\" class=\"elementor-item\">QUESO MANCHEGO D.O.P.<\/a><\/li>\n<li class=\"menu-item menu-item-type-post_type menu-item-object-page menu-item-8613\"><a href=\"https:\/\/spanish-cheese.com\/en\/queso-brie-con-trufa\/\" class=\"elementor-item\">QUESO BRIE CON TRUFA<\/a><\/li>\n<li class=\"menu-item menu-item-type-post_type menu-item-object-page menu-item-5462\"><a href=\"https:\/\/spanish-cheese.com\/en\/quesos-de-oveja-2\/\" class=\"elementor-item\">QUESOS DE OVEJA<\/a><\/li>\n<li class=\"menu-item menu-item-type-post_type menu-item-object-page menu-item-5495\"><a href=\"https:\/\/spanish-cheese.com\/en\/quesos-de-cabra-2\/\" class=\"elementor-item\">QUESOS DE CABRA<\/a><\/li>\n<li class=\"menu-item menu-item-type-post_type menu-item-object-page menu-item-5494\"><a href=\"https:\/\/spanish-cheese.com\/en\/queso-iberico-2\/\" class=\"elementor-item\">QUESO IB\u00c9RICO<\/a><\/li>\n<li class=\"menu-item menu-item-type-post_type menu-item-object-page menu-item-5582\"><a href=\"https:\/\/spanish-cheese.com\/en\/tapas-2\/\" class=\"elementor-item\">TAPAS<\/a><\/li>\n<li class=\"menu-item menu-item-type-post_type menu-item-object-page menu-item-5578\"><a href=\"https:\/\/spanish-cheese.com\/en\/cremas\/\" class=\"elementor-item\">CREMAS DE QUESO UNTABLE<\/a><\/li>\n<li class=\"menu-item menu-item-type-post_type menu-item-object-page menu-item-5581\"><a href=\"https:\/\/spanish-cheese.com\/en\/bandejas-2\/\" class=\"elementor-item\">BANDEJAS<\/a><\/li>\n<li class=\"menu-item menu-item-type-post_type menu-item-object-page menu-item-10075\"><a href=\"https:\/\/spanish-cheese.com\/en\/estuches-premium\/\" class=\"elementor-item\">ESTUCHES PREMIUM<\/a><\/li>\n<li class=\"menu-item menu-item-type-post_type menu-item-object-page menu-item-10127\"><a href=\"https:\/\/spanish-cheese.com\/en\/piramides\/\" class=\"elementor-item\">PIRAMIDES<\/a><\/li>\n<li class=\"menu-item menu-item-type-post_type menu-item-object-page menu-item-5579\"><a href=\"https:\/\/spanish-cheese.com\/en\/d-o-p-espanolas\/\" class=\"elementor-item\">ESPECIALIDADES ESPA\u00d1OLAS<\/a><\/li>\n<li class=\"menu-item menu-item-type-post_type menu-item-object-page menu-item-5577\"><a href=\"https:\/\/spanish-cheese.com\/en\/acompanamientos-2\/\" class=\"elementor-item\">ACOMPA\u00d1AMIENTOS<\/a><\/li>\n<li class=\"menu-item menu-item-type-post_type menu-item-object-page menu-item-5576\"><a href=\"https:\/\/spanish-cheese.com\/en\/otros-productos-2\/\" class=\"elementor-item\">OTROS PRODUCTOS<\/a><\/li>\n<\/ul>\t\t\t<\/nav>\r\n\t\t\t\t\t\t<nav class=\"elementor-nav-menu--dropdown elementor-nav-menu__container\" aria-hidden=\"true\">\r\n\t\t\t\t<ul id=\"menu-2-65a66326\" class=\"elementor-nav-menu sm-vertical\"><li class=\"menu-item menu-item-type-post_type menu-item-object-page menu-item-5428\"><a href=\"https:\/\/spanish-cheese.com\/en\/queso-manchego-d-o-p\/\" class=\"elementor-item\" tabindex=\"-1\">QUESO MANCHEGO D.O.P.<\/a><\/li>\n<li class=\"menu-item menu-item-type-post_type menu-item-object-page menu-item-8613\"><a href=\"https:\/\/spanish-cheese.com\/en\/queso-brie-con-trufa\/\" class=\"elementor-item\" tabindex=\"-1\">QUESO BRIE CON TRUFA<\/a><\/li>\n<li class=\"menu-item menu-item-type-post_type menu-item-object-page menu-item-5462\"><a href=\"https:\/\/spanish-cheese.com\/en\/quesos-de-oveja-2\/\" class=\"elementor-item\" tabindex=\"-1\">QUESOS DE OVEJA<\/a><\/li>\n<li class=\"menu-item menu-item-type-post_type menu-item-object-page menu-item-5495\"><a href=\"https:\/\/spanish-cheese.com\/en\/quesos-de-cabra-2\/\" class=\"elementor-item\" tabindex=\"-1\">QUESOS DE CABRA<\/a><\/li>\n<li class=\"menu-item menu-item-type-post_type menu-item-object-page menu-item-5494\"><a href=\"https:\/\/spanish-cheese.com\/en\/queso-iberico-2\/\" class=\"elementor-item\" tabindex=\"-1\">QUESO IB\u00c9RICO<\/a><\/li>\n<li class=\"menu-item menu-item-type-post_type menu-item-object-page menu-item-5582\"><a href=\"https:\/\/spanish-cheese.com\/en\/tapas-2\/\" class=\"elementor-item\" tabindex=\"-1\">TAPAS<\/a><\/li>\n<li class=\"menu-item menu-item-type-post_type menu-item-object-page menu-item-5578\"><a href=\"https:\/\/spanish-cheese.com\/en\/cremas\/\" class=\"elementor-item\" tabindex=\"-1\">CREMAS DE QUESO UNTABLE<\/a><\/li>\n<li class=\"menu-item menu-item-type-post_type menu-item-object-page menu-item-5581\"><a href=\"https:\/\/spanish-cheese.com\/en\/bandejas-2\/\" class=\"elementor-item\" tabindex=\"-1\">BANDEJAS<\/a><\/li>\n<li class=\"menu-item menu-item-type-post_type menu-item-object-page menu-item-10075\"><a href=\"https:\/\/spanish-cheese.com\/en\/estuches-premium\/\" class=\"elementor-item\" tabindex=\"-1\">ESTUCHES PREMIUM<\/a><\/li>\n<li class=\"menu-item menu-item-type-post_type menu-item-object-page menu-item-10127\"><a href=\"https:\/\/spanish-cheese.com\/en\/piramides\/\" class=\"elementor-item\" tabindex=\"-1\">PIRAMIDES<\/a><\/li>\n<li class=\"menu-item menu-item-type-post_type menu-item-object-page menu-item-5579\"><a href=\"https:\/\/spanish-cheese.com\/en\/d-o-p-espanolas\/\" class=\"elementor-item\" tabindex=\"-1\">ESPECIALIDADES ESPA\u00d1OLAS<\/a><\/li>\n<li class=\"menu-item menu-item-type-post_type menu-item-object-page menu-item-5577\"><a href=\"https:\/\/spanish-cheese.com\/en\/acompanamientos-2\/\" class=\"elementor-item\" tabindex=\"-1\">ACOMPA\u00d1AMIENTOS<\/a><\/li>\n<li class=\"menu-item menu-item-type-post_type menu-item-object-page menu-item-5576\"><a href=\"https:\/\/spanish-cheese.com\/en\/otros-productos-2\/\" class=\"elementor-item\" tabindex=\"-1\">OTROS PRODUCTOS<\/a><\/li>\n<\/ul>\t\t\t<\/nav>\r\n\t\t\t\t\t\t<\/div>\n\t\t\t\t<\/div>\n\t\t\t\t\t<\/div>\n\t\t<\/div>\n\t\t\t\t<div class=\"elementor-column elementor-col-50 elementor-top-column elementor-element elementor-element-1dfdd64a\" data-id=\"1dfdd64a\" data-element_type=\"column\" data-e-type=\"column\">\n\t\t\t<div class=\"elementor-widget-wrap elementor-element-populated\">\n\t\t\t\t\t\t<div class=\"elementor-element elementor-element-27800058 elementor-widget elementor-widget-text-editor\" data-id=\"27800058\" data-element_type=\"widget\" data-e-type=\"widget\" data-widget_type=\"text-editor.default\">\n\t\t\t\t<div class=\"elementor-widget-container\">\n\t\t\t\t\t\t\t\t\t<p>Queso elaborado \u00fanicamente con leche de oveja, de pasta prensada, firme y consistente, con el sabor y aroma intenso y caracter\u00edstico de la leche de oveja, con curaciones que van desde los 45 d\u00edas a los seis meses.<\/p>\t\t\t\t\t\t\t\t<\/div>\n\t\t\t\t<\/div>\n\t\t\t\t<section class=\"elementor-section elementor-inner-section elementor-element elementor-element-9eb97f8 elementor-section-boxed elementor-section-height-default elementor-section-height-default\" data-id=\"9eb97f8\" data-element_type=\"section\" data-e-type=\"section\">\n\t\t\t\t\t\t<div class=\"elementor-container elementor-column-gap-default\">\n\t\t\t\t\t<div class=\"elementor-column elementor-col-50 elementor-inner-column elementor-element elementor-element-36873c68\" data-id=\"36873c68\" data-element_type=\"column\" data-e-type=\"column\">\n\t\t\t<div class=\"elementor-widget-wrap elementor-element-populated\">\n\t\t\t\t\t\t<div class=\"elementor-element elementor-element-19c1cc9f elementor-widget elementor-widget-image\" data-id=\"19c1cc9f\" data-element_type=\"widget\" data-e-type=\"widget\" data-widget_type=\"image.default\">\n\t\t\t\t<div class=\"elementor-widget-container\">\n\t\t\t\t\t\t\t\t\t\t\t\t\t\t\t\t<a href=\"https:\/\/spanish-cheese.com\/wp-content\/uploads\/2021\/09\/OVEJA-3KG.png\" data-elementor-open-lightbox=\"yes\" data-elementor-lightbox-title=\"OVEJA 3KG\" data-e-action-hash=\"#elementor-action%3Aaction%3Dlightbox%26settings%3DeyJpZCI6NzY1OSwidXJsIjoiaHR0cHM6XC9cL3NwYW5pc2gtY2hlZXNlLmNvbVwvd3AtY29udGVudFwvdXBsb2Fkc1wvMjAyMVwvMDlcL09WRUpBLTNLRy5wbmcifQ%3D%3D\">\n\t\t\t\t\t\t\t<img fetchpriority=\"high\" decoding=\"async\" width=\"1000\" height=\"1000\" src=\"https:\/\/spanish-cheese.com\/wp-content\/uploads\/2021\/09\/OVEJA-3KG.png\" class=\"attachment-large size-large wp-image-7659\" alt=\"\" srcset=\"https:\/\/spanish-cheese.com\/wp-content\/uploads\/2021\/09\/OVEJA-3KG.png 1000w, https:\/\/spanish-cheese.com\/wp-content\/uploads\/2021\/09\/OVEJA-3KG-300x300.png 300w, https:\/\/spanish-cheese.com\/wp-content\/uploads\/2021\/09\/OVEJA-3KG-150x150.png 150w, https:\/\/spanish-cheese.com\/wp-content\/uploads\/2021\/09\/OVEJA-3KG-768x768.png 768w, https:\/\/spanish-cheese.com\/wp-content\/uploads\/2021\/09\/OVEJA-3KG-12x12.png 12w, https:\/\/spanish-cheese.com\/wp-content\/uploads\/2021\/09\/OVEJA-3KG-570x570.png 570w, https:\/\/spanish-cheese.com\/wp-content\/uploads\/2021\/09\/OVEJA-3KG-500x500.png 500w, https:\/\/spanish-cheese.com\/wp-content\/uploads\/2021\/09\/OVEJA-3KG-700x700.png 700w\" sizes=\"(max-width: 1000px) 100vw, 1000px\" \/>\t\t\t\t\t\t\t\t<\/a>\n\t\t\t\t\t\t\t\t\t\t\t\t\t\t\t<\/div>\n\t\t\t\t<\/div>\n\t\t\t\t<div class=\"elementor-element elementor-element-78364a38 elementor-widget elementor-widget-text-editor\" data-id=\"78364a38\" data-element_type=\"widget\" data-e-type=\"widget\" data-widget_type=\"text-editor.default\">\n\t\t\t\t<div class=\"elementor-widget-container\">\n\t\t\t\t\t\t\t\t\t<p style=\"font-size:17px;text-align: center;\"><strong>3 kg<\/strong><\/p>\t\t\t\t\t\t\t\t<\/div>\n\t\t\t\t<\/div>\n\t\t\t\t\t<\/div>\n\t\t<\/div>\n\t\t\t\t<div class=\"elementor-column elementor-col-50 elementor-inner-column elementor-element elementor-element-574345e3\" data-id=\"574345e3\" data-element_type=\"column\" data-e-type=\"column\">\n\t\t\t<div class=\"elementor-widget-wrap elementor-element-populated\">\n\t\t\t\t\t\t<div class=\"elementor-element elementor-element-15c129e elementor-widget elementor-widget-image\" data-id=\"15c129e\" data-element_type=\"widget\" data-e-type=\"widget\" data-widget_type=\"image.default\">\n\t\t\t\t<div class=\"elementor-widget-container\">\n\t\t\t\t\t\t\t\t\t\t\t\t\t\t\t\t<a href=\"https:\/\/spanish-cheese.com\/wp-content\/uploads\/2021\/09\/OVEJA-CUN\u0303A.png\" data-elementor-open-lightbox=\"yes\" data-elementor-lightbox-title=\"OVEJA CUN\u0303A\" data-e-action-hash=\"#elementor-action%3Aaction%3Dlightbox%26settings%3DeyJpZCI6NzY2MCwidXJsIjoiaHR0cHM6XC9cL3NwYW5pc2gtY2hlZXNlLmNvbVwvd3AtY29udGVudFwvdXBsb2Fkc1wvMjAyMVwvMDlcL09WRUpBLUNVTlx1MDMwM0EucG5nIn0%3D\">\n\t\t\t\t\t\t\t<img decoding=\"async\" src=\"https:\/\/spanish-cheese.com\/wp-content\/uploads\/elementor\/thumbs\/OVEJA-CUN\u0303A-r82ua2u6z0mpw0b1iuesyh6r2a7rfvsjg98oo81394.png\" title=\"OVEJA CUN\u0303A\" alt=\"OVEJA CUN\u0303A\" loading=\"lazy\" \/>\t\t\t\t\t\t\t\t<\/a>\n\t\t\t\t\t\t\t\t\t\t\t\t\t\t\t<\/div>\n\t\t\t\t<\/div>\n\t\t\t\t<div class=\"elementor-element elementor-element-5412b4c0 elementor-widget elementor-widget-text-editor\" data-id=\"5412b4c0\" data-element_type=\"widget\" data-e-type=\"widget\" data-widget_type=\"text-editor.default\">\n\t\t\t\t<div class=\"elementor-widget-container\">\n\t\t\t\t\t\t\t\t\t<p style=\"font-size:17px;text-align: center;\"><strong>Cu\u00f1a<\/strong><\/p>\t\t\t\t\t\t\t\t<\/div>\n\t\t\t\t<\/div>\n\t\t\t\t\t<\/div>\n\t\t<\/div>\n\t\t\t\t\t<\/div>\n\t\t<\/section>\n\t\t\t\t<div class=\"elementor-element elementor-element-16904d8b elementor-widget elementor-widget-spacer\" data-id=\"16904d8b\" data-element_type=\"widget\" data-e-type=\"widget\" data-widget_type=\"spacer.default\">\n\t\t\t\t<div class=\"elementor-widget-container\">\n\t\t\t\t\t\t\t<div class=\"elementor-spacer\">\n\t\t\t<div class=\"elementor-spacer-inner\"><\/div>\n\t\t<\/div>\n\t\t\t\t\t\t<\/div>\n\t\t\t\t<\/div>\n\t\t\t\t\t<\/div>\n\t\t<\/div>\n\t\t\t\t\t<\/div>\n\t\t<\/section>\n\t\t\t\t<\/div>\n\t\t","protected":false},"excerpt":{"rendered":"<p>QUESO DE OVEJA Queso elaborado \u00fanicamente con leche de oveja, de pasta prensada, firme y consistente, con el sabor y aroma intenso y caracter\u00edstico de la leche de oveja, con curaciones que van desde los 45 d\u00edas a los seis meses. 3 kg Cu\u00f1a<\/p>","protected":false},"author":1,"featured_media":0,"parent":0,"menu_order":0,"comment_status":"closed","ping_status":"closed","template":"","meta":{"footnotes":""},"class_list":["post-6085","page","type-page","status-publish","hentry"],"_links":{"self":[{"href":"https:\/\/spanish-cheese.com\/en\/wp-json\/wp\/v2\/pages\/6085","targetHints":{"allow":["GET"]}}],"collection":[{"href":"https:\/\/spanish-cheese.com\/en\/wp-json\/wp\/v2\/pages"}],"about":[{"href":"https:\/\/spanish-cheese.com\/en\/wp-json\/wp\/v2\/types\/page"}],"author":[{"embeddable":true,"href":"https:\/\/spanish-cheese.com\/en\/wp-json\/wp\/v2\/users\/1"}],"replies":[{"embeddable":true,"href":"https:\/\/spanish-cheese.com\/en\/wp-json\/wp\/v2\/comments?post=6085"}],"version-history":[{"count":0,"href":"https:\/\/spanish-cheese.com\/en\/wp-json\/wp\/v2\/pages\/6085\/revisions"}],"wp:attachment":[{"href":"https:\/\/spanish-cheese.com\/en\/wp-json\/wp\/v2\/media?parent=6085"}],"curies":[{"name":"wp","href":"https:\/\/api.w.org\/{rel}","templated":true}]}}