{"id":5984,"date":"2021-08-16T21:55:59","date_gmt":"2021-08-16T21:55:59","guid":{"rendered":"https:\/\/www.spanish-cheese.com\/?page_id=5984"},"modified":"2025-01-29T13:51:43","modified_gmt":"2025-01-29T13:51:43","slug":"queso-de-oveja-5-meses-con-ajo-negro","status":"publish","type":"page","link":"https:\/\/spanish-cheese.com\/en\/queso-de-oveja-5-meses-con-ajo-negro\/","title":{"rendered":"QUESO DE OVEJA 5 MESES CON AJO NEGRO"},"content":{"rendered":"\t\t<div data-elementor-type=\"wp-page\" data-elementor-id=\"5984\" class=\"elementor elementor-5984\" data-elementor-post-type=\"page\">\n\t\t\t\t\t\t<section class=\"elementor-section elementor-top-section elementor-element elementor-element-17cff4c4 elementor-section-boxed elementor-section-height-default elementor-section-height-default\" data-id=\"17cff4c4\" data-element_type=\"section\" data-e-type=\"section\">\n\t\t\t\t\t\t<div class=\"elementor-container elementor-column-gap-default\">\n\t\t\t\t\t<div class=\"elementor-column elementor-col-100 elementor-top-column elementor-element elementor-element-77f74f53\" data-id=\"77f74f53\" data-element_type=\"column\" data-e-type=\"column\">\n\t\t\t<div class=\"elementor-widget-wrap elementor-element-populated\">\n\t\t\t\t\t\t<div class=\"elementor-element elementor-element-7e84476 elementor-widget elementor-widget-text-editor\" data-id=\"7e84476\" data-element_type=\"widget\" data-e-type=\"widget\" data-widget_type=\"text-editor.default\">\n\t\t\t\t<div class=\"elementor-widget-container\">\n\t\t\t\t\t\t\t\t\t\n<h2 class=\"wp-block-heading\"><\/h2>\n\t\t\t\t\t\t\t\t<\/div>\n\t\t\t\t<\/div>\n\t\t\t\t\t<\/div>\n\t\t<\/div>\n\t\t\t\t\t<\/div>\n\t\t<\/section>\n\t\t\t\t<section class=\"elementor-section elementor-top-section elementor-element elementor-element-3e33b716 elementor-section-full_width elementor-section-height-min-height elementor-section-stretched elementor-section-height-default elementor-section-items-middle\" data-id=\"3e33b716\" data-element_type=\"section\" data-e-type=\"section\" data-settings=\"{&quot;background_background&quot;:&quot;slideshow&quot;,&quot;background_slideshow_gallery&quot;:[{&quot;id&quot;:4830,&quot;url&quot;:&quot;https:\\\/\\\/spanish-cheese.com\\\/wp-content\\\/uploads\\\/2021\\\/08\\\/FONDO-SPANISH-CHEESE-scaled.jpg&quot;}],&quot;stretch_section&quot;:&quot;section-stretched&quot;,&quot;background_slideshow_loop&quot;:&quot;yes&quot;,&quot;background_slideshow_slide_duration&quot;:5000,&quot;background_slideshow_slide_transition&quot;:&quot;fade&quot;,&quot;background_slideshow_transition_duration&quot;:500}\">\n\t\t\t\t\t\t<div class=\"elementor-container elementor-column-gap-default\">\n\t\t\t\t\t<div class=\"elementor-column elementor-col-100 elementor-top-column elementor-element elementor-element-7da6d129\" data-id=\"7da6d129\" data-element_type=\"column\" data-e-type=\"column\">\n\t\t\t<div class=\"elementor-widget-wrap elementor-element-populated\">\n\t\t\t\t\t\t<div class=\"elementor-element elementor-element-16cad369 elementor--h-position-center elementor--v-position-middle elementor-arrows-position-inside elementor-pagination-position-inside elementor-widget elementor-widget-slides\" data-id=\"16cad369\" data-element_type=\"widget\" data-e-type=\"widget\" data-settings=\"{&quot;navigation&quot;:&quot;both&quot;,&quot;autoplay&quot;:&quot;yes&quot;,&quot;pause_on_hover&quot;:&quot;yes&quot;,&quot;pause_on_interaction&quot;:&quot;yes&quot;,&quot;autoplay_speed&quot;:5000,&quot;infinite&quot;:&quot;yes&quot;,&quot;transition&quot;:&quot;slide&quot;,&quot;transition_speed&quot;:500}\" data-widget_type=\"slides.default\">\n\t\t\t\t<div class=\"elementor-widget-container\">\n\t\t\t\t\t\t\t\t\t<div class=\"elementor-swiper\">\r\n\t\t\t\t\t<div class=\"elementor-slides-wrapper elementor-main-swiper swiper\" role=\"region\" aria-roledescription=\"carousel\" aria-label=\"Diapositivas\" dir=\"ltr\" data-animation=\"fadeInUp\">\r\n\t\t\t\t<div class=\"swiper-wrapper elementor-slides\">\r\n\t\t\t\t\t\t\t\t\t\t<div class=\"elementor-repeater-item-ad74deb swiper-slide\" role=\"group\" aria-roledescription=\"slide\"><div class=\"swiper-slide-bg\" role=\"img\"><\/div><div class=\"elementor-background-overlay\"><\/div><div class=\"swiper-slide-inner\" ><div class=\"swiper-slide-contents\"><div class=\"elementor-slide-heading\">QUESO DE OVEJA 5 MESES <\/div><div class=\"elementor-slide-description\">CON AJO NEGRO<\/div><\/div><\/div><\/div>\t\t\t\t<\/div>\r\n\t\t\t\t\t\t\t<\/div>\r\n\t\t\t\t<\/div>\r\n\t\t\t\t\t\t\t\t<\/div>\n\t\t\t\t<\/div>\n\t\t\t\t\t<\/div>\n\t\t<\/div>\n\t\t\t\t\t<\/div>\n\t\t<\/section>\n\t\t\t\t<section class=\"elementor-section elementor-top-section elementor-element elementor-element-6eacda13 elementor-section-height-min-height elementor-section-stretched elementor-section-items-top elementor-section-boxed elementor-section-height-default\" data-id=\"6eacda13\" data-element_type=\"section\" data-e-type=\"section\" data-settings=\"{&quot;background_background&quot;:&quot;slideshow&quot;,&quot;background_slideshow_gallery&quot;:[{&quot;id&quot;:4830,&quot;url&quot;:&quot;https:\\\/\\\/spanish-cheese.com\\\/wp-content\\\/uploads\\\/2021\\\/08\\\/FONDO-SPANISH-CHEESE-scaled.jpg&quot;}],&quot;stretch_section&quot;:&quot;section-stretched&quot;,&quot;background_slideshow_loop&quot;:&quot;yes&quot;,&quot;background_slideshow_slide_duration&quot;:5000,&quot;background_slideshow_slide_transition&quot;:&quot;fade&quot;,&quot;background_slideshow_transition_duration&quot;:500}\">\n\t\t\t\t\t\t<div class=\"elementor-container elementor-column-gap-default\">\n\t\t\t\t\t<div class=\"elementor-column elementor-col-50 elementor-top-column elementor-element elementor-element-650e30dc\" data-id=\"650e30dc\" data-element_type=\"column\" data-e-type=\"column\">\n\t\t\t<div class=\"elementor-widget-wrap elementor-element-populated\">\n\t\t\t\t\t\t<div class=\"elementor-element elementor-element-4aec894 elementor-nav-menu--dropdown-tablet elementor-nav-menu__text-align-aside elementor-invisible elementor-widget elementor-widget-nav-menu\" data-id=\"4aec894\" data-element_type=\"widget\" data-e-type=\"widget\" data-settings=\"{&quot;layout&quot;:&quot;vertical&quot;,&quot;_animation&quot;:&quot;fadeIn&quot;,&quot;submenu_icon&quot;:{&quot;value&quot;:&quot;&lt;i class=\\&quot;fas fa-chevron-down\\&quot;&gt;&lt;\\\/i&gt;&quot;,&quot;library&quot;:&quot;fa-solid&quot;}}\" data-widget_type=\"nav-menu.default\">\n\t\t\t\t<div class=\"elementor-widget-container\">\n\t\t\t\t\t\t\t\t<nav aria-label=\"Men\u00fa\" class=\"elementor-nav-menu--main elementor-nav-menu__container elementor-nav-menu--layout-vertical e--pointer-text e--animation-float\">\r\n\t\t\t\t<ul id=\"menu-1-4aec894\" class=\"elementor-nav-menu sm-vertical\"><li class=\"menu-item menu-item-type-post_type menu-item-object-page menu-item-5428\"><a href=\"https:\/\/spanish-cheese.com\/en\/queso-manchego-d-o-p\/\" class=\"elementor-item\">QUESO MANCHEGO D.O.P.<\/a><\/li>\n<li class=\"menu-item menu-item-type-post_type menu-item-object-page menu-item-8613\"><a href=\"https:\/\/spanish-cheese.com\/en\/queso-brie-con-trufa\/\" class=\"elementor-item\">QUESO BRIE CON TRUFA<\/a><\/li>\n<li class=\"menu-item menu-item-type-post_type menu-item-object-page menu-item-5462\"><a href=\"https:\/\/spanish-cheese.com\/en\/quesos-de-oveja-2\/\" class=\"elementor-item\">QUESOS DE OVEJA<\/a><\/li>\n<li class=\"menu-item menu-item-type-post_type menu-item-object-page menu-item-5495\"><a href=\"https:\/\/spanish-cheese.com\/en\/quesos-de-cabra-2\/\" class=\"elementor-item\">QUESOS DE CABRA<\/a><\/li>\n<li class=\"menu-item menu-item-type-post_type menu-item-object-page menu-item-5494\"><a href=\"https:\/\/spanish-cheese.com\/en\/queso-iberico-2\/\" class=\"elementor-item\">QUESO IB\u00c9RICO<\/a><\/li>\n<li class=\"menu-item menu-item-type-post_type menu-item-object-page menu-item-5582\"><a href=\"https:\/\/spanish-cheese.com\/en\/tapas-2\/\" class=\"elementor-item\">TAPAS<\/a><\/li>\n<li class=\"menu-item menu-item-type-post_type menu-item-object-page menu-item-5578\"><a href=\"https:\/\/spanish-cheese.com\/en\/cremas\/\" class=\"elementor-item\">CREMAS DE QUESO UNTABLE<\/a><\/li>\n<li class=\"menu-item menu-item-type-post_type menu-item-object-page menu-item-5581\"><a href=\"https:\/\/spanish-cheese.com\/en\/bandejas-2\/\" class=\"elementor-item\">BANDEJAS<\/a><\/li>\n<li class=\"menu-item menu-item-type-post_type menu-item-object-page menu-item-10075\"><a href=\"https:\/\/spanish-cheese.com\/en\/estuches-premium\/\" class=\"elementor-item\">ESTUCHES PREMIUM<\/a><\/li>\n<li class=\"menu-item menu-item-type-post_type menu-item-object-page menu-item-10127\"><a href=\"https:\/\/spanish-cheese.com\/en\/piramides\/\" class=\"elementor-item\">PIRAMIDES<\/a><\/li>\n<li class=\"menu-item menu-item-type-post_type menu-item-object-page menu-item-5579\"><a href=\"https:\/\/spanish-cheese.com\/en\/d-o-p-espanolas\/\" class=\"elementor-item\">ESPECIALIDADES ESPA\u00d1OLAS<\/a><\/li>\n<li class=\"menu-item menu-item-type-post_type menu-item-object-page menu-item-5577\"><a href=\"https:\/\/spanish-cheese.com\/en\/acompanamientos-2\/\" class=\"elementor-item\">ACOMPA\u00d1AMIENTOS<\/a><\/li>\n<li class=\"menu-item menu-item-type-post_type menu-item-object-page menu-item-5576\"><a href=\"https:\/\/spanish-cheese.com\/en\/otros-productos-2\/\" class=\"elementor-item\">OTROS PRODUCTOS<\/a><\/li>\n<\/ul>\t\t\t<\/nav>\r\n\t\t\t\t\t\t<nav class=\"elementor-nav-menu--dropdown elementor-nav-menu__container\" aria-hidden=\"true\">\r\n\t\t\t\t<ul id=\"menu-2-4aec894\" class=\"elementor-nav-menu sm-vertical\"><li class=\"menu-item menu-item-type-post_type menu-item-object-page menu-item-5428\"><a href=\"https:\/\/spanish-cheese.com\/en\/queso-manchego-d-o-p\/\" class=\"elementor-item\" tabindex=\"-1\">QUESO MANCHEGO D.O.P.<\/a><\/li>\n<li class=\"menu-item menu-item-type-post_type menu-item-object-page menu-item-8613\"><a href=\"https:\/\/spanish-cheese.com\/en\/queso-brie-con-trufa\/\" class=\"elementor-item\" tabindex=\"-1\">QUESO BRIE CON TRUFA<\/a><\/li>\n<li class=\"menu-item menu-item-type-post_type menu-item-object-page menu-item-5462\"><a href=\"https:\/\/spanish-cheese.com\/en\/quesos-de-oveja-2\/\" class=\"elementor-item\" tabindex=\"-1\">QUESOS DE OVEJA<\/a><\/li>\n<li class=\"menu-item menu-item-type-post_type menu-item-object-page menu-item-5495\"><a href=\"https:\/\/spanish-cheese.com\/en\/quesos-de-cabra-2\/\" class=\"elementor-item\" tabindex=\"-1\">QUESOS DE CABRA<\/a><\/li>\n<li class=\"menu-item menu-item-type-post_type menu-item-object-page menu-item-5494\"><a href=\"https:\/\/spanish-cheese.com\/en\/queso-iberico-2\/\" class=\"elementor-item\" tabindex=\"-1\">QUESO IB\u00c9RICO<\/a><\/li>\n<li class=\"menu-item menu-item-type-post_type menu-item-object-page menu-item-5582\"><a href=\"https:\/\/spanish-cheese.com\/en\/tapas-2\/\" class=\"elementor-item\" tabindex=\"-1\">TAPAS<\/a><\/li>\n<li class=\"menu-item menu-item-type-post_type menu-item-object-page menu-item-5578\"><a href=\"https:\/\/spanish-cheese.com\/en\/cremas\/\" class=\"elementor-item\" tabindex=\"-1\">CREMAS DE QUESO UNTABLE<\/a><\/li>\n<li class=\"menu-item menu-item-type-post_type menu-item-object-page menu-item-5581\"><a href=\"https:\/\/spanish-cheese.com\/en\/bandejas-2\/\" class=\"elementor-item\" tabindex=\"-1\">BANDEJAS<\/a><\/li>\n<li class=\"menu-item menu-item-type-post_type menu-item-object-page menu-item-10075\"><a href=\"https:\/\/spanish-cheese.com\/en\/estuches-premium\/\" class=\"elementor-item\" tabindex=\"-1\">ESTUCHES PREMIUM<\/a><\/li>\n<li class=\"menu-item menu-item-type-post_type menu-item-object-page menu-item-10127\"><a href=\"https:\/\/spanish-cheese.com\/en\/piramides\/\" class=\"elementor-item\" tabindex=\"-1\">PIRAMIDES<\/a><\/li>\n<li class=\"menu-item menu-item-type-post_type menu-item-object-page menu-item-5579\"><a href=\"https:\/\/spanish-cheese.com\/en\/d-o-p-espanolas\/\" class=\"elementor-item\" tabindex=\"-1\">ESPECIALIDADES ESPA\u00d1OLAS<\/a><\/li>\n<li class=\"menu-item menu-item-type-post_type menu-item-object-page menu-item-5577\"><a href=\"https:\/\/spanish-cheese.com\/en\/acompanamientos-2\/\" class=\"elementor-item\" tabindex=\"-1\">ACOMPA\u00d1AMIENTOS<\/a><\/li>\n<li class=\"menu-item menu-item-type-post_type menu-item-object-page menu-item-5576\"><a href=\"https:\/\/spanish-cheese.com\/en\/otros-productos-2\/\" class=\"elementor-item\" tabindex=\"-1\">OTROS PRODUCTOS<\/a><\/li>\n<\/ul>\t\t\t<\/nav>\r\n\t\t\t\t\t\t<\/div>\n\t\t\t\t<\/div>\n\t\t\t\t\t<\/div>\n\t\t<\/div>\n\t\t\t\t<div class=\"elementor-column elementor-col-50 elementor-top-column elementor-element elementor-element-788577b7\" data-id=\"788577b7\" data-element_type=\"column\" data-e-type=\"column\">\n\t\t\t<div class=\"elementor-widget-wrap elementor-element-populated\">\n\t\t\t\t\t\t<div class=\"elementor-element elementor-element-7e85b6ea elementor-widget elementor-widget-text-editor\" data-id=\"7e85b6ea\" data-element_type=\"widget\" data-e-type=\"widget\" data-widget_type=\"text-editor.default\">\n\t\t\t\t<div class=\"elementor-widget-container\">\n\t\t\t\t\t\t\t\t\t\n\n<p>El ajo negro es un ingrediente habitual en la alta cocina y es muy apreciado por sus propiedades antioxidantes. Inyectado en nuestro queso curado de oveja da como resultado un queso de intenso aroma que proporciona una peculiar pero sabrosa combinaci\u00f3n del sabor del queso con matices ligeramente dulces, algo \u00e1cidos y con toques de aceto bals\u00e1mico.<\/p>\t\t\t\t\t\t\t\t<\/div>\n\t\t\t\t<\/div>\n\t\t\t\t<section class=\"elementor-section elementor-inner-section elementor-element elementor-element-1ea43718 elementor-section-boxed elementor-section-height-default elementor-section-height-default\" data-id=\"1ea43718\" data-element_type=\"section\" data-e-type=\"section\">\n\t\t\t\t\t\t<div class=\"elementor-container elementor-column-gap-default\">\n\t\t\t\t\t<div class=\"elementor-column elementor-col-33 elementor-inner-column elementor-element elementor-element-36d323f8\" data-id=\"36d323f8\" data-element_type=\"column\" data-e-type=\"column\">\n\t\t\t<div class=\"elementor-widget-wrap elementor-element-populated\">\n\t\t\t\t\t\t<div class=\"elementor-element elementor-element-6df3ee0 elementor-widget elementor-widget-image\" data-id=\"6df3ee0\" data-element_type=\"widget\" data-e-type=\"widget\" data-widget_type=\"image.default\">\n\t\t\t\t<div class=\"elementor-widget-container\">\n\t\t\t\t\t\t\t\t\t\t\t\t\t\t\t\t<a href=\"https:\/\/spanish-cheese.com\/wp-content\/uploads\/2021\/06\/AJO-NEGRO-3KG.png\" data-elementor-open-lightbox=\"yes\" data-elementor-lightbox-title=\"AJO NEGRO 3KG\" data-e-action-hash=\"#elementor-action%3Aaction%3Dlightbox%26settings%3DeyJpZCI6NDU1MywidXJsIjoiaHR0cHM6XC9cL3NwYW5pc2gtY2hlZXNlLmNvbVwvd3AtY29udGVudFwvdXBsb2Fkc1wvMjAyMVwvMDZcL0FKTy1ORUdSTy0zS0cucG5nIn0%3D\">\n\t\t\t\t\t\t\t<img decoding=\"async\" src=\"https:\/\/spanish-cheese.com\/wp-content\/uploads\/elementor\/thumbs\/AJO-NEGRO-3KG-r82tmmr4hsj8a6d4fpjtre6tm9s5fopkw7enpqsmgo.png\" title=\"AJO NEGRO 3KG\" alt=\"3 kg\" loading=\"lazy\" \/>\t\t\t\t\t\t\t\t<\/a>\n\t\t\t\t\t\t\t\t\t\t\t\t\t\t\t<\/div>\n\t\t\t\t<\/div>\n\t\t\t\t<div class=\"elementor-element elementor-element-21eef29b elementor-widget elementor-widget-text-editor\" data-id=\"21eef29b\" data-element_type=\"widget\" data-e-type=\"widget\" data-widget_type=\"text-editor.default\">\n\t\t\t\t<div class=\"elementor-widget-container\">\n\t\t\t\t\t\t\t\t\t<p style=\"font-size:17px;text-align: center;\"><strong>3 kg<\/strong><\/p>\t\t\t\t\t\t\t\t<\/div>\n\t\t\t\t<\/div>\n\t\t\t\t\t<\/div>\n\t\t<\/div>\n\t\t\t\t<div class=\"elementor-column elementor-col-33 elementor-inner-column elementor-element elementor-element-73f70a8\" data-id=\"73f70a8\" data-element_type=\"column\" data-e-type=\"column\">\n\t\t\t<div class=\"elementor-widget-wrap elementor-element-populated\">\n\t\t\t\t\t\t<div class=\"elementor-element elementor-element-3dba1867 elementor-widget elementor-widget-image\" data-id=\"3dba1867\" data-element_type=\"widget\" data-e-type=\"widget\" data-widget_type=\"image.default\">\n\t\t\t\t<div class=\"elementor-widget-container\">\n\t\t\t\t\t\t\t\t\t\t\t\t\t\t\t\t<a href=\"https:\/\/spanish-cheese.com\/wp-content\/uploads\/2021\/06\/CUN\u0303A-ETIQUETA-TRANSPARENTE-QUESO-OVEJA-AJO-NEGRO.png\" data-elementor-open-lightbox=\"yes\" data-elementor-lightbox-title=\"CUN\u0303A ETIQUETA TRANSPARENTE QUESO OVEJA AJO NEGRO\" data-e-action-hash=\"#elementor-action%3Aaction%3Dlightbox%26settings%3DeyJpZCI6MzQxNywidXJsIjoiaHR0cHM6XC9cL3NwYW5pc2gtY2hlZXNlLmNvbVwvd3AtY29udGVudFwvdXBsb2Fkc1wvMjAyMVwvMDZcL0NVTlx1MDMwM0EtRVRJUVVFVEEtVFJBTlNQQVJFTlRFLVFVRVNPLU9WRUpBLUFKTy1ORUdSTy5wbmcifQ%3D%3D\">\n\t\t\t\t\t\t\t<img decoding=\"async\" src=\"https:\/\/spanish-cheese.com\/wp-content\/uploads\/elementor\/thumbs\/CUN\u0303A-ETIQUETA-TRANSPARENTE-QUESO-OVEJA-AJO-NEGRO-r82tnipmc8crfwzu1mxk24pbapatdimlepakyg8mkk.png\" title=\"CUN\u0303A ETIQUETA TRANSPARENTE QUESO OVEJA AJO NEGRO\" alt=\"CUN\u0303A ETIQUETA TRANSPARENTE QUESO OVEJA AJO NEGRO\" loading=\"lazy\" \/>\t\t\t\t\t\t\t\t<\/a>\n\t\t\t\t\t\t\t\t\t\t\t\t\t\t\t<\/div>\n\t\t\t\t<\/div>\n\t\t\t\t<div class=\"elementor-element elementor-element-5eb7f48c elementor-widget elementor-widget-text-editor\" data-id=\"5eb7f48c\" data-element_type=\"widget\" data-e-type=\"widget\" data-widget_type=\"text-editor.default\">\n\t\t\t\t<div class=\"elementor-widget-container\">\n\t\t\t\t\t\t\t\t\t<p style=\"font-size:17px;text-align: center;\"><strong>Cu\u00f1a<\/strong><\/p>\t\t\t\t\t\t\t\t<\/div>\n\t\t\t\t<\/div>\n\t\t\t\t\t<\/div>\n\t\t<\/div>\n\t\t\t\t<div class=\"elementor-column elementor-col-33 elementor-inner-column elementor-element elementor-element-5aa00216\" data-id=\"5aa00216\" data-element_type=\"column\" data-e-type=\"column\">\n\t\t\t<div class=\"elementor-widget-wrap elementor-element-populated\">\n\t\t\t\t\t\t<div class=\"elementor-element elementor-element-3189ffe5 elementor-widget elementor-widget-image\" data-id=\"3189ffe5\" data-element_type=\"widget\" data-e-type=\"widget\" data-widget_type=\"image.default\">\n\t\t\t\t<div class=\"elementor-widget-container\">\n\t\t\t\t\t\t\t\t\t\t\t\t\t\t\t\t<a href=\"https:\/\/spanish-cheese.com\/wp-content\/uploads\/2021\/06\/baby-AJO-NEGRO-1.png\" data-elementor-open-lightbox=\"yes\" data-elementor-lightbox-title=\"baby AJO NEGRO\" data-e-action-hash=\"#elementor-action%3Aaction%3Dlightbox%26settings%3DeyJpZCI6NDU1NCwidXJsIjoiaHR0cHM6XC9cL3NwYW5pc2gtY2hlZXNlLmNvbVwvd3AtY29udGVudFwvdXBsb2Fkc1wvMjAyMVwvMDZcL2JhYnktQUpPLU5FR1JPLTEucG5nIn0%3D\">\n\t\t\t\t\t\t\t<img fetchpriority=\"high\" decoding=\"async\" width=\"1000\" height=\"1000\" src=\"https:\/\/spanish-cheese.com\/wp-content\/uploads\/2021\/06\/baby-AJO-NEGRO-1.png\" class=\"attachment-large size-large wp-image-4554\" alt=\"\" srcset=\"https:\/\/spanish-cheese.com\/wp-content\/uploads\/2021\/06\/baby-AJO-NEGRO-1.png 1000w, https:\/\/spanish-cheese.com\/wp-content\/uploads\/2021\/06\/baby-AJO-NEGRO-1-300x300.png 300w, https:\/\/spanish-cheese.com\/wp-content\/uploads\/2021\/06\/baby-AJO-NEGRO-1-150x150.png 150w, https:\/\/spanish-cheese.com\/wp-content\/uploads\/2021\/06\/baby-AJO-NEGRO-1-768x768.png 768w, https:\/\/spanish-cheese.com\/wp-content\/uploads\/2021\/06\/baby-AJO-NEGRO-1-570x570.png 570w, https:\/\/spanish-cheese.com\/wp-content\/uploads\/2021\/06\/baby-AJO-NEGRO-1-500x500.png 500w, https:\/\/spanish-cheese.com\/wp-content\/uploads\/2021\/06\/baby-AJO-NEGRO-1-700x700.png 700w, https:\/\/spanish-cheese.com\/wp-content\/uploads\/2021\/06\/baby-AJO-NEGRO-1-600x600.png 600w, https:\/\/spanish-cheese.com\/wp-content\/uploads\/2021\/06\/baby-AJO-NEGRO-1-100x100.png 100w, https:\/\/spanish-cheese.com\/wp-content\/uploads\/2021\/06\/baby-AJO-NEGRO-1-64x64.png 64w\" sizes=\"(max-width: 1000px) 100vw, 1000px\" \/>\t\t\t\t\t\t\t\t<\/a>\n\t\t\t\t\t\t\t\t\t\t\t\t\t\t\t<\/div>\n\t\t\t\t<\/div>\n\t\t\t\t<div class=\"elementor-element elementor-element-5b377014 elementor-widget elementor-widget-text-editor\" data-id=\"5b377014\" data-element_type=\"widget\" data-e-type=\"widget\" data-widget_type=\"text-editor.default\">\n\t\t\t\t<div class=\"elementor-widget-container\">\n\t\t\t\t\t\t\t\t\t<p style=\"font-size: 17px; text-align: center;\"><strong>Baby 390 g<\/strong><\/p>\t\t\t\t\t\t\t\t<\/div>\n\t\t\t\t<\/div>\n\t\t\t\t\t<\/div>\n\t\t<\/div>\n\t\t\t\t\t<\/div>\n\t\t<\/section>\n\t\t\t\t<div class=\"elementor-element elementor-element-2e148845 elementor-widget elementor-widget-spacer\" data-id=\"2e148845\" data-element_type=\"widget\" data-e-type=\"widget\" data-widget_type=\"spacer.default\">\n\t\t\t\t<div class=\"elementor-widget-container\">\n\t\t\t\t\t\t\t<div class=\"elementor-spacer\">\n\t\t\t<div class=\"elementor-spacer-inner\"><\/div>\n\t\t<\/div>\n\t\t\t\t\t\t<\/div>\n\t\t\t\t<\/div>\n\t\t\t\t\t<\/div>\n\t\t<\/div>\n\t\t\t\t\t<\/div>\n\t\t<\/section>\n\t\t\t\t<\/div>\n\t\t","protected":false},"excerpt":{"rendered":"<p>QUESO DE OVEJA 5 MESES CON AJO NEGRO El ajo negro es un ingrediente habitual en la alta cocina y es muy apreciado por sus propiedades antioxidantes. Inyectado en nuestro queso curado de oveja da como resultado un queso de intenso aroma que proporciona una&#8230;<\/p>","protected":false},"author":1,"featured_media":0,"parent":0,"menu_order":0,"comment_status":"closed","ping_status":"closed","template":"","meta":{"footnotes":""},"class_list":["post-5984","page","type-page","status-publish","hentry"],"_links":{"self":[{"href":"https:\/\/spanish-cheese.com\/en\/wp-json\/wp\/v2\/pages\/5984","targetHints":{"allow":["GET"]}}],"collection":[{"href":"https:\/\/spanish-cheese.com\/en\/wp-json\/wp\/v2\/pages"}],"about":[{"href":"https:\/\/spanish-cheese.com\/en\/wp-json\/wp\/v2\/types\/page"}],"author":[{"embeddable":true,"href":"https:\/\/spanish-cheese.com\/en\/wp-json\/wp\/v2\/users\/1"}],"replies":[{"embeddable":true,"href":"https:\/\/spanish-cheese.com\/en\/wp-json\/wp\/v2\/comments?post=5984"}],"version-history":[{"count":6,"href":"https:\/\/spanish-cheese.com\/en\/wp-json\/wp\/v2\/pages\/5984\/revisions"}],"predecessor-version":[{"id":9778,"href":"https:\/\/spanish-cheese.com\/en\/wp-json\/wp\/v2\/pages\/5984\/revisions\/9778"}],"wp:attachment":[{"href":"https:\/\/spanish-cheese.com\/en\/wp-json\/wp\/v2\/media?parent=5984"}],"curies":[{"name":"wp","href":"https:\/\/api.w.org\/{rel}","templated":true}]}}