{"id":5952,"date":"2021-08-16T21:27:46","date_gmt":"2021-08-16T21:27:46","guid":{"rendered":"https:\/\/www.spanish-cheese.com\/?page_id=5952"},"modified":"2021-09-15T07:55:50","modified_gmt":"2021-09-15T07:55:50","slug":"queso-5-meses-de-oveja-con-pesto-de-la-toscana","status":"publish","type":"page","link":"https:\/\/spanish-cheese.com\/en\/queso-5-meses-de-oveja-con-pesto-de-la-toscana\/","title":{"rendered":"SHEEP CHEESE 5 MONTHS WITH PESTO FROM TUSCANY"},"content":{"rendered":"\t\t<div data-elementor-type=\"wp-page\" data-elementor-id=\"5952\" class=\"elementor elementor-5952\" data-elementor-post-type=\"page\">\n\t\t\t\t\t\t<section class=\"elementor-section elementor-top-section elementor-element elementor-element-42caa2f6 elementor-section-full_width elementor-section-height-min-height elementor-section-stretched elementor-section-height-default elementor-section-items-middle\" data-id=\"42caa2f6\" data-element_type=\"section\" data-e-type=\"section\" data-settings=\"{&quot;background_background&quot;:&quot;slideshow&quot;,&quot;background_slideshow_gallery&quot;:[{&quot;id&quot;:4830,&quot;url&quot;:&quot;https:\\\/\\\/spanish-cheese.com\\\/wp-content\\\/uploads\\\/2021\\\/08\\\/FONDO-SPANISH-CHEESE-scaled.jpg&quot;}],&quot;stretch_section&quot;:&quot;section-stretched&quot;,&quot;background_slideshow_loop&quot;:&quot;yes&quot;,&quot;background_slideshow_slide_duration&quot;:5000,&quot;background_slideshow_slide_transition&quot;:&quot;fade&quot;,&quot;background_slideshow_transition_duration&quot;:500}\">\n\t\t\t\t\t\t<div class=\"elementor-container elementor-column-gap-default\">\n\t\t\t\t\t<div class=\"elementor-column elementor-col-100 elementor-top-column elementor-element elementor-element-418fe4b2\" data-id=\"418fe4b2\" data-element_type=\"column\" data-e-type=\"column\">\n\t\t\t<div class=\"elementor-widget-wrap elementor-element-populated\">\n\t\t\t\t\t\t<div class=\"elementor-element elementor-element-1868136b elementor--h-position-center elementor--v-position-middle elementor-arrows-position-inside elementor-pagination-position-inside elementor-widget elementor-widget-slides\" data-id=\"1868136b\" data-element_type=\"widget\" data-e-type=\"widget\" data-settings=\"{&quot;navigation&quot;:&quot;both&quot;,&quot;autoplay&quot;:&quot;yes&quot;,&quot;pause_on_hover&quot;:&quot;yes&quot;,&quot;pause_on_interaction&quot;:&quot;yes&quot;,&quot;autoplay_speed&quot;:5000,&quot;infinite&quot;:&quot;yes&quot;,&quot;transition&quot;:&quot;slide&quot;,&quot;transition_speed&quot;:500}\" data-widget_type=\"slides.default\">\n\t\t\t\t<div class=\"elementor-widget-container\">\n\t\t\t\t\t\t\t\t\t<div class=\"elementor-swiper\">\r\n\t\t\t\t\t<div class=\"elementor-slides-wrapper elementor-main-swiper swiper\" role=\"region\" aria-roledescription=\"carousel\" aria-label=\"Diapositivas\" dir=\"ltr\" data-animation=\"fadeInUp\">\r\n\t\t\t\t<div class=\"swiper-wrapper elementor-slides\">\r\n\t\t\t\t\t\t\t\t\t\t<div class=\"elementor-repeater-item-ad74deb swiper-slide\" role=\"group\" aria-roledescription=\"slide\"><div class=\"swiper-slide-bg\" role=\"img\"><\/div><div class=\"elementor-background-overlay\"><\/div><div class=\"swiper-slide-inner\" ><div class=\"swiper-slide-contents\"><div class=\"elementor-slide-heading\">QUESO DE OVEJA 5 MESES<\/div><div class=\"elementor-slide-description\">CON PESTO DE LA TOSCANA<\/div><\/div><\/div><\/div>\t\t\t\t<\/div>\r\n\t\t\t\t\t\t\t<\/div>\r\n\t\t\t\t<\/div>\r\n\t\t\t\t\t\t\t\t<\/div>\n\t\t\t\t<\/div>\n\t\t\t\t\t<\/div>\n\t\t<\/div>\n\t\t\t\t\t<\/div>\n\t\t<\/section>\n\t\t\t\t<section class=\"elementor-section elementor-top-section elementor-element elementor-element-6c29a5a9 elementor-section-height-min-height elementor-section-stretched elementor-section-items-top elementor-section-boxed elementor-section-height-default\" data-id=\"6c29a5a9\" data-element_type=\"section\" data-e-type=\"section\" data-settings=\"{&quot;background_background&quot;:&quot;slideshow&quot;,&quot;background_slideshow_gallery&quot;:[{&quot;id&quot;:4830,&quot;url&quot;:&quot;https:\\\/\\\/spanish-cheese.com\\\/wp-content\\\/uploads\\\/2021\\\/08\\\/FONDO-SPANISH-CHEESE-scaled.jpg&quot;}],&quot;stretch_section&quot;:&quot;section-stretched&quot;,&quot;background_slideshow_loop&quot;:&quot;yes&quot;,&quot;background_slideshow_slide_duration&quot;:5000,&quot;background_slideshow_slide_transition&quot;:&quot;fade&quot;,&quot;background_slideshow_transition_duration&quot;:500}\">\n\t\t\t\t\t\t<div class=\"elementor-container elementor-column-gap-default\">\n\t\t\t\t\t<div class=\"elementor-column elementor-col-50 elementor-top-column elementor-element elementor-element-2f15ca8f\" data-id=\"2f15ca8f\" data-element_type=\"column\" data-e-type=\"column\">\n\t\t\t<div class=\"elementor-widget-wrap elementor-element-populated\">\n\t\t\t\t\t\t<div class=\"elementor-element elementor-element-127540f6 elementor-nav-menu--dropdown-tablet elementor-nav-menu__text-align-aside elementor-invisible elementor-widget elementor-widget-nav-menu\" data-id=\"127540f6\" data-element_type=\"widget\" data-e-type=\"widget\" data-settings=\"{&quot;layout&quot;:&quot;vertical&quot;,&quot;_animation&quot;:&quot;fadeIn&quot;,&quot;submenu_icon&quot;:{&quot;value&quot;:&quot;&lt;i class=\\&quot;fas fa-chevron-down\\&quot;&gt;&lt;\\\/i&gt;&quot;,&quot;library&quot;:&quot;fa-solid&quot;}}\" data-widget_type=\"nav-menu.default\">\n\t\t\t\t<div class=\"elementor-widget-container\">\n\t\t\t\t\t\t\t\t<nav aria-label=\"Menu\" class=\"elementor-nav-menu--main elementor-nav-menu__container elementor-nav-menu--layout-vertical e--pointer-text e--animation-float\">\r\n\t\t\t\t<ul id=\"menu-1-127540f6\" class=\"elementor-nav-menu sm-vertical\"><li class=\"menu-item menu-item-type-post_type menu-item-object-page menu-item-5428\"><a href=\"https:\/\/spanish-cheese.com\/en\/queso-manchego-d-o-p\/\" class=\"elementor-item\">QUESO MANCHEGO D.O.P.<\/a><\/li>\n<li class=\"menu-item menu-item-type-post_type menu-item-object-page menu-item-8613\"><a href=\"https:\/\/spanish-cheese.com\/en\/queso-brie-con-trufa\/\" class=\"elementor-item\">QUESO BRIE CON TRUFA<\/a><\/li>\n<li class=\"menu-item menu-item-type-post_type menu-item-object-page menu-item-5462\"><a href=\"https:\/\/spanish-cheese.com\/en\/quesos-de-oveja-2\/\" class=\"elementor-item\">QUESOS DE OVEJA<\/a><\/li>\n<li class=\"menu-item menu-item-type-post_type menu-item-object-page menu-item-5495\"><a href=\"https:\/\/spanish-cheese.com\/en\/quesos-de-cabra-2\/\" class=\"elementor-item\">QUESOS DE CABRA<\/a><\/li>\n<li class=\"menu-item menu-item-type-post_type menu-item-object-page menu-item-5494\"><a href=\"https:\/\/spanish-cheese.com\/en\/queso-iberico-2\/\" class=\"elementor-item\">QUESO IB\u00c9RICO<\/a><\/li>\n<li class=\"menu-item menu-item-type-post_type menu-item-object-page menu-item-5582\"><a href=\"https:\/\/spanish-cheese.com\/en\/tapas-2\/\" class=\"elementor-item\">TAPAS<\/a><\/li>\n<li class=\"menu-item menu-item-type-post_type menu-item-object-page menu-item-5578\"><a href=\"https:\/\/spanish-cheese.com\/en\/cremas\/\" class=\"elementor-item\">CREMAS DE QUESO UNTABLE<\/a><\/li>\n<li class=\"menu-item menu-item-type-post_type menu-item-object-page menu-item-5581\"><a href=\"https:\/\/spanish-cheese.com\/en\/bandejas-2\/\" class=\"elementor-item\">BANDEJAS<\/a><\/li>\n<li class=\"menu-item menu-item-type-post_type menu-item-object-page menu-item-10075\"><a href=\"https:\/\/spanish-cheese.com\/en\/estuches-premium\/\" class=\"elementor-item\">ESTUCHES PREMIUM<\/a><\/li>\n<li class=\"menu-item menu-item-type-post_type menu-item-object-page menu-item-10127\"><a href=\"https:\/\/spanish-cheese.com\/en\/piramides\/\" class=\"elementor-item\">PIRAMIDES<\/a><\/li>\n<li class=\"menu-item menu-item-type-post_type menu-item-object-page menu-item-5579\"><a href=\"https:\/\/spanish-cheese.com\/en\/d-o-p-espanolas\/\" class=\"elementor-item\">ESPECIALIDADES ESPA\u00d1OLAS<\/a><\/li>\n<li class=\"menu-item menu-item-type-post_type menu-item-object-page menu-item-5577\"><a href=\"https:\/\/spanish-cheese.com\/en\/acompanamientos-2\/\" class=\"elementor-item\">ACOMPA\u00d1AMIENTOS<\/a><\/li>\n<li class=\"menu-item menu-item-type-post_type menu-item-object-page menu-item-5576\"><a href=\"https:\/\/spanish-cheese.com\/en\/otros-productos-2\/\" class=\"elementor-item\">OTROS PRODUCTOS<\/a><\/li>\n<\/ul>\t\t\t<\/nav>\r\n\t\t\t\t\t\t<nav class=\"elementor-nav-menu--dropdown elementor-nav-menu__container\" aria-hidden=\"true\">\r\n\t\t\t\t<ul id=\"menu-2-127540f6\" class=\"elementor-nav-menu sm-vertical\"><li class=\"menu-item menu-item-type-post_type menu-item-object-page menu-item-5428\"><a href=\"https:\/\/spanish-cheese.com\/en\/queso-manchego-d-o-p\/\" class=\"elementor-item\" tabindex=\"-1\">QUESO MANCHEGO D.O.P.<\/a><\/li>\n<li class=\"menu-item menu-item-type-post_type menu-item-object-page menu-item-8613\"><a href=\"https:\/\/spanish-cheese.com\/en\/queso-brie-con-trufa\/\" class=\"elementor-item\" tabindex=\"-1\">QUESO BRIE CON TRUFA<\/a><\/li>\n<li class=\"menu-item menu-item-type-post_type menu-item-object-page menu-item-5462\"><a href=\"https:\/\/spanish-cheese.com\/en\/quesos-de-oveja-2\/\" class=\"elementor-item\" tabindex=\"-1\">QUESOS DE OVEJA<\/a><\/li>\n<li class=\"menu-item menu-item-type-post_type menu-item-object-page menu-item-5495\"><a href=\"https:\/\/spanish-cheese.com\/en\/quesos-de-cabra-2\/\" class=\"elementor-item\" tabindex=\"-1\">QUESOS DE CABRA<\/a><\/li>\n<li class=\"menu-item menu-item-type-post_type menu-item-object-page menu-item-5494\"><a href=\"https:\/\/spanish-cheese.com\/en\/queso-iberico-2\/\" class=\"elementor-item\" tabindex=\"-1\">QUESO IB\u00c9RICO<\/a><\/li>\n<li class=\"menu-item menu-item-type-post_type menu-item-object-page menu-item-5582\"><a href=\"https:\/\/spanish-cheese.com\/en\/tapas-2\/\" class=\"elementor-item\" tabindex=\"-1\">TAPAS<\/a><\/li>\n<li class=\"menu-item menu-item-type-post_type menu-item-object-page menu-item-5578\"><a href=\"https:\/\/spanish-cheese.com\/en\/cremas\/\" class=\"elementor-item\" tabindex=\"-1\">CREMAS DE QUESO UNTABLE<\/a><\/li>\n<li class=\"menu-item menu-item-type-post_type menu-item-object-page menu-item-5581\"><a href=\"https:\/\/spanish-cheese.com\/en\/bandejas-2\/\" class=\"elementor-item\" tabindex=\"-1\">BANDEJAS<\/a><\/li>\n<li class=\"menu-item menu-item-type-post_type menu-item-object-page menu-item-10075\"><a href=\"https:\/\/spanish-cheese.com\/en\/estuches-premium\/\" class=\"elementor-item\" tabindex=\"-1\">ESTUCHES PREMIUM<\/a><\/li>\n<li class=\"menu-item menu-item-type-post_type menu-item-object-page menu-item-10127\"><a href=\"https:\/\/spanish-cheese.com\/en\/piramides\/\" class=\"elementor-item\" tabindex=\"-1\">PIRAMIDES<\/a><\/li>\n<li class=\"menu-item menu-item-type-post_type menu-item-object-page menu-item-5579\"><a href=\"https:\/\/spanish-cheese.com\/en\/d-o-p-espanolas\/\" class=\"elementor-item\" tabindex=\"-1\">ESPECIALIDADES ESPA\u00d1OLAS<\/a><\/li>\n<li class=\"menu-item menu-item-type-post_type menu-item-object-page menu-item-5577\"><a href=\"https:\/\/spanish-cheese.com\/en\/acompanamientos-2\/\" class=\"elementor-item\" tabindex=\"-1\">ACOMPA\u00d1AMIENTOS<\/a><\/li>\n<li class=\"menu-item menu-item-type-post_type menu-item-object-page menu-item-5576\"><a href=\"https:\/\/spanish-cheese.com\/en\/otros-productos-2\/\" class=\"elementor-item\" tabindex=\"-1\">OTROS PRODUCTOS<\/a><\/li>\n<\/ul>\t\t\t<\/nav>\r\n\t\t\t\t\t\t<\/div>\n\t\t\t\t<\/div>\n\t\t\t\t\t<\/div>\n\t\t<\/div>\n\t\t\t\t<div class=\"elementor-column elementor-col-50 elementor-top-column elementor-element elementor-element-5fd6c1f3\" data-id=\"5fd6c1f3\" data-element_type=\"column\" data-e-type=\"column\">\n\t\t\t<div class=\"elementor-widget-wrap elementor-element-populated\">\n\t\t\t\t\t\t<div class=\"elementor-element elementor-element-29c302d elementor-widget elementor-widget-text-editor\" data-id=\"29c302d\" data-element_type=\"widget\" data-e-type=\"widget\" data-widget_type=\"text-editor.default\">\n\t\t\t\t<div class=\"elementor-widget-container\">\n\t\t\t\t\t\t\t\t\t<p>Queso de oveja con una curaci\u00f3n de cinco meses e inyectado con el aut\u00e9ntico pesto original de la Toscana italiana, entre cuyos ingredientes destacan la Albahaca Genovesa DO, el queso Parmesano Reggiano DO curado 30 meses, el queso Pecorino Romano DO y el aceite de oliva italiano, adem\u00e1s de los caracter\u00edsticos pi\u00f1ones.<\/p><p>La t\u00e9cnica de inyectado permite empezar su degustaci\u00f3n detectando por separado los caracter\u00edsticos sabores del queso de oveja curado espa\u00f1ol por un lado y el del pesto italiano por otro, y disfrutar de una paulatina mezcla de sabores.<\/p>\t\t\t\t\t\t\t\t<\/div>\n\t\t\t\t<\/div>\n\t\t\t\t<section class=\"elementor-section elementor-inner-section elementor-element elementor-element-5a6c37b8 elementor-section-boxed elementor-section-height-default elementor-section-height-default\" data-id=\"5a6c37b8\" data-element_type=\"section\" data-e-type=\"section\">\n\t\t\t\t\t\t<div class=\"elementor-container elementor-column-gap-default\">\n\t\t\t\t\t<div class=\"elementor-column elementor-col-33 elementor-inner-column elementor-element elementor-element-d0f56c0\" data-id=\"d0f56c0\" data-element_type=\"column\" data-e-type=\"column\">\n\t\t\t<div class=\"elementor-widget-wrap elementor-element-populated\">\n\t\t\t\t\t\t<div class=\"elementor-element elementor-element-280ae15a elementor-widget elementor-widget-image\" data-id=\"280ae15a\" data-element_type=\"widget\" data-e-type=\"widget\" data-widget_type=\"image.default\">\n\t\t\t\t<div class=\"elementor-widget-container\">\n\t\t\t\t\t\t\t\t\t\t\t\t\t\t\t\t<a href=\"https:\/\/spanish-cheese.com\/wp-content\/uploads\/2021\/06\/PESTO-3-KG.png\" data-elementor-open-lightbox=\"yes\" data-elementor-lightbox-title=\"PESTO 3 KG\" data-e-action-hash=\"#elementor-action%3Aaction%3Dlightbox%26settings%3DeyJpZCI6NDU2NCwidXJsIjoiaHR0cHM6XC9cL3NwYW5pc2gtY2hlZXNlLmNvbVwvd3AtY29udGVudFwvdXBsb2Fkc1wvMjAyMVwvMDZcL1BFU1RPLTMtS0cucG5nIn0%3D\">\n\t\t\t\t\t\t\t<img fetchpriority=\"high\" decoding=\"async\" width=\"1000\" height=\"1000\" src=\"https:\/\/spanish-cheese.com\/wp-content\/uploads\/2021\/06\/PESTO-3-KG.png\" class=\"attachment-large size-large wp-image-4564\" alt=\"\" srcset=\"https:\/\/spanish-cheese.com\/wp-content\/uploads\/2021\/06\/PESTO-3-KG.png 1000w, https:\/\/spanish-cheese.com\/wp-content\/uploads\/2021\/06\/PESTO-3-KG-300x300.png 300w, https:\/\/spanish-cheese.com\/wp-content\/uploads\/2021\/06\/PESTO-3-KG-150x150.png 150w, https:\/\/spanish-cheese.com\/wp-content\/uploads\/2021\/06\/PESTO-3-KG-768x768.png 768w, https:\/\/spanish-cheese.com\/wp-content\/uploads\/2021\/06\/PESTO-3-KG-570x570.png 570w, https:\/\/spanish-cheese.com\/wp-content\/uploads\/2021\/06\/PESTO-3-KG-500x500.png 500w, https:\/\/spanish-cheese.com\/wp-content\/uploads\/2021\/06\/PESTO-3-KG-700x700.png 700w, https:\/\/spanish-cheese.com\/wp-content\/uploads\/2021\/06\/PESTO-3-KG-600x600.png 600w, https:\/\/spanish-cheese.com\/wp-content\/uploads\/2021\/06\/PESTO-3-KG-100x100.png 100w, https:\/\/spanish-cheese.com\/wp-content\/uploads\/2021\/06\/PESTO-3-KG-64x64.png 64w\" sizes=\"(max-width: 1000px) 100vw, 1000px\" \/>\t\t\t\t\t\t\t\t<\/a>\n\t\t\t\t\t\t\t\t\t\t\t\t\t\t\t<\/div>\n\t\t\t\t<\/div>\n\t\t\t\t<div class=\"elementor-element elementor-element-18e578b2 elementor-widget elementor-widget-text-editor\" data-id=\"18e578b2\" data-element_type=\"widget\" data-e-type=\"widget\" data-widget_type=\"text-editor.default\">\n\t\t\t\t<div class=\"elementor-widget-container\">\n\t\t\t\t\t\t\t\t\t<p style=\"font-size:17px;text-align: center;\"><strong>3 kg<\/strong><\/p>\t\t\t\t\t\t\t\t<\/div>\n\t\t\t\t<\/div>\n\t\t\t\t\t<\/div>\n\t\t<\/div>\n\t\t\t\t<div class=\"elementor-column elementor-col-33 elementor-inner-column elementor-element elementor-element-576eff15\" data-id=\"576eff15\" data-element_type=\"column\" data-e-type=\"column\">\n\t\t\t<div class=\"elementor-widget-wrap elementor-element-populated\">\n\t\t\t\t\t\t<div class=\"elementor-element elementor-element-790bc54d elementor-widget elementor-widget-image\" data-id=\"790bc54d\" data-element_type=\"widget\" data-e-type=\"widget\" data-widget_type=\"image.default\">\n\t\t\t\t<div class=\"elementor-widget-container\">\n\t\t\t\t\t\t\t\t\t\t\t\t\t\t\t\t<a href=\"https:\/\/spanish-cheese.com\/wp-content\/uploads\/2021\/08\/CUN\u0303A-PESTO.png\" data-elementor-open-lightbox=\"yes\" data-elementor-lightbox-title=\"CUN\u0303A PESTO\" data-e-action-hash=\"#elementor-action%3Aaction%3Dlightbox%26settings%3DeyJpZCI6NTk2MCwidXJsIjoiaHR0cHM6XC9cL3NwYW5pc2gtY2hlZXNlLmNvbVwvd3AtY29udGVudFwvdXBsb2Fkc1wvMjAyMVwvMDhcL0NVTlx1MDMwM0EtUEVTVE8ucG5nIn0%3D\">\n\t\t\t\t\t\t\t<img decoding=\"async\" src=\"https:\/\/spanish-cheese.com\/wp-content\/uploads\/elementor\/thumbs\/CUN\u0303A-PESTO-r82u07j6cxytusxj2c80apnnshwvk2czz5fiynbukc.png\" title=\"CUN\u0303A PESTO\" alt=\"CUN\u0303A PESTO\" loading=\"lazy\" \/>\t\t\t\t\t\t\t\t<\/a>\n\t\t\t\t\t\t\t\t\t\t\t\t\t\t\t<\/div>\n\t\t\t\t<\/div>\n\t\t\t\t<div class=\"elementor-element elementor-element-1c7b2c04 elementor-widget elementor-widget-text-editor\" data-id=\"1c7b2c04\" data-element_type=\"widget\" data-e-type=\"widget\" data-widget_type=\"text-editor.default\">\n\t\t\t\t<div class=\"elementor-widget-container\">\n\t\t\t\t\t\t\t\t\t<p style=\"font-size:17px;text-align: center;\"><strong>Cu\u00f1a<\/strong><\/p>\t\t\t\t\t\t\t\t<\/div>\n\t\t\t\t<\/div>\n\t\t\t\t\t<\/div>\n\t\t<\/div>\n\t\t\t\t<div class=\"elementor-column elementor-col-33 elementor-inner-column elementor-element elementor-element-7252fddd\" data-id=\"7252fddd\" data-element_type=\"column\" data-e-type=\"column\">\n\t\t\t<div class=\"elementor-widget-wrap elementor-element-populated\">\n\t\t\t\t\t\t<div class=\"elementor-element elementor-element-73162613 elementor-widget elementor-widget-image\" data-id=\"73162613\" data-element_type=\"widget\" data-e-type=\"widget\" data-widget_type=\"image.default\">\n\t\t\t\t<div class=\"elementor-widget-container\">\n\t\t\t\t\t\t\t\t\t\t\t\t\t\t\t\t<a href=\"https:\/\/spanish-cheese.com\/wp-content\/uploads\/2021\/06\/baby-PESTO.png\" data-elementor-open-lightbox=\"yes\" data-elementor-lightbox-title=\"baby PESTO\" data-e-action-hash=\"#elementor-action%3Aaction%3Dlightbox%26settings%3DeyJpZCI6NDU2NSwidXJsIjoiaHR0cHM6XC9cL3NwYW5pc2gtY2hlZXNlLmNvbVwvd3AtY29udGVudFwvdXBsb2Fkc1wvMjAyMVwvMDZcL2JhYnktUEVTVE8ucG5nIn0%3D\">\n\t\t\t\t\t\t\t<img decoding=\"async\" src=\"https:\/\/spanish-cheese.com\/wp-content\/uploads\/elementor\/thumbs\/baby-PESTO-r82tm9ldu417rmw8kjv1shidavl0fx9c6e9uzvc4vs.png\" title=\"baby PESTO\" alt=\"390 g\" loading=\"lazy\" \/>\t\t\t\t\t\t\t\t<\/a>\n\t\t\t\t\t\t\t\t\t\t\t\t\t\t\t<\/div>\n\t\t\t\t<\/div>\n\t\t\t\t<div class=\"elementor-element elementor-element-38f2d6be elementor-widget elementor-widget-text-editor\" data-id=\"38f2d6be\" data-element_type=\"widget\" data-e-type=\"widget\" data-widget_type=\"text-editor.default\">\n\t\t\t\t<div class=\"elementor-widget-container\">\n\t\t\t\t\t\t\t\t\t<p style=\"font-size: 17px; text-align: center;\"><strong>Baby 390 g<\/strong><\/p>\t\t\t\t\t\t\t\t<\/div>\n\t\t\t\t<\/div>\n\t\t\t\t\t<\/div>\n\t\t<\/div>\n\t\t\t\t\t<\/div>\n\t\t<\/section>\n\t\t\t\t<div class=\"elementor-element elementor-element-4afc565 elementor-widget elementor-widget-spacer\" data-id=\"4afc565\" data-element_type=\"widget\" data-e-type=\"widget\" data-widget_type=\"spacer.default\">\n\t\t\t\t<div class=\"elementor-widget-container\">\n\t\t\t\t\t\t\t<div class=\"elementor-spacer\">\n\t\t\t<div class=\"elementor-spacer-inner\"><\/div>\n\t\t<\/div>\n\t\t\t\t\t\t<\/div>\n\t\t\t\t<\/div>\n\t\t\t\t\t<\/div>\n\t\t<\/div>\n\t\t\t\t\t<\/div>\n\t\t<\/section>\n\t\t\t\t<\/div>\n\t\t","protected":false},"excerpt":{"rendered":"<p>QUESO DE OVEJA 5 MESESCON PESTO DE LA TOSCANA Queso de oveja con una curaci\u00f3n de cinco meses e inyectado con el aut\u00e9ntico pesto original de la Toscana italiana, entre cuyos ingredientes destacan la Albahaca Genovesa DO, el queso Parmesano Reggiano DO curado 30 meses,&#8230;<\/p>","protected":false},"author":1,"featured_media":0,"parent":0,"menu_order":0,"comment_status":"closed","ping_status":"closed","template":"","meta":{"footnotes":""},"class_list":["post-5952","page","type-page","status-publish","hentry"],"_links":{"self":[{"href":"https:\/\/spanish-cheese.com\/en\/wp-json\/wp\/v2\/pages\/5952","targetHints":{"allow":["GET"]}}],"collection":[{"href":"https:\/\/spanish-cheese.com\/en\/wp-json\/wp\/v2\/pages"}],"about":[{"href":"https:\/\/spanish-cheese.com\/en\/wp-json\/wp\/v2\/types\/page"}],"author":[{"embeddable":true,"href":"https:\/\/spanish-cheese.com\/en\/wp-json\/wp\/v2\/users\/1"}],"replies":[{"embeddable":true,"href":"https:\/\/spanish-cheese.com\/en\/wp-json\/wp\/v2\/comments?post=5952"}],"version-history":[{"count":0,"href":"https:\/\/spanish-cheese.com\/en\/wp-json\/wp\/v2\/pages\/5952\/revisions"}],"wp:attachment":[{"href":"https:\/\/spanish-cheese.com\/en\/wp-json\/wp\/v2\/media?parent=5952"}],"curies":[{"name":"wp","href":"https:\/\/api.w.org\/{rel}","templated":true}]}}