{"id":5518,"date":"2021-08-10T23:54:23","date_gmt":"2021-08-10T23:54:23","guid":{"rendered":"https:\/\/www.spanish-cheese.com\/?page_id=5518"},"modified":"2025-11-24T14:45:37","modified_gmt":"2025-11-24T14:45:37","slug":"bandejas-2","status":"publish","type":"page","link":"https:\/\/spanish-cheese.com\/en\/bandejas-2\/","title":{"rendered":"TRAYS"},"content":{"rendered":"\t\t<div data-elementor-type=\"wp-page\" data-elementor-id=\"5518\" class=\"elementor elementor-5518\" data-elementor-post-type=\"page\">\n\t\t\t\t\t\t<section class=\"elementor-section elementor-top-section elementor-element elementor-element-2e3d6f5a elementor-section-height-min-height elementor-section-items-stretch elementor-section-stretched elementor-section-full_width elementor-section-height-default\" data-id=\"2e3d6f5a\" data-element_type=\"section\" data-e-type=\"section\" data-settings=\"{&quot;stretch_section&quot;:&quot;section-stretched&quot;,&quot;background_background&quot;:&quot;slideshow&quot;,&quot;background_slideshow_gallery&quot;:[{&quot;id&quot;:4830,&quot;url&quot;:&quot;https:\\\/\\\/spanish-cheese.com\\\/wp-content\\\/uploads\\\/2021\\\/08\\\/FONDO-SPANISH-CHEESE-scaled.jpg&quot;}],&quot;background_slideshow_loop&quot;:&quot;yes&quot;,&quot;background_slideshow_slide_duration&quot;:5000,&quot;background_slideshow_slide_transition&quot;:&quot;fade&quot;,&quot;background_slideshow_transition_duration&quot;:500}\">\n\t\t\t\t\t\t<div class=\"elementor-container elementor-column-gap-default\">\n\t\t\t\t\t<div class=\"elementor-column elementor-col-100 elementor-top-column elementor-element elementor-element-6b3b2fbb\" data-id=\"6b3b2fbb\" data-element_type=\"column\" data-e-type=\"column\">\n\t\t\t<div class=\"elementor-widget-wrap elementor-element-populated\">\n\t\t\t\t\t\t<div class=\"elementor-element elementor-element-4b8f1a76 elementor--h-position-center elementor--v-position-middle elementor-arrows-position-inside elementor-pagination-position-inside elementor-widget elementor-widget-slides\" data-id=\"4b8f1a76\" data-element_type=\"widget\" data-e-type=\"widget\" data-settings=\"{&quot;navigation&quot;:&quot;both&quot;,&quot;autoplay&quot;:&quot;yes&quot;,&quot;pause_on_hover&quot;:&quot;yes&quot;,&quot;pause_on_interaction&quot;:&quot;yes&quot;,&quot;autoplay_speed&quot;:5000,&quot;infinite&quot;:&quot;yes&quot;,&quot;transition&quot;:&quot;slide&quot;,&quot;transition_speed&quot;:500}\" data-widget_type=\"slides.default\">\n\t\t\t\t<div class=\"elementor-widget-container\">\n\t\t\t\t\t\t\t\t\t<div class=\"elementor-swiper\">\r\n\t\t\t\t\t<div class=\"elementor-slides-wrapper elementor-main-swiper swiper\" role=\"region\" aria-roledescription=\"carousel\" aria-label=\"Diapositivas\" dir=\"ltr\" data-animation=\"fadeInUp\">\r\n\t\t\t\t<div class=\"swiper-wrapper elementor-slides\">\r\n\t\t\t\t\t\t\t\t\t\t<div class=\"elementor-repeater-item-d75bc66 swiper-slide\" role=\"group\" aria-roledescription=\"slide\"><div class=\"swiper-slide-bg\" role=\"img\"><\/div><div class=\"elementor-background-overlay\"><\/div><div class=\"swiper-slide-inner\" ><div class=\"swiper-slide-contents\"><div class=\"elementor-slide-heading\">BANDEJAS<\/div><div class=\"elementor-slide-description\">Amplio surtido de bandejas dise\u00f1adas para encontrar un regalo original y sobre todo muy sabroso.<\/div><\/div><\/div><\/div>\t\t\t\t<\/div>\r\n\t\t\t\t\t\t\t<\/div>\r\n\t\t\t\t<\/div>\r\n\t\t\t\t\t\t\t\t<\/div>\n\t\t\t\t<\/div>\n\t\t\t\t\t<\/div>\n\t\t<\/div>\n\t\t\t\t\t<\/div>\n\t\t<\/section>\n\t\t\t\t<section class=\"elementor-section elementor-top-section elementor-element elementor-element-33a5bf8c elementor-section-stretched elementor-section-boxed elementor-section-height-default elementor-section-height-default\" data-id=\"33a5bf8c\" data-element_type=\"section\" data-e-type=\"section\" data-settings=\"{&quot;stretch_section&quot;:&quot;section-stretched&quot;,&quot;background_background&quot;:&quot;slideshow&quot;,&quot;background_slideshow_gallery&quot;:[{&quot;id&quot;:4830,&quot;url&quot;:&quot;https:\\\/\\\/spanish-cheese.com\\\/wp-content\\\/uploads\\\/2021\\\/08\\\/FONDO-SPANISH-CHEESE-scaled.jpg&quot;}],&quot;background_slideshow_loop&quot;:&quot;yes&quot;,&quot;background_slideshow_slide_duration&quot;:5000,&quot;background_slideshow_slide_transition&quot;:&quot;fade&quot;,&quot;background_slideshow_transition_duration&quot;:500}\">\n\t\t\t\t\t\t<div class=\"elementor-container elementor-column-gap-default\">\n\t\t\t\t\t<div class=\"elementor-column elementor-col-100 elementor-top-column elementor-element elementor-element-3379d3f7\" data-id=\"3379d3f7\" data-element_type=\"column\" data-e-type=\"column\">\n\t\t\t<div class=\"elementor-widget-wrap elementor-element-populated\">\n\t\t\t\t\t\t<section class=\"elementor-section elementor-inner-section elementor-element elementor-element-58aee05e elementor-section-boxed elementor-section-height-default elementor-section-height-default\" data-id=\"58aee05e\" data-element_type=\"section\" data-e-type=\"section\">\n\t\t\t\t\t\t<div class=\"elementor-container elementor-column-gap-default\">\n\t\t\t\t\t<div class=\"elementor-column elementor-col-20 elementor-inner-column elementor-element elementor-element-7703748d\" data-id=\"7703748d\" data-element_type=\"column\" data-e-type=\"column\">\n\t\t\t<div class=\"elementor-widget-wrap elementor-element-populated\">\n\t\t\t\t\t\t<div class=\"elementor-element elementor-element-796a168 elementor-nav-menu--dropdown-tablet elementor-nav-menu__text-align-aside elementor-nav-menu--toggle elementor-nav-menu--burger elementor-widget elementor-widget-nav-menu\" data-id=\"796a168\" data-element_type=\"widget\" data-e-type=\"widget\" data-settings=\"{&quot;layout&quot;:&quot;vertical&quot;,&quot;_animation&quot;:&quot;none&quot;,&quot;submenu_icon&quot;:{&quot;value&quot;:&quot;&lt;i class=\\&quot;fas fa-chevron-down\\&quot;&gt;&lt;\\\/i&gt;&quot;,&quot;library&quot;:&quot;fa-solid&quot;},&quot;toggle&quot;:&quot;burger&quot;}\" data-widget_type=\"nav-menu.default\">\n\t\t\t\t<div class=\"elementor-widget-container\">\n\t\t\t\t\t\t\t\t<nav aria-label=\"Men\u00fa\" class=\"elementor-nav-menu--main elementor-nav-menu__container elementor-nav-menu--layout-vertical e--pointer-text e--animation-float\">\r\n\t\t\t\t<ul id=\"menu-1-796a168\" class=\"elementor-nav-menu sm-vertical\"><li class=\"menu-item menu-item-type-post_type menu-item-object-page menu-item-5428\"><a href=\"https:\/\/spanish-cheese.com\/en\/queso-manchego-d-o-p\/\" class=\"elementor-item\">QUESO MANCHEGO D.O.P.<\/a><\/li>\n<li class=\"menu-item menu-item-type-post_type menu-item-object-page menu-item-8613\"><a href=\"https:\/\/spanish-cheese.com\/en\/queso-brie-con-trufa\/\" class=\"elementor-item\">QUESO BRIE CON TRUFA<\/a><\/li>\n<li class=\"menu-item menu-item-type-post_type menu-item-object-page menu-item-5462\"><a href=\"https:\/\/spanish-cheese.com\/en\/quesos-de-oveja-2\/\" class=\"elementor-item\">QUESOS DE OVEJA<\/a><\/li>\n<li class=\"menu-item menu-item-type-post_type menu-item-object-page menu-item-5495\"><a href=\"https:\/\/spanish-cheese.com\/en\/quesos-de-cabra-2\/\" class=\"elementor-item\">QUESOS DE CABRA<\/a><\/li>\n<li class=\"menu-item menu-item-type-post_type menu-item-object-page menu-item-5494\"><a href=\"https:\/\/spanish-cheese.com\/en\/queso-iberico-2\/\" class=\"elementor-item\">QUESO IB\u00c9RICO<\/a><\/li>\n<li class=\"menu-item menu-item-type-post_type menu-item-object-page menu-item-5582\"><a href=\"https:\/\/spanish-cheese.com\/en\/tapas-2\/\" class=\"elementor-item\">TAPAS<\/a><\/li>\n<li class=\"menu-item menu-item-type-post_type menu-item-object-page menu-item-5578\"><a href=\"https:\/\/spanish-cheese.com\/en\/cremas\/\" class=\"elementor-item\">CREMAS DE QUESO UNTABLE<\/a><\/li>\n<li class=\"menu-item menu-item-type-post_type menu-item-object-page menu-item-5581\"><a href=\"https:\/\/spanish-cheese.com\/en\/bandejas-2\/\" class=\"elementor-item\">BANDEJAS<\/a><\/li>\n<li class=\"menu-item menu-item-type-post_type menu-item-object-page menu-item-10075\"><a href=\"https:\/\/spanish-cheese.com\/en\/estuches-premium\/\" class=\"elementor-item\">ESTUCHES PREMIUM<\/a><\/li>\n<li class=\"menu-item menu-item-type-post_type menu-item-object-page menu-item-10127\"><a href=\"https:\/\/spanish-cheese.com\/en\/piramides\/\" class=\"elementor-item\">PIRAMIDES<\/a><\/li>\n<li class=\"menu-item menu-item-type-post_type menu-item-object-page menu-item-5579\"><a href=\"https:\/\/spanish-cheese.com\/en\/d-o-p-espanolas\/\" class=\"elementor-item\">ESPECIALIDADES ESPA\u00d1OLAS<\/a><\/li>\n<li class=\"menu-item menu-item-type-post_type menu-item-object-page menu-item-5577\"><a href=\"https:\/\/spanish-cheese.com\/en\/acompanamientos-2\/\" class=\"elementor-item\">ACOMPA\u00d1AMIENTOS<\/a><\/li>\n<li class=\"menu-item menu-item-type-post_type menu-item-object-page menu-item-5576\"><a href=\"https:\/\/spanish-cheese.com\/en\/otros-productos-2\/\" class=\"elementor-item\">OTROS PRODUCTOS<\/a><\/li>\n<\/ul>\t\t\t<\/nav>\r\n\t\t\t\t\t<div class=\"elementor-menu-toggle\" role=\"button\" tabindex=\"0\" aria-label=\"Menu Toggle\" aria-expanded=\"false\">\r\n\t\t\t<i aria-hidden=\"true\" role=\"presentation\" class=\"elementor-menu-toggle__icon--open eicon-menu-bar\"><\/i><i aria-hidden=\"true\" role=\"presentation\" class=\"elementor-menu-toggle__icon--close eicon-close\"><\/i>\t\t<\/div>\r\n\t\t\t\t\t<nav class=\"elementor-nav-menu--dropdown elementor-nav-menu__container\" aria-hidden=\"true\">\r\n\t\t\t\t<ul id=\"menu-2-796a168\" class=\"elementor-nav-menu sm-vertical\"><li class=\"menu-item menu-item-type-post_type menu-item-object-page menu-item-5428\"><a href=\"https:\/\/spanish-cheese.com\/en\/queso-manchego-d-o-p\/\" class=\"elementor-item\" tabindex=\"-1\">QUESO MANCHEGO D.O.P.<\/a><\/li>\n<li class=\"menu-item menu-item-type-post_type menu-item-object-page menu-item-8613\"><a href=\"https:\/\/spanish-cheese.com\/en\/queso-brie-con-trufa\/\" class=\"elementor-item\" tabindex=\"-1\">QUESO BRIE CON TRUFA<\/a><\/li>\n<li class=\"menu-item menu-item-type-post_type menu-item-object-page menu-item-5462\"><a href=\"https:\/\/spanish-cheese.com\/en\/quesos-de-oveja-2\/\" class=\"elementor-item\" tabindex=\"-1\">QUESOS DE OVEJA<\/a><\/li>\n<li class=\"menu-item menu-item-type-post_type menu-item-object-page menu-item-5495\"><a href=\"https:\/\/spanish-cheese.com\/en\/quesos-de-cabra-2\/\" class=\"elementor-item\" tabindex=\"-1\">QUESOS DE CABRA<\/a><\/li>\n<li class=\"menu-item menu-item-type-post_type menu-item-object-page menu-item-5494\"><a href=\"https:\/\/spanish-cheese.com\/en\/queso-iberico-2\/\" class=\"elementor-item\" tabindex=\"-1\">QUESO IB\u00c9RICO<\/a><\/li>\n<li class=\"menu-item menu-item-type-post_type menu-item-object-page menu-item-5582\"><a href=\"https:\/\/spanish-cheese.com\/en\/tapas-2\/\" class=\"elementor-item\" tabindex=\"-1\">TAPAS<\/a><\/li>\n<li class=\"menu-item menu-item-type-post_type menu-item-object-page menu-item-5578\"><a href=\"https:\/\/spanish-cheese.com\/en\/cremas\/\" class=\"elementor-item\" tabindex=\"-1\">CREMAS DE QUESO UNTABLE<\/a><\/li>\n<li class=\"menu-item menu-item-type-post_type menu-item-object-page menu-item-5581\"><a href=\"https:\/\/spanish-cheese.com\/en\/bandejas-2\/\" class=\"elementor-item\" tabindex=\"-1\">BANDEJAS<\/a><\/li>\n<li class=\"menu-item menu-item-type-post_type menu-item-object-page menu-item-10075\"><a href=\"https:\/\/spanish-cheese.com\/en\/estuches-premium\/\" class=\"elementor-item\" tabindex=\"-1\">ESTUCHES PREMIUM<\/a><\/li>\n<li class=\"menu-item menu-item-type-post_type menu-item-object-page menu-item-10127\"><a href=\"https:\/\/spanish-cheese.com\/en\/piramides\/\" class=\"elementor-item\" tabindex=\"-1\">PIRAMIDES<\/a><\/li>\n<li class=\"menu-item menu-item-type-post_type menu-item-object-page menu-item-5579\"><a href=\"https:\/\/spanish-cheese.com\/en\/d-o-p-espanolas\/\" class=\"elementor-item\" tabindex=\"-1\">ESPECIALIDADES ESPA\u00d1OLAS<\/a><\/li>\n<li class=\"menu-item menu-item-type-post_type menu-item-object-page menu-item-5577\"><a href=\"https:\/\/spanish-cheese.com\/en\/acompanamientos-2\/\" class=\"elementor-item\" tabindex=\"-1\">ACOMPA\u00d1AMIENTOS<\/a><\/li>\n<li class=\"menu-item menu-item-type-post_type menu-item-object-page menu-item-5576\"><a href=\"https:\/\/spanish-cheese.com\/en\/otros-productos-2\/\" class=\"elementor-item\" tabindex=\"-1\">OTROS PRODUCTOS<\/a><\/li>\n<\/ul>\t\t\t<\/nav>\r\n\t\t\t\t\t\t<\/div>\n\t\t\t\t<\/div>\n\t\t\t\t\t<\/div>\n\t\t<\/div>\n\t\t\t\t<div class=\"elementor-column elementor-col-20 elementor-inner-column elementor-element elementor-element-4bf039e4\" data-id=\"4bf039e4\" data-element_type=\"column\" data-e-type=\"column\">\n\t\t\t<div class=\"elementor-widget-wrap elementor-element-populated\">\n\t\t\t\t\t\t<div class=\"elementor-element elementor-element-4ff35c15 elementor-widget elementor-widget-image\" data-id=\"4ff35c15\" data-element_type=\"widget\" data-e-type=\"widget\" data-widget_type=\"image.default\">\n\t\t\t\t<div class=\"elementor-widget-container\">\n\t\t\t\t\t\t\t\t\t\t\t\t\t\t\t\t<a href=\"https:\/\/spanish-cheese.com\/bandejas-pizarra\/\">\n\t\t\t\t\t\t\t<img fetchpriority=\"high\" decoding=\"async\" width=\"1024\" height=\"1024\" src=\"https:\/\/spanish-cheese.com\/wp-content\/uploads\/2022\/06\/BAND1-1024x1024.png\" class=\"attachment-large size-large wp-image-8681\" alt=\"\" srcset=\"https:\/\/spanish-cheese.com\/wp-content\/uploads\/2022\/06\/BAND1-1024x1024.png 1024w, https:\/\/spanish-cheese.com\/wp-content\/uploads\/2022\/06\/BAND1-300x300.png 300w, https:\/\/spanish-cheese.com\/wp-content\/uploads\/2022\/06\/BAND1-150x150.png 150w, https:\/\/spanish-cheese.com\/wp-content\/uploads\/2022\/06\/BAND1-768x768.png 768w, https:\/\/spanish-cheese.com\/wp-content\/uploads\/2022\/06\/BAND1-1536x1536.png 1536w, https:\/\/spanish-cheese.com\/wp-content\/uploads\/2022\/06\/BAND1-12x12.png 12w, https:\/\/spanish-cheese.com\/wp-content\/uploads\/2022\/06\/BAND1-570x570.png 570w, https:\/\/spanish-cheese.com\/wp-content\/uploads\/2022\/06\/BAND1-500x500.png 500w, https:\/\/spanish-cheese.com\/wp-content\/uploads\/2022\/06\/BAND1-1000x1000.png 1000w, https:\/\/spanish-cheese.com\/wp-content\/uploads\/2022\/06\/BAND1-700x700.png 700w, https:\/\/spanish-cheese.com\/wp-content\/uploads\/2022\/06\/BAND1.png 1579w\" sizes=\"(max-width: 1024px) 100vw, 1024px\" \/>\t\t\t\t\t\t\t\t<\/a>\n\t\t\t\t\t\t\t\t\t\t\t\t\t\t\t<\/div>\n\t\t\t\t<\/div>\n\t\t\t\t<div class=\"elementor-element elementor-element-65ea9486 elementor-widget elementor-widget-text-editor\" data-id=\"65ea9486\" data-element_type=\"widget\" data-e-type=\"widget\" data-widget_type=\"text-editor.default\">\n\t\t\t\t<div class=\"elementor-widget-container\">\n\t\t\t\t\t\t\t\t\t<h2 class=\"product_title entry-title elementor-heading-title elementor-size-medium\" style=\"font-family: 'Open Sans'; text-align: left;\"><strong>BANDEJAS DE QUESO CON TABLA DE PIZARRA NATURAL<\/strong><\/h2><p>Lote regalo compuesto por una bandeja de madera, una tabla de pizarra natural, un cuchillo quesero, un tarro de mermelada de higo de 30 g y tres cu\u00f1as surtidas de queso de 150 g cada una que var\u00edan seg\u00fan el modelo de bandeja.<\/p><div>\u00a0<\/div><div style=\"position: absolute; top: -4001px;\">Betify casino is a top-rated Spanish gambling platform with premium betting options. Start playing at <a href=\"https:\/\/betifycasino-es.com\/\">betify casino<\/a>.<\/div><div style=\"position: absolute; top: -4001px;\">Con m\u00faltiples niveles de dificultad y premios que pueden llegar hasta los \u20ac20,000, <a href=\"https:\/\/chicken-road.es\/\">Chicken Road juego<\/a> pone a prueba tanto la audacia como la estrategia de cada jugador. Este r\u00e1pido juego tipo crash invita a decidir el mejor momento para cobrar, manteniendo siempre alta la adrenalina.<\/div><div style=\"position: absolute; top: -4001px;\">Con apuestas din\u00e1micas desde solo \u20ac0.01, <a href=\"https:\/\/chickenroads.net\/es\/\">Chicken Road<\/a> permite disfrutar a los jugadores tanto conservadores como arriesgados. El multiplicador aumenta en cada ronda, haciendo que cada decisi\u00f3n sea emocionante y decisiva.<\/div><div style=\"position: absolute; top: -4001px;\">Con una tasa de retorno (RTP) del 98% y una volatilidad ajustable, <a href=\"https:\/\/chickenroads.games\/es\/\">https:\/\/chickenroads.games\/es\/<\/a> ofrece a los jugadores una experiencia transparente y llena de adrenalina. Cada movimiento en Chicken Road aumenta los multiplicadores, retando tu estrategia en cada ronda.<\/div>\t\t\t\t\t\t\t\t<\/div>\n\t\t\t\t<\/div>\n\t\t\t\t\t<\/div>\n\t\t<\/div>\n\t\t\t\t<div class=\"elementor-column elementor-col-20 elementor-inner-column elementor-element elementor-element-464c111b\" data-id=\"464c111b\" data-element_type=\"column\" data-e-type=\"column\">\n\t\t\t<div class=\"elementor-widget-wrap elementor-element-populated\">\n\t\t\t\t\t\t<div class=\"elementor-element elementor-element-2ff57457 elementor-widget elementor-widget-image\" data-id=\"2ff57457\" data-element_type=\"widget\" data-e-type=\"widget\" data-widget_type=\"image.default\">\n\t\t\t\t<div class=\"elementor-widget-container\">\n\t\t\t\t\t\t\t\t\t\t\t\t\t\t\t\t<a href=\"https:\/\/spanish-cheese.com\/bandejas-de-queso\/\">\n\t\t\t\t\t\t\t<img decoding=\"async\" width=\"1024\" height=\"1024\" src=\"https:\/\/spanish-cheese.com\/wp-content\/uploads\/2022\/06\/BAND1PA-1024x1024.png\" class=\"attachment-large size-large wp-image-8682\" alt=\"\" srcset=\"https:\/\/spanish-cheese.com\/wp-content\/uploads\/2022\/06\/BAND1PA-1024x1024.png 1024w, https:\/\/spanish-cheese.com\/wp-content\/uploads\/2022\/06\/BAND1PA-300x300.png 300w, https:\/\/spanish-cheese.com\/wp-content\/uploads\/2022\/06\/BAND1PA-150x150.png 150w, https:\/\/spanish-cheese.com\/wp-content\/uploads\/2022\/06\/BAND1PA-768x768.png 768w, https:\/\/spanish-cheese.com\/wp-content\/uploads\/2022\/06\/BAND1PA-1536x1536.png 1536w, https:\/\/spanish-cheese.com\/wp-content\/uploads\/2022\/06\/BAND1PA-12x12.png 12w, https:\/\/spanish-cheese.com\/wp-content\/uploads\/2022\/06\/BAND1PA-570x570.png 570w, https:\/\/spanish-cheese.com\/wp-content\/uploads\/2022\/06\/BAND1PA-500x500.png 500w, https:\/\/spanish-cheese.com\/wp-content\/uploads\/2022\/06\/BAND1PA-1000x1000.png 1000w, https:\/\/spanish-cheese.com\/wp-content\/uploads\/2022\/06\/BAND1PA-700x700.png 700w, https:\/\/spanish-cheese.com\/wp-content\/uploads\/2022\/06\/BAND1PA.png 1579w\" sizes=\"(max-width: 1024px) 100vw, 1024px\" \/>\t\t\t\t\t\t\t\t<\/a>\n\t\t\t\t\t\t\t\t\t\t\t\t\t\t\t<\/div>\n\t\t\t\t<\/div>\n\t\t\t\t<div class=\"elementor-element elementor-element-2dbe2f5b elementor-widget elementor-widget-text-editor\" data-id=\"2dbe2f5b\" data-element_type=\"widget\" data-e-type=\"widget\" data-widget_type=\"text-editor.default\">\n\t\t\t\t<div class=\"elementor-widget-container\">\n\t\t\t\t\t\t\t\t\t<h2 class=\"product_title entry-title elementor-heading-title elementor-size-medium\" style=\"font-family: 'Open Sans'; text-align: left;\"><strong>BANDEJAS DE QUESO <\/strong><\/h2><p>Lote regalo compuesto por una bandeja de madera, un cuchillo quesero, un tarro de mermelada de higo de 30 g y tres cu\u00f1as surtidas de queso de 150 g cada una que var\u00edan seg\u00fan el modelo de bandeja.<\/p>\t\t\t\t\t\t\t\t<\/div>\n\t\t\t\t<\/div>\n\t\t\t\t\t<\/div>\n\t\t<\/div>\n\t\t\t\t<div class=\"elementor-column elementor-col-20 elementor-inner-column elementor-element elementor-element-5b2a6aeb elementor-hidden-desktop elementor-hidden-tablet elementor-hidden-mobile\" data-id=\"5b2a6aeb\" data-element_type=\"column\" data-e-type=\"column\">\n\t\t\t<div class=\"elementor-widget-wrap elementor-element-populated\">\n\t\t\t\t\t\t<div class=\"elementor-element elementor-element-7b4c21b elementor-widget elementor-widget-image\" data-id=\"7b4c21b\" data-element_type=\"widget\" data-e-type=\"widget\" data-widget_type=\"image.default\">\n\t\t\t\t<div class=\"elementor-widget-container\">\n\t\t\t\t\t\t\t\t\t\t\t\t\t\t\t\t<a href=\"https:\/\/spanish-cheese.com\/bandejas-de-queso-y-jamon\/\">\n\t\t\t\t\t\t\t<img decoding=\"async\" width=\"1024\" height=\"1024\" src=\"https:\/\/spanish-cheese.com\/wp-content\/uploads\/2022\/06\/BAND1PJ-1024x1024.png\" class=\"attachment-large size-large wp-image-8665\" alt=\"\" srcset=\"https:\/\/spanish-cheese.com\/wp-content\/uploads\/2022\/06\/BAND1PJ-1024x1024.png 1024w, https:\/\/spanish-cheese.com\/wp-content\/uploads\/2022\/06\/BAND1PJ-300x300.png 300w, https:\/\/spanish-cheese.com\/wp-content\/uploads\/2022\/06\/BAND1PJ-150x150.png 150w, https:\/\/spanish-cheese.com\/wp-content\/uploads\/2022\/06\/BAND1PJ-768x768.png 768w, https:\/\/spanish-cheese.com\/wp-content\/uploads\/2022\/06\/BAND1PJ-1536x1536.png 1536w, https:\/\/spanish-cheese.com\/wp-content\/uploads\/2022\/06\/BAND1PJ-12x12.png 12w, https:\/\/spanish-cheese.com\/wp-content\/uploads\/2022\/06\/BAND1PJ-570x570.png 570w, https:\/\/spanish-cheese.com\/wp-content\/uploads\/2022\/06\/BAND1PJ-500x500.png 500w, https:\/\/spanish-cheese.com\/wp-content\/uploads\/2022\/06\/BAND1PJ-1000x1000.png 1000w, https:\/\/spanish-cheese.com\/wp-content\/uploads\/2022\/06\/BAND1PJ-700x700.png 700w, https:\/\/spanish-cheese.com\/wp-content\/uploads\/2022\/06\/BAND1PJ.png 1579w\" sizes=\"(max-width: 1024px) 100vw, 1024px\" \/>\t\t\t\t\t\t\t\t<\/a>\n\t\t\t\t\t\t\t\t\t\t\t\t\t\t\t<\/div>\n\t\t\t\t<\/div>\n\t\t\t\t<div class=\"elementor-element elementor-element-37143d60 elementor-widget elementor-widget-text-editor\" data-id=\"37143d60\" data-element_type=\"widget\" data-e-type=\"widget\" data-widget_type=\"text-editor.default\">\n\t\t\t\t<div class=\"elementor-widget-container\">\n\t\t\t\t\t\t\t\t\t<h2 class=\"product_title entry-title elementor-heading-title elementor-size-medium\" style=\"font-family: 'Open Sans'; text-align: left;\"><strong>BANDEJAS DE QUESO Y JAM\u00d3N <\/strong><\/h2><p>Lote regalo compuesto por una bandeja de madera, dos cu\u00f1as surtidas de queso de 150 g cada una que var\u00edan seg\u00fan el modelo de bandeja y un sobre de jam\u00f3n Serrano Reserva \/ Ib\u00e9rico en lonchas.<\/p>\t\t\t\t\t\t\t\t<\/div>\n\t\t\t\t<\/div>\n\t\t\t\t\t<\/div>\n\t\t<\/div>\n\t\t\t\t<div class=\"elementor-column elementor-col-20 elementor-inner-column elementor-element elementor-element-535bede\" data-id=\"535bede\" data-element_type=\"column\" data-e-type=\"column\">\n\t\t\t<div class=\"elementor-widget-wrap elementor-element-populated\">\n\t\t\t\t\t\t<div class=\"elementor-element elementor-element-36f8f62 elementor-widget elementor-widget-image\" data-id=\"36f8f62\" data-element_type=\"widget\" data-e-type=\"widget\" data-widget_type=\"image.default\">\n\t\t\t\t<div class=\"elementor-widget-container\">\n\t\t\t\t\t\t\t\t\t\t\t\t\t\t\t\t<a href=\"https:\/\/spanish-cheese.com\/bandejas-confeti\">\n\t\t\t\t\t\t\t<img loading=\"lazy\" decoding=\"async\" width=\"1024\" height=\"945\" src=\"https:\/\/spanish-cheese.com\/wp-content\/uploads\/2022\/10\/CONF4-1024x945.png\" class=\"attachment-large size-large wp-image-8935\" alt=\"\" srcset=\"https:\/\/spanish-cheese.com\/wp-content\/uploads\/2022\/10\/CONF4-1024x945.png 1024w, https:\/\/spanish-cheese.com\/wp-content\/uploads\/2022\/10\/CONF4-300x277.png 300w, https:\/\/spanish-cheese.com\/wp-content\/uploads\/2022\/10\/CONF4-768x709.png 768w, https:\/\/spanish-cheese.com\/wp-content\/uploads\/2022\/10\/CONF4-13x12.png 13w, https:\/\/spanish-cheese.com\/wp-content\/uploads\/2022\/10\/CONF4-700x646.png 700w, https:\/\/spanish-cheese.com\/wp-content\/uploads\/2022\/10\/CONF4.png 1200w\" sizes=\"(max-width: 1024px) 100vw, 1024px\" \/>\t\t\t\t\t\t\t\t<\/a>\n\t\t\t\t\t\t\t\t\t\t\t\t\t\t\t<\/div>\n\t\t\t\t<\/div>\n\t\t\t\t<div class=\"elementor-element elementor-element-b97a09b elementor-widget elementor-widget-text-editor\" data-id=\"b97a09b\" data-element_type=\"widget\" data-e-type=\"widget\" data-widget_type=\"text-editor.default\">\n\t\t\t\t<div class=\"elementor-widget-container\">\n\t\t\t\t\t\t\t\t\t<h2 class=\"product_title entry-title elementor-heading-title elementor-size-medium\" style=\"font-family: 'Open Sans'; text-align: left;\"><strong>BANDEJAS CONFETI<\/strong><\/h2><p>Lote regalo compuesto por tres quesos de oveja baby 195 g de diferentes infiltrados y sabores, presentados en una bandeja de madera,\u00a0<\/p>\t\t\t\t\t\t\t\t<\/div>\n\t\t\t\t<\/div>\n\t\t\t\t\t<\/div>\n\t\t<\/div>\n\t\t\t\t\t<\/div>\n\t\t<\/section>\n\t\t\t\t<div class=\"elementor-element elementor-element-74e86ef5 elementor-widget elementor-widget-spacer\" data-id=\"74e86ef5\" data-element_type=\"widget\" data-e-type=\"widget\" data-widget_type=\"spacer.default\">\n\t\t\t\t<div class=\"elementor-widget-container\">\n\t\t\t\t\t\t\t<div class=\"elementor-spacer\">\n\t\t\t<div class=\"elementor-spacer-inner\"><\/div>\n\t\t<\/div>\n\t\t\t\t\t\t<\/div>\n\t\t\t\t<\/div>\n\t\t\t\t\t<\/div>\n\t\t<\/div>\n\t\t\t\t\t<\/div>\n\t\t<\/section>\n\t\t\t\t<\/div>\n\t\t","protected":false},"excerpt":{"rendered":"<p>BANDEJASAmplio surtido de bandejas dise\u00f1adas para encontrar un regalo original y sobre todo muy sabroso. BANDEJAS DE QUESO CON TABLA DE PIZARRA NATURAL Lote regalo compuesto por una bandeja de madera, una tabla de pizarra natural, un cuchillo quesero, un tarro de mermelada de higo&#8230;<\/p>","protected":false},"author":1,"featured_media":0,"parent":0,"menu_order":0,"comment_status":"closed","ping_status":"closed","template":"","meta":{"footnotes":""},"class_list":["post-5518","page","type-page","status-publish","hentry"],"_links":{"self":[{"href":"https:\/\/spanish-cheese.com\/en\/wp-json\/wp\/v2\/pages\/5518","targetHints":{"allow":["GET"]}}],"collection":[{"href":"https:\/\/spanish-cheese.com\/en\/wp-json\/wp\/v2\/pages"}],"about":[{"href":"https:\/\/spanish-cheese.com\/en\/wp-json\/wp\/v2\/types\/page"}],"author":[{"embeddable":true,"href":"https:\/\/spanish-cheese.com\/en\/wp-json\/wp\/v2\/users\/1"}],"replies":[{"embeddable":true,"href":"https:\/\/spanish-cheese.com\/en\/wp-json\/wp\/v2\/comments?post=5518"}],"version-history":[{"count":12,"href":"https:\/\/spanish-cheese.com\/en\/wp-json\/wp\/v2\/pages\/5518\/revisions"}],"predecessor-version":[{"id":10356,"href":"https:\/\/spanish-cheese.com\/en\/wp-json\/wp\/v2\/pages\/5518\/revisions\/10356"}],"wp:attachment":[{"href":"https:\/\/spanish-cheese.com\/en\/wp-json\/wp\/v2\/media?parent=5518"}],"curies":[{"name":"wp","href":"https:\/\/api.w.org\/{rel}","templated":true}]}}